{"id":23844,"date":"2023-11-14T08:01:33","date_gmt":"2023-11-14T08:01:33","guid":{"rendered":"https:\/\/espanola.lt\/?post_type=product&#038;p=23844"},"modified":"2025-11-26T08:38:51","modified_gmt":"2025-11-26T08:38:51","slug":"io-ypac-tyras-alyvuogiu-aliejus-su-d-limonenu-ir-juodaisiais-pipirais-250-ml","status":"publish","type":"product","link":"https:\/\/espanola.lt\/en\/produktas\/io-ypac-tyras-alyvuogiu-aliejus-su-d-limonenu-ir-juodaisiais-pipirais-250-ml\/","title":{"rendered":"\u201eIO\u201d YPA\u010c TYRAS ALYVUOGI\u0172 ALIEJUS SU D-LIMONENU IR JUODAISIAIS PIPIRAIS \u2013 250 ML"},"content":{"rendered":"<p>\u012esivaizduokite, kad susilieja aliejaus tekst\u016bra, citrusinis \u0161vie\u017eiai spaustos citrinos poj\u016btis ir intensyvus juod\u0173j\u0173 pipir\u0173 skonis.<\/p>\n<p>M\u016bs\u0173 aliejus su D-limonenu ir juodaisiais pipirais pa\u017eadina j\u016bs\u0173 skonio ir kvapo poj\u016b\u010dius.<\/p>\n<p>Susikoncentruokite \u012f jo skon\u012f ir pamir\u0161kite apie visa kita.<\/p>\n<p>Tai pad\u0117s suma\u017einti kasdien\u012f nerim\u0105 ir stres\u0105, d\u0117l \u200b\u200bantidepresini\u0173 D-limoneno savybi\u0173.<\/p>\n<p>Bet k\u0105 suteikia juodieji pipirai?<\/p>\n<p>Skonis ir daug daugiau.<\/p>\n<p>Pipirai turi antibakterini\u0173 diuretik\u0173 ir imunin\u0119 sistem\u0105 apsaugan\u010di\u0173 savybi\u0173. Be to, jame yra b\u016btin\u0173 mineral\u0173 ir daug vitamin\u0173.<\/p>\n<p>Tai puikus aliejus \u00a0kuris privalo b\u016bti naudojamas J\u016bs\u0173 patiekaluose, nes pagerina jo skon\u012f ir maistines savybes.<\/p>\n<p>Pails\u0117kite nuo kasdieninio \u0161urmulio! Raskite t\u0105 ramyb\u0117s ir r\u016bpinimosi savimi akimirk\u0105!<\/p>\n","protected":false},"excerpt":{"rendered":"<p>\u012esivaizduokite, kad susilieja aliejaus tekst\u016bra, citrusinis \u0161vie\u017eiai spaustos citrinos poj\u016btis ir intensyvus juod\u0173j\u0173 pipir\u0173 skonis. M\u016bs\u0173 aliejus su D-limonenu ir juodaisiais pipirais pa\u017eadina j\u016bs\u0173 skonio ir kvapo poj\u016b\u010dius. Susikoncentruokite \u012f jo skon\u012f ir pamir\u0161kite apie visa kita. Tai pad\u0117s suma\u017einti kasdien\u012f nerim\u0105 ir stres\u0105, d\u0117l \u200b\u200bantidepresini\u0173 D-limoneno savybi\u0173. Bet k\u0105 suteikia juodieji pipirai? Skonis ir daug daugiau. Pipirai turi antibakterini\u0173 diuretik\u0173 ir imunin\u0119 sistem\u0105 apsaugan\u010di\u0173 savybi\u0173. Be to, jame yra b\u016btin\u0173 mineral\u0173 ir daug vitamin\u0173. Tai puikus aliejus \u00a0kuris privalo b\u016bti naudojamas J\u016bs\u0173 patiekaluose, nes pagerina jo skon\u012f ir maistines savybes. Pails\u0117kite nuo kasdieninio \u0161urmulio! Raskite t\u0105 ramyb\u0117s ir r\u016bpinimosi savimi akimirk\u0105!<\/p>\n","protected":false},"featured_media":23846,"template":"","meta":[],"product_brand":[],"product_cat":[115,132],"product_tag":[],"class_list":{"0":"post-23844","1":"product","2":"type-product","3":"status-publish","4":"has-post-thumbnail","6":"product_cat-aliejus","7":"product_cat-akcijoos","9":"first","10":"instock","11":"sale","12":"shipping-taxable","13":"purchasable","14":"product-type-simple"},"yoast_head":"<!-- This site is optimized with the Yoast SEO plugin v23.7 - https:\/\/yoast.com\/wordpress\/plugins\/seo\/ -->\n<title>\u201eIO\u201d YPA\u010c TYRAS ALYVUOGI\u0172 ALIEJUS SU D-LIMONENU IR JUODAISIAIS PIPIRAIS \u2013 250 ML | Espanola.lt<\/title>\n<meta name=\"description\" content=\"Atraskite auk\u0161tos kokyb\u0117s ispani\u0161kus delikatesus \u2013 s\u016brius, kumpius, alyvuoges ir \u017euv\u012f. Tikras Ispanijos skonis tiesiai \u012f j\u016bs\u0173 namus.\" \/>\n<meta name=\"robots\" content=\"index, follow, max-snippet:-1, max-image-preview:large, max-video-preview:-1\" \/>\n<link rel=\"canonical\" href=\"https:\/\/espanola.lt\/produktas\/io-ypac-tyras-alyvuogiu-aliejus-su-d-limonenu-ir-juodaisiais-pipirais-250-ml\/\" \/>\n<meta property=\"og:locale\" content=\"en_US\" \/>\n<meta property=\"og:type\" content=\"article\" \/>\n<meta property=\"og:title\" content=\"\u201eIO\u201d YPA\u010c TYRAS ALYVUOGI\u0172 ALIEJUS SU D-LIMONENU IR JUODAISIAIS PIPIRAIS \u2013 250 ML | Espanola.lt\" \/>\n<meta property=\"og:description\" content=\"Atraskite auk\u0161tos kokyb\u0117s ispani\u0161kus delikatesus \u2013 s\u016brius, kumpius, alyvuoges ir \u017euv\u012f. Tikras Ispanijos skonis tiesiai \u012f j\u016bs\u0173 namus.\" \/>\n<meta property=\"og:url\" content=\"https:\/\/espanola.lt\/produktas\/io-ypac-tyras-alyvuogiu-aliejus-su-d-limonenu-ir-juodaisiais-pipirais-250-ml\/\" \/>\n<meta property=\"og:site_name\" content=\"Espanola\" \/>\n<meta property=\"article:publisher\" content=\"https:\/\/www.facebook.com\/espanola.lt\" \/>\n<meta property=\"article:modified_time\" content=\"2025-11-26T08:38:51+00:00\" \/>\n<meta property=\"og:image\" content=\"https:\/\/espanola.lt\/wp-content\/uploads\/2023\/11\/Screenshot-2023-11-14-094759.jpg\" \/>\n\t<meta property=\"og:image:width\" content=\"496\" \/>\n\t<meta property=\"og:image:height\" content=\"615\" \/>\n\t<meta property=\"og:image:type\" content=\"image\/jpeg\" \/>\n<meta name=\"twitter:card\" content=\"summary_large_image\" \/>\n<meta name=\"twitter:label1\" content=\"Est. reading time\" \/>\n\t<meta name=\"twitter:data1\" content=\"1 minute\" \/>\n<script type=\"application\/ld+json\" class=\"yoast-schema-graph\">{\"@context\":\"https:\/\/schema.org\",\"@graph\":[{\"@type\":\"WebPage\",\"@id\":\"https:\/\/espanola.lt\/produktas\/io-ypac-tyras-alyvuogiu-aliejus-su-d-limonenu-ir-juodaisiais-pipirais-250-ml\/\",\"url\":\"https:\/\/espanola.lt\/produktas\/io-ypac-tyras-alyvuogiu-aliejus-su-d-limonenu-ir-juodaisiais-pipirais-250-ml\/\",\"name\":\"\u201eIO\u201d YPA\u010c TYRAS ALYVUOGI\u0172 ALIEJUS SU D-LIMONENU IR JUODAISIAIS PIPIRAIS \u2013 250 ML | Espanola.lt\",\"isPartOf\":{\"@id\":\"https:\/\/espanola.lt\/#website\"},\"primaryImageOfPage\":{\"@id\":\"https:\/\/espanola.lt\/produktas\/io-ypac-tyras-alyvuogiu-aliejus-su-d-limonenu-ir-juodaisiais-pipirais-250-ml\/#primaryimage\"},\"image\":{\"@id\":\"https:\/\/espanola.lt\/produktas\/io-ypac-tyras-alyvuogiu-aliejus-su-d-limonenu-ir-juodaisiais-pipirais-250-ml\/#primaryimage\"},\"thumbnailUrl\":\"https:\/\/espanola.lt\/wp-content\/uploads\/2023\/11\/Screenshot-2023-11-14-094759.jpg\",\"datePublished\":\"2023-11-14T08:01:33+00:00\",\"dateModified\":\"2025-11-26T08:38:51+00:00\",\"description\":\"Atraskite auk\u0161tos kokyb\u0117s ispani\u0161kus delikatesus \u2013 s\u016brius, kumpius, alyvuoges ir \u017euv\u012f. Tikras Ispanijos skonis tiesiai \u012f j\u016bs\u0173 namus.\",\"breadcrumb\":{\"@id\":\"https:\/\/espanola.lt\/produktas\/io-ypac-tyras-alyvuogiu-aliejus-su-d-limonenu-ir-juodaisiais-pipirais-250-ml\/#breadcrumb\"},\"inLanguage\":\"en-US\",\"potentialAction\":[{\"@type\":\"ReadAction\",\"target\":[\"https:\/\/espanola.lt\/produktas\/io-ypac-tyras-alyvuogiu-aliejus-su-d-limonenu-ir-juodaisiais-pipirais-250-ml\/\"]}]},{\"@type\":\"ImageObject\",\"inLanguage\":\"en-US\",\"@id\":\"https:\/\/espanola.lt\/produktas\/io-ypac-tyras-alyvuogiu-aliejus-su-d-limonenu-ir-juodaisiais-pipirais-250-ml\/#primaryimage\",\"url\":\"https:\/\/espanola.lt\/wp-content\/uploads\/2023\/11\/Screenshot-2023-11-14-094759.jpg\",\"contentUrl\":\"https:\/\/espanola.lt\/wp-content\/uploads\/2023\/11\/Screenshot-2023-11-14-094759.jpg\",\"width\":496,\"height\":615},{\"@type\":\"BreadcrumbList\",\"@id\":\"https:\/\/espanola.lt\/produktas\/io-ypac-tyras-alyvuogiu-aliejus-su-d-limonenu-ir-juodaisiais-pipirais-250-ml\/#breadcrumb\",\"itemListElement\":[{\"@type\":\"ListItem\",\"position\":1,\"name\":\"Home\",\"item\":\"https:\/\/espanola.lt\/en\/homepage\/\"},{\"@type\":\"ListItem\",\"position\":2,\"name\":\"Shop\",\"item\":\"https:\/\/espanola.lt\/en\/shop\/\"},{\"@type\":\"ListItem\",\"position\":3,\"name\":\"\u201eIO\u201d YPA\u010c TYRAS ALYVUOGI\u0172 ALIEJUS SU D-LIMONENU IR JUODAISIAIS PIPIRAIS \u2013 250 ML\"}]},{\"@type\":\"WebSite\",\"@id\":\"https:\/\/espanola.lt\/#website\",\"url\":\"https:\/\/espanola.lt\/\",\"name\":\"Espanola.lt | Tikras Ispanijos skonis \u2013 J\u016bs\u0173 namuose!\",\"description\":\"\",\"publisher\":{\"@id\":\"https:\/\/espanola.lt\/#organization\"},\"potentialAction\":[{\"@type\":\"SearchAction\",\"target\":{\"@type\":\"EntryPoint\",\"urlTemplate\":\"https:\/\/espanola.lt\/?s={search_term_string}\"},\"query-input\":{\"@type\":\"PropertyValueSpecification\",\"valueRequired\":true,\"valueName\":\"search_term_string\"}}],\"inLanguage\":\"en-US\"},{\"@type\":\"Organization\",\"@id\":\"https:\/\/espanola.lt\/#organization\",\"name\":\"Espanola.lt\",\"url\":\"https:\/\/espanola.lt\/\",\"logo\":{\"@type\":\"ImageObject\",\"inLanguage\":\"en-US\",\"@id\":\"https:\/\/espanola.lt\/#\/schema\/logo\/image\/\",\"url\":\"https:\/\/espanola.lt\/wp-content\/uploads\/2023\/03\/notext_color.png\",\"contentUrl\":\"https:\/\/espanola.lt\/wp-content\/uploads\/2023\/03\/notext_color.png\",\"width\":916,\"height\":204,\"caption\":\"Espanola.lt\"},\"image\":{\"@id\":\"https:\/\/espanola.lt\/#\/schema\/logo\/image\/\"},\"sameAs\":[\"https:\/\/www.facebook.com\/espanola.lt\",\"https:\/\/www.instagram.com\/espanola.lt\/\"]}]}<\/script>\n<!-- \/ Yoast SEO plugin. -->","yoast_head_json":{"title":"\u201eIO\u201d YPA\u010c TYRAS ALYVUOGI\u0172 ALIEJUS SU D-LIMONENU IR JUODAISIAIS PIPIRAIS \u2013 250 ML | Espanola.lt","description":"Atraskite auk\u0161tos kokyb\u0117s ispani\u0161kus delikatesus \u2013 s\u016brius, kumpius, alyvuoges ir \u017euv\u012f. Tikras Ispanijos skonis tiesiai \u012f j\u016bs\u0173 namus.","robots":{"index":"index","follow":"follow","max-snippet":"max-snippet:-1","max-image-preview":"max-image-preview:large","max-video-preview":"max-video-preview:-1"},"canonical":"https:\/\/espanola.lt\/produktas\/io-ypac-tyras-alyvuogiu-aliejus-su-d-limonenu-ir-juodaisiais-pipirais-250-ml\/","og_locale":"en_US","og_type":"article","og_title":"\u201eIO\u201d YPA\u010c TYRAS ALYVUOGI\u0172 ALIEJUS SU D-LIMONENU IR JUODAISIAIS PIPIRAIS \u2013 250 ML | Espanola.lt","og_description":"Atraskite auk\u0161tos kokyb\u0117s ispani\u0161kus delikatesus \u2013 s\u016brius, kumpius, alyvuoges ir \u017euv\u012f. Tikras Ispanijos skonis tiesiai \u012f j\u016bs\u0173 namus.","og_url":"https:\/\/espanola.lt\/produktas\/io-ypac-tyras-alyvuogiu-aliejus-su-d-limonenu-ir-juodaisiais-pipirais-250-ml\/","og_site_name":"Espanola","article_publisher":"https:\/\/www.facebook.com\/espanola.lt","article_modified_time":"2025-11-26T08:38:51+00:00","og_image":[{"width":496,"height":615,"url":"https:\/\/espanola.lt\/wp-content\/uploads\/2023\/11\/Screenshot-2023-11-14-094759.jpg","type":"image\/jpeg"}],"twitter_card":"summary_large_image","twitter_misc":{"Est. reading time":"1 minute"},"schema":{"@context":"https:\/\/schema.org","@graph":[{"@type":"WebPage","@id":"https:\/\/espanola.lt\/produktas\/io-ypac-tyras-alyvuogiu-aliejus-su-d-limonenu-ir-juodaisiais-pipirais-250-ml\/","url":"https:\/\/espanola.lt\/produktas\/io-ypac-tyras-alyvuogiu-aliejus-su-d-limonenu-ir-juodaisiais-pipirais-250-ml\/","name":"\u201eIO\u201d YPA\u010c TYRAS ALYVUOGI\u0172 ALIEJUS SU D-LIMONENU IR JUODAISIAIS PIPIRAIS \u2013 250 ML | Espanola.lt","isPartOf":{"@id":"https:\/\/espanola.lt\/#website"},"primaryImageOfPage":{"@id":"https:\/\/espanola.lt\/produktas\/io-ypac-tyras-alyvuogiu-aliejus-su-d-limonenu-ir-juodaisiais-pipirais-250-ml\/#primaryimage"},"image":{"@id":"https:\/\/espanola.lt\/produktas\/io-ypac-tyras-alyvuogiu-aliejus-su-d-limonenu-ir-juodaisiais-pipirais-250-ml\/#primaryimage"},"thumbnailUrl":"https:\/\/espanola.lt\/wp-content\/uploads\/2023\/11\/Screenshot-2023-11-14-094759.jpg","datePublished":"2023-11-14T08:01:33+00:00","dateModified":"2025-11-26T08:38:51+00:00","description":"Atraskite auk\u0161tos kokyb\u0117s ispani\u0161kus delikatesus \u2013 s\u016brius, kumpius, alyvuoges ir \u017euv\u012f. Tikras Ispanijos skonis tiesiai \u012f j\u016bs\u0173 namus.","breadcrumb":{"@id":"https:\/\/espanola.lt\/produktas\/io-ypac-tyras-alyvuogiu-aliejus-su-d-limonenu-ir-juodaisiais-pipirais-250-ml\/#breadcrumb"},"inLanguage":"en-US","potentialAction":[{"@type":"ReadAction","target":["https:\/\/espanola.lt\/produktas\/io-ypac-tyras-alyvuogiu-aliejus-su-d-limonenu-ir-juodaisiais-pipirais-250-ml\/"]}]},{"@type":"ImageObject","inLanguage":"en-US","@id":"https:\/\/espanola.lt\/produktas\/io-ypac-tyras-alyvuogiu-aliejus-su-d-limonenu-ir-juodaisiais-pipirais-250-ml\/#primaryimage","url":"https:\/\/espanola.lt\/wp-content\/uploads\/2023\/11\/Screenshot-2023-11-14-094759.jpg","contentUrl":"https:\/\/espanola.lt\/wp-content\/uploads\/2023\/11\/Screenshot-2023-11-14-094759.jpg","width":496,"height":615},{"@type":"BreadcrumbList","@id":"https:\/\/espanola.lt\/produktas\/io-ypac-tyras-alyvuogiu-aliejus-su-d-limonenu-ir-juodaisiais-pipirais-250-ml\/#breadcrumb","itemListElement":[{"@type":"ListItem","position":1,"name":"Home","item":"https:\/\/espanola.lt\/en\/homepage\/"},{"@type":"ListItem","position":2,"name":"Shop","item":"https:\/\/espanola.lt\/en\/shop\/"},{"@type":"ListItem","position":3,"name":"\u201eIO\u201d YPA\u010c TYRAS ALYVUOGI\u0172 ALIEJUS SU D-LIMONENU IR JUODAISIAIS PIPIRAIS \u2013 250 ML"}]},{"@type":"WebSite","@id":"https:\/\/espanola.lt\/#website","url":"https:\/\/espanola.lt\/","name":"Espanola.lt | Tikras Ispanijos skonis \u2013 J\u016bs\u0173 namuose!","description":"","publisher":{"@id":"https:\/\/espanola.lt\/#organization"},"potentialAction":[{"@type":"SearchAction","target":{"@type":"EntryPoint","urlTemplate":"https:\/\/espanola.lt\/?s={search_term_string}"},"query-input":{"@type":"PropertyValueSpecification","valueRequired":true,"valueName":"search_term_string"}}],"inLanguage":"en-US"},{"@type":"Organization","@id":"https:\/\/espanola.lt\/#organization","name":"Espanola.lt","url":"https:\/\/espanola.lt\/","logo":{"@type":"ImageObject","inLanguage":"en-US","@id":"https:\/\/espanola.lt\/#\/schema\/logo\/image\/","url":"https:\/\/espanola.lt\/wp-content\/uploads\/2023\/03\/notext_color.png","contentUrl":"https:\/\/espanola.lt\/wp-content\/uploads\/2023\/03\/notext_color.png","width":916,"height":204,"caption":"Espanola.lt"},"image":{"@id":"https:\/\/espanola.lt\/#\/schema\/logo\/image\/"},"sameAs":["https:\/\/www.facebook.com\/espanola.lt","https:\/\/www.instagram.com\/espanola.lt\/"]}]}},"_links":{"self":[{"href":"https:\/\/espanola.lt\/en\/wp-json\/wp\/v2\/product\/23844"}],"collection":[{"href":"https:\/\/espanola.lt\/en\/wp-json\/wp\/v2\/product"}],"about":[{"href":"https:\/\/espanola.lt\/en\/wp-json\/wp\/v2\/types\/product"}],"version-history":[{"count":1,"href":"https:\/\/espanola.lt\/en\/wp-json\/wp\/v2\/product\/23844\/revisions"}],"predecessor-version":[{"id":23852,"href":"https:\/\/espanola.lt\/en\/wp-json\/wp\/v2\/product\/23844\/revisions\/23852"}],"wp:featuredmedia":[{"embeddable":true,"href":"https:\/\/espanola.lt\/en\/wp-json\/wp\/v2\/media\/23846"}],"wp:attachment":[{"href":"https:\/\/espanola.lt\/en\/wp-json\/wp\/v2\/media?parent=23844"}],"wp:term":[{"taxonomy":"product_brand","embeddable":true,"href":"https:\/\/espanola.lt\/en\/wp-json\/wp\/v2\/product_brand?post=23844"},{"taxonomy":"product_cat","embeddable":true,"href":"https:\/\/espanola.lt\/en\/wp-json\/wp\/v2\/product_cat?post=23844"},{"taxonomy":"product_tag","embeddable":true,"href":"https:\/\/espanola.lt\/en\/wp-json\/wp\/v2\/product_tag?post=23844"}],"curies":[{"name":"wp","href":"https:\/\/api.w.org\/{rel}","templated":true}]}}