{"id":23744,"date":"2023-11-07T11:58:41","date_gmt":"2023-11-07T11:58:41","guid":{"rendered":"https:\/\/espanola.lt\/?post_type=product&#038;p=23744"},"modified":"2025-03-18T13:02:12","modified_gmt":"2025-03-18T13:02:12","slug":"tropiniu-vaisiu-ir-uogu-nuga-150g","status":"publish","type":"product","link":"https:\/\/espanola.lt\/en\/produktas\/tropiniu-vaisiu-ir-uogu-nuga-150g\/","title":{"rendered":"Tropini\u0173 vaisi\u0173 ir uog\u0173 nuga 150g."},"content":{"rendered":"<p>Keliaujame \u012f tropi\u0161kiausias vietoves nei\u0161eidami i\u0161 nam\u0173! Nauja patirtis j\u016bs\u0173 gomuriui, kurioje susimai\u0161o cukrus, medus, skrudinti migdolai ir tropini\u0173 vaisi\u0173 mi\u0161inys, be jokios abejon\u0117s, skonis, kuris nepaliks abejing\u0173.<\/p>\n<p>Taip pat pateikiama patrauklioje ir spalvingoje pakuot\u0117je.<\/p>\n<p>Tobula dovana!<\/p>\n<p>Sudedamosios dalys: Cukrus, gliukoz\u0117s ir fruktoz\u0117s sirupas, atogr\u0105\u017e\u0173 ir mi\u0161ko vaisiai (17,5%): (dehidratuoti ananasai (3,5%): (\u0161vie\u017ei ananasai, cukranendri\u0173 cukrus, r\u016bg\u0161tingoji med\u017eiaga E-330 ir konservantas (E-223), dehidratuotas mangas (3,5%): (\u0161vie\u017ei mangai, cukranendri\u0173 cukrus, r\u016bg\u0161tiklis E-330 ir konservantas E-220), dehidratuota papaja (3,5%): (\u0161vie\u017eia papaja, cukranendri\u0173 cukrus ir konservantas E-220), spanguol\u0117s (3,5%): (cukrus, spanguol\u0117s ir saul\u0117gr\u0105\u017eos aliejus) ir juodosios spanguol\u0117s (3,5%): (spanguol\u0117s, cukrus ir saul\u0117gr\u0105\u017e\u0173 aliejus), migdolai (15%), medus, vafliai (bulvi\u0173 krakmolas ir saul\u0117gr\u0105\u017e\u0173 aliejus), kiau\u0161inio baltymas ir kvapioji med\u017eiaga. Energin\u0117 vert\u0117 1637 kj (399kcal) Riebalai 6,7 g (i\u0161 kuri\u0173 so\u010di\u0173j\u0173 riebal\u0173 r\u016bg\u0161\u010di\u0173 3,3 g), Angliavandeniai 80g, Cukr\u016bs 66g, skaidulos 1,4 g., Baltymai 3,9 g, Druska 0,08g. Grynasis svoris 150g. Gamintojas Frutas y turrones S.A. Kilm\u0117s \u0161alis: Ispanija<\/p>\n","protected":false},"excerpt":{"rendered":"<p>Keliaujame \u012f tropi\u0161kiausias vietoves nei\u0161eidami i\u0161 nam\u0173! Nauja patirtis j\u016bs\u0173 gomuriui, kurioje susimai\u0161o cukrus, medus, skrudinti migdolai ir tropini\u0173 vaisi\u0173 mi\u0161inys, be jokios abejon\u0117s, skonis, kuris nepaliks abejing\u0173. Taip pat pateikiama patrauklioje ir spalvingoje pakuot\u0117je. Tobula dovana! Sudedamosios dalys: Cukrus, gliukoz\u0117s ir fruktoz\u0117s sirupas, atogr\u0105\u017e\u0173 ir mi\u0161ko vaisiai (17,5%): (dehidratuoti ananasai (3,5%): (\u0161vie\u017ei ananasai, cukranendri\u0173 cukrus, r\u016bg\u0161tingoji med\u017eiaga E-330 ir konservantas (E-223), dehidratuotas mangas (3,5%): (\u0161vie\u017ei mangai, cukranendri\u0173 cukrus, r\u016bg\u0161tiklis E-330 ir konservantas E-220), dehidratuota papaja (3,5%): (\u0161vie\u017eia papaja, cukranendri\u0173 cukrus ir konservantas E-220), spanguol\u0117s (3,5%): (cukrus, spanguol\u0117s ir saul\u0117gr\u0105\u017eos aliejus) ir juodosios spanguol\u0117s (3,5%): (spanguol\u0117s, cukrus ir saul\u0117gr\u0105\u017e\u0173 aliejus), migdolai (15%), medus, vafliai (bulvi\u0173 krakmolas ir saul\u0117gr\u0105\u017e\u0173 aliejus), kiau\u0161inio baltymas ir kvapioji med\u017eiaga. Energin\u0117 vert\u0117 1637 kj (399kcal) Riebalai 6,7 g (i\u0161 kuri\u0173 so\u010di\u0173j\u0173 riebal\u0173 r\u016bg\u0161\u010di\u0173 3,3 g), Angliavandeniai 80g, Cukr\u016bs 66g, skaidulos 1,4 g., Baltymai 3,9 g, Druska 0,08g. Grynasis svoris 150g. Gamintojas Frutas y turrones S.A. Kilm\u0117s \u0161alis: Ispanija<\/p>\n","protected":false},"featured_media":23746,"template":"","meta":[],"product_brand":[],"product_cat":[131],"product_tag":[],"class_list":{"0":"post-23744","1":"product","2":"type-product","3":"status-publish","4":"has-post-thumbnail","6":"product_cat-saldumynai","8":"first","9":"outofstock","10":"shipping-taxable","11":"purchasable","12":"product-type-simple"},"yoast_head":"<!-- This site is optimized with the Yoast SEO plugin v23.7 - https:\/\/yoast.com\/wordpress\/plugins\/seo\/ -->\n<title>Tropini\u0173 vaisi\u0173 ir uog\u0173 nuga 150g. | Espanola.lt<\/title>\n<meta name=\"description\" content=\"Atraskite auk\u0161tos kokyb\u0117s ispani\u0161kus delikatesus \u2013 s\u016brius, kumpius, alyvuoges ir \u017euv\u012f. Tikras Ispanijos skonis tiesiai \u012f j\u016bs\u0173 namus.\" \/>\n<meta name=\"robots\" content=\"index, follow, max-snippet:-1, max-image-preview:large, max-video-preview:-1\" \/>\n<link rel=\"canonical\" href=\"https:\/\/espanola.lt\/produktas\/tropiniu-vaisiu-ir-uogu-nuga-150g\/\" \/>\n<meta property=\"og:locale\" content=\"en_US\" \/>\n<meta property=\"og:type\" content=\"article\" \/>\n<meta property=\"og:title\" content=\"Tropini\u0173 vaisi\u0173 ir uog\u0173 nuga 150g. | Espanola.lt\" \/>\n<meta property=\"og:description\" content=\"Atraskite auk\u0161tos kokyb\u0117s ispani\u0161kus delikatesus \u2013 s\u016brius, kumpius, alyvuoges ir \u017euv\u012f. Tikras Ispanijos skonis tiesiai \u012f j\u016bs\u0173 namus.\" \/>\n<meta property=\"og:url\" content=\"https:\/\/espanola.lt\/produktas\/tropiniu-vaisiu-ir-uogu-nuga-150g\/\" \/>\n<meta property=\"og:site_name\" content=\"Espanola\" \/>\n<meta property=\"article:publisher\" content=\"https:\/\/www.facebook.com\/espanola.lt\" \/>\n<meta property=\"article:modified_time\" content=\"2025-03-18T13:02:12+00:00\" \/>\n<meta property=\"og:image\" content=\"https:\/\/espanola.lt\/wp-content\/uploads\/2023\/11\/almendras_frutas_tropicales-e1699877761759.jpg\" \/>\n\t<meta property=\"og:image:width\" content=\"900\" \/>\n\t<meta property=\"og:image:height\" content=\"900\" \/>\n\t<meta property=\"og:image:type\" content=\"image\/jpeg\" \/>\n<meta name=\"twitter:card\" content=\"summary_large_image\" \/>\n<meta name=\"twitter:label1\" content=\"Est. reading time\" \/>\n\t<meta name=\"twitter:data1\" content=\"2 minutes\" \/>\n<script type=\"application\/ld+json\" class=\"yoast-schema-graph\">{\"@context\":\"https:\/\/schema.org\",\"@graph\":[{\"@type\":\"WebPage\",\"@id\":\"https:\/\/espanola.lt\/produktas\/tropiniu-vaisiu-ir-uogu-nuga-150g\/\",\"url\":\"https:\/\/espanola.lt\/produktas\/tropiniu-vaisiu-ir-uogu-nuga-150g\/\",\"name\":\"Tropini\u0173 vaisi\u0173 ir uog\u0173 nuga 150g. | Espanola.lt\",\"isPartOf\":{\"@id\":\"https:\/\/espanola.lt\/#website\"},\"primaryImageOfPage\":{\"@id\":\"https:\/\/espanola.lt\/produktas\/tropiniu-vaisiu-ir-uogu-nuga-150g\/#primaryimage\"},\"image\":{\"@id\":\"https:\/\/espanola.lt\/produktas\/tropiniu-vaisiu-ir-uogu-nuga-150g\/#primaryimage\"},\"thumbnailUrl\":\"https:\/\/espanola.lt\/wp-content\/uploads\/2023\/11\/almendras_frutas_tropicales-e1699877761759.jpg\",\"datePublished\":\"2023-11-07T11:58:41+00:00\",\"dateModified\":\"2025-03-18T13:02:12+00:00\",\"description\":\"Atraskite auk\u0161tos kokyb\u0117s ispani\u0161kus delikatesus \u2013 s\u016brius, kumpius, alyvuoges ir \u017euv\u012f. Tikras Ispanijos skonis tiesiai \u012f j\u016bs\u0173 namus.\",\"breadcrumb\":{\"@id\":\"https:\/\/espanola.lt\/produktas\/tropiniu-vaisiu-ir-uogu-nuga-150g\/#breadcrumb\"},\"inLanguage\":\"en-US\",\"potentialAction\":[{\"@type\":\"ReadAction\",\"target\":[\"https:\/\/espanola.lt\/produktas\/tropiniu-vaisiu-ir-uogu-nuga-150g\/\"]}]},{\"@type\":\"ImageObject\",\"inLanguage\":\"en-US\",\"@id\":\"https:\/\/espanola.lt\/produktas\/tropiniu-vaisiu-ir-uogu-nuga-150g\/#primaryimage\",\"url\":\"https:\/\/espanola.lt\/wp-content\/uploads\/2023\/11\/almendras_frutas_tropicales-e1699877761759.jpg\",\"contentUrl\":\"https:\/\/espanola.lt\/wp-content\/uploads\/2023\/11\/almendras_frutas_tropicales-e1699877761759.jpg\",\"width\":900,\"height\":900},{\"@type\":\"BreadcrumbList\",\"@id\":\"https:\/\/espanola.lt\/produktas\/tropiniu-vaisiu-ir-uogu-nuga-150g\/#breadcrumb\",\"itemListElement\":[{\"@type\":\"ListItem\",\"position\":1,\"name\":\"Home\",\"item\":\"https:\/\/espanola.lt\/en\/homepage\/\"},{\"@type\":\"ListItem\",\"position\":2,\"name\":\"Shop\",\"item\":\"https:\/\/espanola.lt\/en\/shop\/\"},{\"@type\":\"ListItem\",\"position\":3,\"name\":\"Tropini\u0173 vaisi\u0173 ir uog\u0173 nuga 150g.\"}]},{\"@type\":\"WebSite\",\"@id\":\"https:\/\/espanola.lt\/#website\",\"url\":\"https:\/\/espanola.lt\/\",\"name\":\"Espanola.lt | Tikras Ispanijos skonis \u2013 J\u016bs\u0173 namuose!\",\"description\":\"\",\"publisher\":{\"@id\":\"https:\/\/espanola.lt\/#organization\"},\"potentialAction\":[{\"@type\":\"SearchAction\",\"target\":{\"@type\":\"EntryPoint\",\"urlTemplate\":\"https:\/\/espanola.lt\/?s={search_term_string}\"},\"query-input\":{\"@type\":\"PropertyValueSpecification\",\"valueRequired\":true,\"valueName\":\"search_term_string\"}}],\"inLanguage\":\"en-US\"},{\"@type\":\"Organization\",\"@id\":\"https:\/\/espanola.lt\/#organization\",\"name\":\"Espanola.lt\",\"url\":\"https:\/\/espanola.lt\/\",\"logo\":{\"@type\":\"ImageObject\",\"inLanguage\":\"en-US\",\"@id\":\"https:\/\/espanola.lt\/#\/schema\/logo\/image\/\",\"url\":\"https:\/\/espanola.lt\/wp-content\/uploads\/2023\/03\/notext_color.png\",\"contentUrl\":\"https:\/\/espanola.lt\/wp-content\/uploads\/2023\/03\/notext_color.png\",\"width\":916,\"height\":204,\"caption\":\"Espanola.lt\"},\"image\":{\"@id\":\"https:\/\/espanola.lt\/#\/schema\/logo\/image\/\"},\"sameAs\":[\"https:\/\/www.facebook.com\/espanola.lt\",\"https:\/\/www.instagram.com\/espanola.lt\/\"]}]}<\/script>\n<!-- \/ Yoast SEO plugin. -->","yoast_head_json":{"title":"Tropini\u0173 vaisi\u0173 ir uog\u0173 nuga 150g. | Espanola.lt","description":"Atraskite auk\u0161tos kokyb\u0117s ispani\u0161kus delikatesus \u2013 s\u016brius, kumpius, alyvuoges ir \u017euv\u012f. Tikras Ispanijos skonis tiesiai \u012f j\u016bs\u0173 namus.","robots":{"index":"index","follow":"follow","max-snippet":"max-snippet:-1","max-image-preview":"max-image-preview:large","max-video-preview":"max-video-preview:-1"},"canonical":"https:\/\/espanola.lt\/produktas\/tropiniu-vaisiu-ir-uogu-nuga-150g\/","og_locale":"en_US","og_type":"article","og_title":"Tropini\u0173 vaisi\u0173 ir uog\u0173 nuga 150g. | Espanola.lt","og_description":"Atraskite auk\u0161tos kokyb\u0117s ispani\u0161kus delikatesus \u2013 s\u016brius, kumpius, alyvuoges ir \u017euv\u012f. Tikras Ispanijos skonis tiesiai \u012f j\u016bs\u0173 namus.","og_url":"https:\/\/espanola.lt\/produktas\/tropiniu-vaisiu-ir-uogu-nuga-150g\/","og_site_name":"Espanola","article_publisher":"https:\/\/www.facebook.com\/espanola.lt","article_modified_time":"2025-03-18T13:02:12+00:00","og_image":[{"width":900,"height":900,"url":"https:\/\/espanola.lt\/wp-content\/uploads\/2023\/11\/almendras_frutas_tropicales-e1699877761759.jpg","type":"image\/jpeg"}],"twitter_card":"summary_large_image","twitter_misc":{"Est. reading time":"2 minutes"},"schema":{"@context":"https:\/\/schema.org","@graph":[{"@type":"WebPage","@id":"https:\/\/espanola.lt\/produktas\/tropiniu-vaisiu-ir-uogu-nuga-150g\/","url":"https:\/\/espanola.lt\/produktas\/tropiniu-vaisiu-ir-uogu-nuga-150g\/","name":"Tropini\u0173 vaisi\u0173 ir uog\u0173 nuga 150g. | Espanola.lt","isPartOf":{"@id":"https:\/\/espanola.lt\/#website"},"primaryImageOfPage":{"@id":"https:\/\/espanola.lt\/produktas\/tropiniu-vaisiu-ir-uogu-nuga-150g\/#primaryimage"},"image":{"@id":"https:\/\/espanola.lt\/produktas\/tropiniu-vaisiu-ir-uogu-nuga-150g\/#primaryimage"},"thumbnailUrl":"https:\/\/espanola.lt\/wp-content\/uploads\/2023\/11\/almendras_frutas_tropicales-e1699877761759.jpg","datePublished":"2023-11-07T11:58:41+00:00","dateModified":"2025-03-18T13:02:12+00:00","description":"Atraskite auk\u0161tos kokyb\u0117s ispani\u0161kus delikatesus \u2013 s\u016brius, kumpius, alyvuoges ir \u017euv\u012f. Tikras Ispanijos skonis tiesiai \u012f j\u016bs\u0173 namus.","breadcrumb":{"@id":"https:\/\/espanola.lt\/produktas\/tropiniu-vaisiu-ir-uogu-nuga-150g\/#breadcrumb"},"inLanguage":"en-US","potentialAction":[{"@type":"ReadAction","target":["https:\/\/espanola.lt\/produktas\/tropiniu-vaisiu-ir-uogu-nuga-150g\/"]}]},{"@type":"ImageObject","inLanguage":"en-US","@id":"https:\/\/espanola.lt\/produktas\/tropiniu-vaisiu-ir-uogu-nuga-150g\/#primaryimage","url":"https:\/\/espanola.lt\/wp-content\/uploads\/2023\/11\/almendras_frutas_tropicales-e1699877761759.jpg","contentUrl":"https:\/\/espanola.lt\/wp-content\/uploads\/2023\/11\/almendras_frutas_tropicales-e1699877761759.jpg","width":900,"height":900},{"@type":"BreadcrumbList","@id":"https:\/\/espanola.lt\/produktas\/tropiniu-vaisiu-ir-uogu-nuga-150g\/#breadcrumb","itemListElement":[{"@type":"ListItem","position":1,"name":"Home","item":"https:\/\/espanola.lt\/en\/homepage\/"},{"@type":"ListItem","position":2,"name":"Shop","item":"https:\/\/espanola.lt\/en\/shop\/"},{"@type":"ListItem","position":3,"name":"Tropini\u0173 vaisi\u0173 ir uog\u0173 nuga 150g."}]},{"@type":"WebSite","@id":"https:\/\/espanola.lt\/#website","url":"https:\/\/espanola.lt\/","name":"Espanola.lt | Tikras Ispanijos skonis \u2013 J\u016bs\u0173 namuose!","description":"","publisher":{"@id":"https:\/\/espanola.lt\/#organization"},"potentialAction":[{"@type":"SearchAction","target":{"@type":"EntryPoint","urlTemplate":"https:\/\/espanola.lt\/?s={search_term_string}"},"query-input":{"@type":"PropertyValueSpecification","valueRequired":true,"valueName":"search_term_string"}}],"inLanguage":"en-US"},{"@type":"Organization","@id":"https:\/\/espanola.lt\/#organization","name":"Espanola.lt","url":"https:\/\/espanola.lt\/","logo":{"@type":"ImageObject","inLanguage":"en-US","@id":"https:\/\/espanola.lt\/#\/schema\/logo\/image\/","url":"https:\/\/espanola.lt\/wp-content\/uploads\/2023\/03\/notext_color.png","contentUrl":"https:\/\/espanola.lt\/wp-content\/uploads\/2023\/03\/notext_color.png","width":916,"height":204,"caption":"Espanola.lt"},"image":{"@id":"https:\/\/espanola.lt\/#\/schema\/logo\/image\/"},"sameAs":["https:\/\/www.facebook.com\/espanola.lt","https:\/\/www.instagram.com\/espanola.lt\/"]}]}},"_links":{"self":[{"href":"https:\/\/espanola.lt\/en\/wp-json\/wp\/v2\/product\/23744"}],"collection":[{"href":"https:\/\/espanola.lt\/en\/wp-json\/wp\/v2\/product"}],"about":[{"href":"https:\/\/espanola.lt\/en\/wp-json\/wp\/v2\/types\/product"}],"version-history":[{"count":1,"href":"https:\/\/espanola.lt\/en\/wp-json\/wp\/v2\/product\/23744\/revisions"}],"predecessor-version":[{"id":23748,"href":"https:\/\/espanola.lt\/en\/wp-json\/wp\/v2\/product\/23744\/revisions\/23748"}],"wp:featuredmedia":[{"embeddable":true,"href":"https:\/\/espanola.lt\/en\/wp-json\/wp\/v2\/media\/23746"}],"wp:attachment":[{"href":"https:\/\/espanola.lt\/en\/wp-json\/wp\/v2\/media?parent=23744"}],"wp:term":[{"taxonomy":"product_brand","embeddable":true,"href":"https:\/\/espanola.lt\/en\/wp-json\/wp\/v2\/product_brand?post=23744"},{"taxonomy":"product_cat","embeddable":true,"href":"https:\/\/espanola.lt\/en\/wp-json\/wp\/v2\/product_cat?post=23744"},{"taxonomy":"product_tag","embeddable":true,"href":"https:\/\/espanola.lt\/en\/wp-json\/wp\/v2\/product_tag?post=23744"}],"curies":[{"name":"wp","href":"https:\/\/api.w.org\/{rel}","templated":true}]}}