{"id":23708,"date":"2023-11-07T10:39:58","date_gmt":"2023-11-07T10:39:58","guid":{"rendered":"https:\/\/espanola.lt\/?post_type=product&#038;p=23708"},"modified":"2024-12-11T14:23:23","modified_gmt":"2024-12-11T14:23:23","slug":"saldainiu-dezute-coco-bubbles-150g","status":"publish","type":"product","link":"https:\/\/espanola.lt\/en\/produktas\/saldainiu-dezute-coco-bubbles-150g\/","title":{"rendered":"Saldaini\u0173 d\u0117\u017eut\u0117 &#8220;Coco Bubbles&#8221; 150g."},"content":{"rendered":"<p>Ar galite \u012fsivaizduoti kokoso ir \u0161okolado sintez\u0119 viename k\u0105snyje? Pristatome nauj\u0105 b\u016bd\u0105 m\u0117gautis naujovi\u0161ku ir nenugalimu skoniu, kuris nustebins kiekvien\u0105.<br \/>\nLinksmos formos, kokoso burbuliukai yra tra\u0161k\u016bs i\u0161or\u0117je ir skan\u016bs viduje. Juos rasite puikiu formatu, kad gal\u0117tum\u0117te dalytis ar pasiimti bet kur, nes jie pateikiami atskirose pakuot\u0117se.<\/p>\n<p>Sudedamosios dalys: 65% \u012fdaras (kokosas 23% (sulfitai), cukrus, gliukoz\u0117s ir fruktoz\u0117s sirupas, konservantai (invertaz\u0117, sorbo r\u016bg\u0161tis ir kalio sorbatas)). 35% \u0161okolado padengimas (Kakavos pasta, kakavos sviesto cukrus, emulsiklis: soj\u0173 lecitinas ir nat\u016bralus vanil\u0117s aromatas). Kakava: \u0161okolade ma\u017eiausiai 57%. Gali b\u016bti rie\u0161ut\u0173, \u017eem\u0117s rie\u0161ut\u0173, sezamo, kiau\u0161inio ir pieno p\u0117dsak\u0173. Energin\u0117 vert\u0117 2360 kj (550kcal) Riebalai 38 g (i\u0161 kuri\u0173 so\u010di\u0173j\u0173 riebal\u0173 r\u016bg\u0161\u010di\u0173 3 g), Angliavandeniai 32g, Cukr\u016bs 31 g, skaidulos 7g., Baltymai 17 g, Druska 0,05g. Grynasis svoris 150g. Gamintojas Frutas y turrones S.A. Kilm\u0117s \u0161alis: Ispanija<\/p>\n","protected":false},"excerpt":{"rendered":"<p>Ar galite \u012fsivaizduoti kokoso ir \u0161okolado sintez\u0119 viename k\u0105snyje? Pristatome nauj\u0105 b\u016bd\u0105 m\u0117gautis naujovi\u0161ku ir nenugalimu skoniu, kuris nustebins kiekvien\u0105. Linksmos formos, kokoso burbuliukai yra tra\u0161k\u016bs i\u0161or\u0117je ir skan\u016bs viduje. Juos rasite puikiu formatu, kad gal\u0117tum\u0117te dalytis ar pasiimti bet kur, nes jie pateikiami atskirose pakuot\u0117se. Sudedamosios dalys: 65% \u012fdaras (kokosas 23% (sulfitai), cukrus, gliukoz\u0117s ir fruktoz\u0117s sirupas, konservantai (invertaz\u0117, sorbo r\u016bg\u0161tis ir kalio sorbatas)). 35% \u0161okolado padengimas (Kakavos pasta, kakavos sviesto cukrus, emulsiklis: soj\u0173 lecitinas ir nat\u016bralus vanil\u0117s aromatas). Kakava: \u0161okolade ma\u017eiausiai 57%. Gali b\u016bti rie\u0161ut\u0173, \u017eem\u0117s rie\u0161ut\u0173, sezamo, kiau\u0161inio ir pieno p\u0117dsak\u0173. Energin\u0117 vert\u0117 2360 kj (550kcal) Riebalai 38 g (i\u0161 kuri\u0173 so\u010di\u0173j\u0173 riebal\u0173 r\u016bg\u0161\u010di\u0173 3 g), Angliavandeniai 32g, Cukr\u016bs 31 g, skaidulos 7g., Baltymai 17 g, Druska 0,05g. Grynasis svoris 150g. Gamintojas Frutas y turrones S.A. Kilm\u0117s \u0161alis: Ispanija<\/p>\n","protected":false},"featured_media":23710,"template":"","meta":[],"product_brand":[],"product_cat":[131],"product_tag":[],"class_list":{"0":"post-23708","1":"product","2":"type-product","3":"status-publish","4":"has-post-thumbnail","6":"product_cat-saldumynai","8":"first","9":"outofstock","10":"shipping-taxable","11":"purchasable","12":"product-type-simple"},"yoast_head":"<!-- This site is optimized with the Yoast SEO plugin v23.7 - https:\/\/yoast.com\/wordpress\/plugins\/seo\/ -->\n<title>Saldaini\u0173 d\u0117\u017eut\u0117 &quot;Coco Bubbles&quot; 150g. | Espanola.lt<\/title>\n<meta name=\"description\" content=\"Atraskite auk\u0161tos kokyb\u0117s ispani\u0161kus delikatesus \u2013 s\u016brius, kumpius, alyvuoges ir \u017euv\u012f. Tikras Ispanijos skonis tiesiai \u012f j\u016bs\u0173 namus.\" \/>\n<meta name=\"robots\" content=\"index, follow, max-snippet:-1, max-image-preview:large, max-video-preview:-1\" \/>\n<link rel=\"canonical\" href=\"https:\/\/espanola.lt\/produktas\/saldainiu-dezute-coco-bubbles-150g\/\" \/>\n<meta property=\"og:locale\" content=\"en_US\" \/>\n<meta property=\"og:type\" content=\"article\" \/>\n<meta property=\"og:title\" content=\"Saldaini\u0173 d\u0117\u017eut\u0117 &quot;Coco Bubbles&quot; 150g. | Espanola.lt\" \/>\n<meta property=\"og:description\" content=\"Atraskite auk\u0161tos kokyb\u0117s ispani\u0161kus delikatesus \u2013 s\u016brius, kumpius, alyvuoges ir \u017euv\u012f. Tikras Ispanijos skonis tiesiai \u012f j\u016bs\u0173 namus.\" \/>\n<meta property=\"og:url\" content=\"https:\/\/espanola.lt\/produktas\/saldainiu-dezute-coco-bubbles-150g\/\" \/>\n<meta property=\"og:site_name\" content=\"Espanola\" \/>\n<meta property=\"article:publisher\" content=\"https:\/\/www.facebook.com\/espanola.lt\" \/>\n<meta property=\"article:modified_time\" content=\"2024-12-11T14:23:23+00:00\" \/>\n<meta property=\"og:image\" content=\"https:\/\/espanola.lt\/wp-content\/uploads\/2023\/11\/pompas-coco.jpg\" \/>\n\t<meta property=\"og:image:width\" content=\"1200\" \/>\n\t<meta property=\"og:image:height\" content=\"1200\" \/>\n\t<meta property=\"og:image:type\" content=\"image\/jpeg\" \/>\n<meta name=\"twitter:card\" content=\"summary_large_image\" \/>\n<meta name=\"twitter:label1\" content=\"Est. reading time\" \/>\n\t<meta name=\"twitter:data1\" content=\"1 minute\" \/>\n<script type=\"application\/ld+json\" class=\"yoast-schema-graph\">{\"@context\":\"https:\/\/schema.org\",\"@graph\":[{\"@type\":\"WebPage\",\"@id\":\"https:\/\/espanola.lt\/produktas\/saldainiu-dezute-coco-bubbles-150g\/\",\"url\":\"https:\/\/espanola.lt\/produktas\/saldainiu-dezute-coco-bubbles-150g\/\",\"name\":\"Saldaini\u0173 d\u0117\u017eut\u0117 \\\"Coco Bubbles\\\" 150g. | Espanola.lt\",\"isPartOf\":{\"@id\":\"https:\/\/espanola.lt\/#website\"},\"primaryImageOfPage\":{\"@id\":\"https:\/\/espanola.lt\/produktas\/saldainiu-dezute-coco-bubbles-150g\/#primaryimage\"},\"image\":{\"@id\":\"https:\/\/espanola.lt\/produktas\/saldainiu-dezute-coco-bubbles-150g\/#primaryimage\"},\"thumbnailUrl\":\"https:\/\/espanola.lt\/wp-content\/uploads\/2023\/11\/pompas-coco.jpg\",\"datePublished\":\"2023-11-07T10:39:58+00:00\",\"dateModified\":\"2024-12-11T14:23:23+00:00\",\"description\":\"Atraskite auk\u0161tos kokyb\u0117s ispani\u0161kus delikatesus \u2013 s\u016brius, kumpius, alyvuoges ir \u017euv\u012f. Tikras Ispanijos skonis tiesiai \u012f j\u016bs\u0173 namus.\",\"breadcrumb\":{\"@id\":\"https:\/\/espanola.lt\/produktas\/saldainiu-dezute-coco-bubbles-150g\/#breadcrumb\"},\"inLanguage\":\"en-US\",\"potentialAction\":[{\"@type\":\"ReadAction\",\"target\":[\"https:\/\/espanola.lt\/produktas\/saldainiu-dezute-coco-bubbles-150g\/\"]}]},{\"@type\":\"ImageObject\",\"inLanguage\":\"en-US\",\"@id\":\"https:\/\/espanola.lt\/produktas\/saldainiu-dezute-coco-bubbles-150g\/#primaryimage\",\"url\":\"https:\/\/espanola.lt\/wp-content\/uploads\/2023\/11\/pompas-coco.jpg\",\"contentUrl\":\"https:\/\/espanola.lt\/wp-content\/uploads\/2023\/11\/pompas-coco.jpg\",\"width\":1200,\"height\":1200},{\"@type\":\"BreadcrumbList\",\"@id\":\"https:\/\/espanola.lt\/produktas\/saldainiu-dezute-coco-bubbles-150g\/#breadcrumb\",\"itemListElement\":[{\"@type\":\"ListItem\",\"position\":1,\"name\":\"Home\",\"item\":\"https:\/\/espanola.lt\/en\/homepage\/\"},{\"@type\":\"ListItem\",\"position\":2,\"name\":\"Shop\",\"item\":\"https:\/\/espanola.lt\/en\/shop\/\"},{\"@type\":\"ListItem\",\"position\":3,\"name\":\"Saldaini\u0173 d\u0117\u017eut\u0117 &#8220;Coco Bubbles&#8221; 150g.\"}]},{\"@type\":\"WebSite\",\"@id\":\"https:\/\/espanola.lt\/#website\",\"url\":\"https:\/\/espanola.lt\/\",\"name\":\"Espanola.lt | Tikras Ispanijos skonis \u2013 J\u016bs\u0173 namuose!\",\"description\":\"\",\"publisher\":{\"@id\":\"https:\/\/espanola.lt\/#organization\"},\"potentialAction\":[{\"@type\":\"SearchAction\",\"target\":{\"@type\":\"EntryPoint\",\"urlTemplate\":\"https:\/\/espanola.lt\/?s={search_term_string}\"},\"query-input\":{\"@type\":\"PropertyValueSpecification\",\"valueRequired\":true,\"valueName\":\"search_term_string\"}}],\"inLanguage\":\"en-US\"},{\"@type\":\"Organization\",\"@id\":\"https:\/\/espanola.lt\/#organization\",\"name\":\"Espanola.lt\",\"url\":\"https:\/\/espanola.lt\/\",\"logo\":{\"@type\":\"ImageObject\",\"inLanguage\":\"en-US\",\"@id\":\"https:\/\/espanola.lt\/#\/schema\/logo\/image\/\",\"url\":\"https:\/\/espanola.lt\/wp-content\/uploads\/2023\/03\/notext_color.png\",\"contentUrl\":\"https:\/\/espanola.lt\/wp-content\/uploads\/2023\/03\/notext_color.png\",\"width\":916,\"height\":204,\"caption\":\"Espanola.lt\"},\"image\":{\"@id\":\"https:\/\/espanola.lt\/#\/schema\/logo\/image\/\"},\"sameAs\":[\"https:\/\/www.facebook.com\/espanola.lt\",\"https:\/\/www.instagram.com\/espanola.lt\/\"]}]}<\/script>\n<!-- \/ Yoast SEO plugin. -->","yoast_head_json":{"title":"Saldaini\u0173 d\u0117\u017eut\u0117 \"Coco Bubbles\" 150g. | Espanola.lt","description":"Atraskite auk\u0161tos kokyb\u0117s ispani\u0161kus delikatesus \u2013 s\u016brius, kumpius, alyvuoges ir \u017euv\u012f. Tikras Ispanijos skonis tiesiai \u012f j\u016bs\u0173 namus.","robots":{"index":"index","follow":"follow","max-snippet":"max-snippet:-1","max-image-preview":"max-image-preview:large","max-video-preview":"max-video-preview:-1"},"canonical":"https:\/\/espanola.lt\/produktas\/saldainiu-dezute-coco-bubbles-150g\/","og_locale":"en_US","og_type":"article","og_title":"Saldaini\u0173 d\u0117\u017eut\u0117 \"Coco Bubbles\" 150g. | Espanola.lt","og_description":"Atraskite auk\u0161tos kokyb\u0117s ispani\u0161kus delikatesus \u2013 s\u016brius, kumpius, alyvuoges ir \u017euv\u012f. Tikras Ispanijos skonis tiesiai \u012f j\u016bs\u0173 namus.","og_url":"https:\/\/espanola.lt\/produktas\/saldainiu-dezute-coco-bubbles-150g\/","og_site_name":"Espanola","article_publisher":"https:\/\/www.facebook.com\/espanola.lt","article_modified_time":"2024-12-11T14:23:23+00:00","og_image":[{"width":1200,"height":1200,"url":"https:\/\/espanola.lt\/wp-content\/uploads\/2023\/11\/pompas-coco.jpg","type":"image\/jpeg"}],"twitter_card":"summary_large_image","twitter_misc":{"Est. reading time":"1 minute"},"schema":{"@context":"https:\/\/schema.org","@graph":[{"@type":"WebPage","@id":"https:\/\/espanola.lt\/produktas\/saldainiu-dezute-coco-bubbles-150g\/","url":"https:\/\/espanola.lt\/produktas\/saldainiu-dezute-coco-bubbles-150g\/","name":"Saldaini\u0173 d\u0117\u017eut\u0117 \"Coco Bubbles\" 150g. | Espanola.lt","isPartOf":{"@id":"https:\/\/espanola.lt\/#website"},"primaryImageOfPage":{"@id":"https:\/\/espanola.lt\/produktas\/saldainiu-dezute-coco-bubbles-150g\/#primaryimage"},"image":{"@id":"https:\/\/espanola.lt\/produktas\/saldainiu-dezute-coco-bubbles-150g\/#primaryimage"},"thumbnailUrl":"https:\/\/espanola.lt\/wp-content\/uploads\/2023\/11\/pompas-coco.jpg","datePublished":"2023-11-07T10:39:58+00:00","dateModified":"2024-12-11T14:23:23+00:00","description":"Atraskite auk\u0161tos kokyb\u0117s ispani\u0161kus delikatesus \u2013 s\u016brius, kumpius, alyvuoges ir \u017euv\u012f. Tikras Ispanijos skonis tiesiai \u012f j\u016bs\u0173 namus.","breadcrumb":{"@id":"https:\/\/espanola.lt\/produktas\/saldainiu-dezute-coco-bubbles-150g\/#breadcrumb"},"inLanguage":"en-US","potentialAction":[{"@type":"ReadAction","target":["https:\/\/espanola.lt\/produktas\/saldainiu-dezute-coco-bubbles-150g\/"]}]},{"@type":"ImageObject","inLanguage":"en-US","@id":"https:\/\/espanola.lt\/produktas\/saldainiu-dezute-coco-bubbles-150g\/#primaryimage","url":"https:\/\/espanola.lt\/wp-content\/uploads\/2023\/11\/pompas-coco.jpg","contentUrl":"https:\/\/espanola.lt\/wp-content\/uploads\/2023\/11\/pompas-coco.jpg","width":1200,"height":1200},{"@type":"BreadcrumbList","@id":"https:\/\/espanola.lt\/produktas\/saldainiu-dezute-coco-bubbles-150g\/#breadcrumb","itemListElement":[{"@type":"ListItem","position":1,"name":"Home","item":"https:\/\/espanola.lt\/en\/homepage\/"},{"@type":"ListItem","position":2,"name":"Shop","item":"https:\/\/espanola.lt\/en\/shop\/"},{"@type":"ListItem","position":3,"name":"Saldaini\u0173 d\u0117\u017eut\u0117 &#8220;Coco Bubbles&#8221; 150g."}]},{"@type":"WebSite","@id":"https:\/\/espanola.lt\/#website","url":"https:\/\/espanola.lt\/","name":"Espanola.lt | Tikras Ispanijos skonis \u2013 J\u016bs\u0173 namuose!","description":"","publisher":{"@id":"https:\/\/espanola.lt\/#organization"},"potentialAction":[{"@type":"SearchAction","target":{"@type":"EntryPoint","urlTemplate":"https:\/\/espanola.lt\/?s={search_term_string}"},"query-input":{"@type":"PropertyValueSpecification","valueRequired":true,"valueName":"search_term_string"}}],"inLanguage":"en-US"},{"@type":"Organization","@id":"https:\/\/espanola.lt\/#organization","name":"Espanola.lt","url":"https:\/\/espanola.lt\/","logo":{"@type":"ImageObject","inLanguage":"en-US","@id":"https:\/\/espanola.lt\/#\/schema\/logo\/image\/","url":"https:\/\/espanola.lt\/wp-content\/uploads\/2023\/03\/notext_color.png","contentUrl":"https:\/\/espanola.lt\/wp-content\/uploads\/2023\/03\/notext_color.png","width":916,"height":204,"caption":"Espanola.lt"},"image":{"@id":"https:\/\/espanola.lt\/#\/schema\/logo\/image\/"},"sameAs":["https:\/\/www.facebook.com\/espanola.lt","https:\/\/www.instagram.com\/espanola.lt\/"]}]}},"_links":{"self":[{"href":"https:\/\/espanola.lt\/en\/wp-json\/wp\/v2\/product\/23708"}],"collection":[{"href":"https:\/\/espanola.lt\/en\/wp-json\/wp\/v2\/product"}],"about":[{"href":"https:\/\/espanola.lt\/en\/wp-json\/wp\/v2\/types\/product"}],"version-history":[{"count":1,"href":"https:\/\/espanola.lt\/en\/wp-json\/wp\/v2\/product\/23708\/revisions"}],"predecessor-version":[{"id":23714,"href":"https:\/\/espanola.lt\/en\/wp-json\/wp\/v2\/product\/23708\/revisions\/23714"}],"wp:featuredmedia":[{"embeddable":true,"href":"https:\/\/espanola.lt\/en\/wp-json\/wp\/v2\/media\/23710"}],"wp:attachment":[{"href":"https:\/\/espanola.lt\/en\/wp-json\/wp\/v2\/media?parent=23708"}],"wp:term":[{"taxonomy":"product_brand","embeddable":true,"href":"https:\/\/espanola.lt\/en\/wp-json\/wp\/v2\/product_brand?post=23708"},{"taxonomy":"product_cat","embeddable":true,"href":"https:\/\/espanola.lt\/en\/wp-json\/wp\/v2\/product_cat?post=23708"},{"taxonomy":"product_tag","embeddable":true,"href":"https:\/\/espanola.lt\/en\/wp-json\/wp\/v2\/product_tag?post=23708"}],"curies":[{"name":"wp","href":"https:\/\/api.w.org\/{rel}","templated":true}]}}