{"id":23696,"date":"2023-11-07T10:27:14","date_gmt":"2023-11-07T10:27:14","guid":{"rendered":"https:\/\/espanola.lt\/?post_type=product&#038;p=23696"},"modified":"2024-11-24T17:38:12","modified_gmt":"2024-11-24T17:38:12","slug":"figos-sokolade-120g","status":"publish","type":"product","link":"https:\/\/espanola.lt\/en\/produktas\/figos-sokolade-120g\/","title":{"rendered":"Figos \u0161okolade 120g."},"content":{"rendered":"<p>Smalsus ir \u012fdomus skoni\u0173 derinys, kuriame \u0161okoladas sustiprina figos skon\u012f.<\/p>\n<p>Ragaudami sukursite nedidelius puikaus skonio ir tekst\u016bros k\u0105snelius, kuriais gal\u0117site pasidalyti ypatingiausiomis akimirkomis!<\/p>\n<p>Sudedamosios dalys: D\u017eiovintos figos (50%), \u0161okolado danga (35%) (kakavos pasta, cukrus, kakavos sviestas, emulsiklis: soj\u0173 lecitinas ir nat\u016bralus vanil\u0117s aromatas) ir triufeli\u0173 g\u0117rimo \u012fdaras (15%) (cukrus, kakava, kakavos sviestas, nenugriebto pieno milteliai) (3%), likeris (cointreau 3%), soj\u0173 lecitinas ir vanil\u0117s kvapioji med\u017eiaga). Kakava 57% Ma\u017eiausiai \u0161okolade. Sud\u0117tyje yra sojos ir pieno. Gali b\u016bti rie\u0161ut\u0173, \u017eem\u0117s rie\u0161ut\u0173, kiau\u0161ini\u0173, glitimo ir sulfit\u0173 p\u0117dsak\u0173. Energin\u0117 vert\u0117 1559 kj (371kcal) Riebalai 12 g (i\u0161 kuri\u0173 so\u010di\u0173j\u0173 riebal\u0173 r\u016bg\u0161\u010di\u0173 7.5g), Angliavandeniai 58g, Cukr\u016bs 53g, skaidulos 8.1g., Baltymai 4.5 g, Druska 0,03g. Grynasis svoris 120g. Gamintojas Frutas y turrones S.A. Kilm\u0117s \u0161alis: Ispanija<\/p>\n","protected":false},"excerpt":{"rendered":"<p>Smalsus ir \u012fdomus skoni\u0173 derinys, kuriame \u0161okoladas sustiprina figos skon\u012f. Ragaudami sukursite nedidelius puikaus skonio ir tekst\u016bros k\u0105snelius, kuriais gal\u0117site pasidalyti ypatingiausiomis akimirkomis! Sudedamosios dalys: D\u017eiovintos figos (50%), \u0161okolado danga (35%) (kakavos pasta, cukrus, kakavos sviestas, emulsiklis: soj\u0173 lecitinas ir nat\u016bralus vanil\u0117s aromatas) ir triufeli\u0173 g\u0117rimo \u012fdaras (15%) (cukrus, kakava, kakavos sviestas, nenugriebto pieno milteliai) (3%), likeris (cointreau 3%), soj\u0173 lecitinas ir vanil\u0117s kvapioji med\u017eiaga). Kakava 57% Ma\u017eiausiai \u0161okolade. Sud\u0117tyje yra sojos ir pieno. Gali b\u016bti rie\u0161ut\u0173, \u017eem\u0117s rie\u0161ut\u0173, kiau\u0161ini\u0173, glitimo ir sulfit\u0173 p\u0117dsak\u0173. Energin\u0117 vert\u0117 1559 kj (371kcal) Riebalai 12 g (i\u0161 kuri\u0173 so\u010di\u0173j\u0173 riebal\u0173 r\u016bg\u0161\u010di\u0173 7.5g), Angliavandeniai 58g, Cukr\u016bs 53g, skaidulos 8.1g., Baltymai 4.5 g, Druska 0,03g. Grynasis svoris 120g. Gamintojas Frutas y turrones S.A. Kilm\u0117s \u0161alis: Ispanija<\/p>\n","protected":false},"featured_media":23698,"template":"","meta":[],"product_brand":[],"product_cat":[131],"product_tag":[],"class_list":{"0":"post-23696","1":"product","2":"type-product","3":"status-publish","4":"has-post-thumbnail","6":"product_cat-saldumynai","8":"first","9":"outofstock","10":"shipping-taxable","11":"purchasable","12":"product-type-simple"},"yoast_head":"<!-- This site is optimized with the Yoast SEO plugin v23.7 - https:\/\/yoast.com\/wordpress\/plugins\/seo\/ -->\n<title>Figos \u0161okolade 120g. | Espanola.lt<\/title>\n<meta name=\"description\" content=\"Atraskite auk\u0161tos kokyb\u0117s ispani\u0161kus delikatesus \u2013 s\u016brius, kumpius, alyvuoges ir \u017euv\u012f. Tikras Ispanijos skonis tiesiai \u012f j\u016bs\u0173 namus.\" \/>\n<meta name=\"robots\" content=\"index, follow, max-snippet:-1, max-image-preview:large, max-video-preview:-1\" \/>\n<link rel=\"canonical\" href=\"https:\/\/espanola.lt\/produktas\/figos-sokolade-120g\/\" \/>\n<meta property=\"og:locale\" content=\"en_US\" \/>\n<meta property=\"og:type\" content=\"article\" \/>\n<meta property=\"og:title\" content=\"Figos \u0161okolade 120g. | Espanola.lt\" \/>\n<meta property=\"og:description\" content=\"Atraskite auk\u0161tos kokyb\u0117s ispani\u0161kus delikatesus \u2013 s\u016brius, kumpius, alyvuoges ir \u017euv\u012f. Tikras Ispanijos skonis tiesiai \u012f j\u016bs\u0173 namus.\" \/>\n<meta property=\"og:url\" content=\"https:\/\/espanola.lt\/produktas\/figos-sokolade-120g\/\" \/>\n<meta property=\"og:site_name\" content=\"Espanola\" \/>\n<meta property=\"article:publisher\" content=\"https:\/\/www.facebook.com\/espanola.lt\" \/>\n<meta property=\"article:modified_time\" content=\"2024-11-24T17:38:12+00:00\" \/>\n<meta property=\"og:image\" content=\"https:\/\/espanola.lt\/wp-content\/uploads\/2023\/11\/Figos-sokolade-1024x1024.jpg\" \/>\n\t<meta property=\"og:image:width\" content=\"1024\" \/>\n\t<meta property=\"og:image:height\" content=\"1024\" \/>\n\t<meta property=\"og:image:type\" content=\"image\/jpeg\" \/>\n<meta name=\"twitter:card\" content=\"summary_large_image\" \/>\n<meta name=\"twitter:label1\" content=\"Est. reading time\" \/>\n\t<meta name=\"twitter:data1\" content=\"1 minute\" \/>\n<script type=\"application\/ld+json\" class=\"yoast-schema-graph\">{\"@context\":\"https:\/\/schema.org\",\"@graph\":[{\"@type\":\"WebPage\",\"@id\":\"https:\/\/espanola.lt\/produktas\/figos-sokolade-120g\/\",\"url\":\"https:\/\/espanola.lt\/produktas\/figos-sokolade-120g\/\",\"name\":\"Figos \u0161okolade 120g. | Espanola.lt\",\"isPartOf\":{\"@id\":\"https:\/\/espanola.lt\/#website\"},\"primaryImageOfPage\":{\"@id\":\"https:\/\/espanola.lt\/produktas\/figos-sokolade-120g\/#primaryimage\"},\"image\":{\"@id\":\"https:\/\/espanola.lt\/produktas\/figos-sokolade-120g\/#primaryimage\"},\"thumbnailUrl\":\"https:\/\/espanola.lt\/wp-content\/uploads\/2023\/11\/Figos-sokolade.jpg\",\"datePublished\":\"2023-11-07T10:27:14+00:00\",\"dateModified\":\"2024-11-24T17:38:12+00:00\",\"description\":\"Atraskite auk\u0161tos kokyb\u0117s ispani\u0161kus delikatesus \u2013 s\u016brius, kumpius, alyvuoges ir \u017euv\u012f. Tikras Ispanijos skonis tiesiai \u012f j\u016bs\u0173 namus.\",\"breadcrumb\":{\"@id\":\"https:\/\/espanola.lt\/produktas\/figos-sokolade-120g\/#breadcrumb\"},\"inLanguage\":\"en-US\",\"potentialAction\":[{\"@type\":\"ReadAction\",\"target\":[\"https:\/\/espanola.lt\/produktas\/figos-sokolade-120g\/\"]}]},{\"@type\":\"ImageObject\",\"inLanguage\":\"en-US\",\"@id\":\"https:\/\/espanola.lt\/produktas\/figos-sokolade-120g\/#primaryimage\",\"url\":\"https:\/\/espanola.lt\/wp-content\/uploads\/2023\/11\/Figos-sokolade.jpg\",\"contentUrl\":\"https:\/\/espanola.lt\/wp-content\/uploads\/2023\/11\/Figos-sokolade.jpg\",\"width\":1200,\"height\":1200},{\"@type\":\"BreadcrumbList\",\"@id\":\"https:\/\/espanola.lt\/produktas\/figos-sokolade-120g\/#breadcrumb\",\"itemListElement\":[{\"@type\":\"ListItem\",\"position\":1,\"name\":\"Home\",\"item\":\"https:\/\/espanola.lt\/en\/homepage\/\"},{\"@type\":\"ListItem\",\"position\":2,\"name\":\"Shop\",\"item\":\"https:\/\/espanola.lt\/en\/shop\/\"},{\"@type\":\"ListItem\",\"position\":3,\"name\":\"Figos \u0161okolade 120g.\"}]},{\"@type\":\"WebSite\",\"@id\":\"https:\/\/espanola.lt\/#website\",\"url\":\"https:\/\/espanola.lt\/\",\"name\":\"Espanola.lt | Tikras Ispanijos skonis \u2013 J\u016bs\u0173 namuose!\",\"description\":\"\",\"publisher\":{\"@id\":\"https:\/\/espanola.lt\/#organization\"},\"potentialAction\":[{\"@type\":\"SearchAction\",\"target\":{\"@type\":\"EntryPoint\",\"urlTemplate\":\"https:\/\/espanola.lt\/?s={search_term_string}\"},\"query-input\":{\"@type\":\"PropertyValueSpecification\",\"valueRequired\":true,\"valueName\":\"search_term_string\"}}],\"inLanguage\":\"en-US\"},{\"@type\":\"Organization\",\"@id\":\"https:\/\/espanola.lt\/#organization\",\"name\":\"Espanola.lt\",\"url\":\"https:\/\/espanola.lt\/\",\"logo\":{\"@type\":\"ImageObject\",\"inLanguage\":\"en-US\",\"@id\":\"https:\/\/espanola.lt\/#\/schema\/logo\/image\/\",\"url\":\"https:\/\/espanola.lt\/wp-content\/uploads\/2023\/03\/notext_color.png\",\"contentUrl\":\"https:\/\/espanola.lt\/wp-content\/uploads\/2023\/03\/notext_color.png\",\"width\":916,\"height\":204,\"caption\":\"Espanola.lt\"},\"image\":{\"@id\":\"https:\/\/espanola.lt\/#\/schema\/logo\/image\/\"},\"sameAs\":[\"https:\/\/www.facebook.com\/espanola.lt\",\"https:\/\/www.instagram.com\/espanola.lt\/\"]}]}<\/script>\n<!-- \/ Yoast SEO plugin. -->","yoast_head_json":{"title":"Figos \u0161okolade 120g. | Espanola.lt","description":"Atraskite auk\u0161tos kokyb\u0117s ispani\u0161kus delikatesus \u2013 s\u016brius, kumpius, alyvuoges ir \u017euv\u012f. Tikras Ispanijos skonis tiesiai \u012f j\u016bs\u0173 namus.","robots":{"index":"index","follow":"follow","max-snippet":"max-snippet:-1","max-image-preview":"max-image-preview:large","max-video-preview":"max-video-preview:-1"},"canonical":"https:\/\/espanola.lt\/produktas\/figos-sokolade-120g\/","og_locale":"en_US","og_type":"article","og_title":"Figos \u0161okolade 120g. | Espanola.lt","og_description":"Atraskite auk\u0161tos kokyb\u0117s ispani\u0161kus delikatesus \u2013 s\u016brius, kumpius, alyvuoges ir \u017euv\u012f. Tikras Ispanijos skonis tiesiai \u012f j\u016bs\u0173 namus.","og_url":"https:\/\/espanola.lt\/produktas\/figos-sokolade-120g\/","og_site_name":"Espanola","article_publisher":"https:\/\/www.facebook.com\/espanola.lt","article_modified_time":"2024-11-24T17:38:12+00:00","og_image":[{"width":1024,"height":1024,"url":"https:\/\/espanola.lt\/wp-content\/uploads\/2023\/11\/Figos-sokolade-1024x1024.jpg","type":"image\/jpeg"}],"twitter_card":"summary_large_image","twitter_misc":{"Est. reading time":"1 minute"},"schema":{"@context":"https:\/\/schema.org","@graph":[{"@type":"WebPage","@id":"https:\/\/espanola.lt\/produktas\/figos-sokolade-120g\/","url":"https:\/\/espanola.lt\/produktas\/figos-sokolade-120g\/","name":"Figos \u0161okolade 120g. | Espanola.lt","isPartOf":{"@id":"https:\/\/espanola.lt\/#website"},"primaryImageOfPage":{"@id":"https:\/\/espanola.lt\/produktas\/figos-sokolade-120g\/#primaryimage"},"image":{"@id":"https:\/\/espanola.lt\/produktas\/figos-sokolade-120g\/#primaryimage"},"thumbnailUrl":"https:\/\/espanola.lt\/wp-content\/uploads\/2023\/11\/Figos-sokolade.jpg","datePublished":"2023-11-07T10:27:14+00:00","dateModified":"2024-11-24T17:38:12+00:00","description":"Atraskite auk\u0161tos kokyb\u0117s ispani\u0161kus delikatesus \u2013 s\u016brius, kumpius, alyvuoges ir \u017euv\u012f. Tikras Ispanijos skonis tiesiai \u012f j\u016bs\u0173 namus.","breadcrumb":{"@id":"https:\/\/espanola.lt\/produktas\/figos-sokolade-120g\/#breadcrumb"},"inLanguage":"en-US","potentialAction":[{"@type":"ReadAction","target":["https:\/\/espanola.lt\/produktas\/figos-sokolade-120g\/"]}]},{"@type":"ImageObject","inLanguage":"en-US","@id":"https:\/\/espanola.lt\/produktas\/figos-sokolade-120g\/#primaryimage","url":"https:\/\/espanola.lt\/wp-content\/uploads\/2023\/11\/Figos-sokolade.jpg","contentUrl":"https:\/\/espanola.lt\/wp-content\/uploads\/2023\/11\/Figos-sokolade.jpg","width":1200,"height":1200},{"@type":"BreadcrumbList","@id":"https:\/\/espanola.lt\/produktas\/figos-sokolade-120g\/#breadcrumb","itemListElement":[{"@type":"ListItem","position":1,"name":"Home","item":"https:\/\/espanola.lt\/en\/homepage\/"},{"@type":"ListItem","position":2,"name":"Shop","item":"https:\/\/espanola.lt\/en\/shop\/"},{"@type":"ListItem","position":3,"name":"Figos \u0161okolade 120g."}]},{"@type":"WebSite","@id":"https:\/\/espanola.lt\/#website","url":"https:\/\/espanola.lt\/","name":"Espanola.lt | Tikras Ispanijos skonis \u2013 J\u016bs\u0173 namuose!","description":"","publisher":{"@id":"https:\/\/espanola.lt\/#organization"},"potentialAction":[{"@type":"SearchAction","target":{"@type":"EntryPoint","urlTemplate":"https:\/\/espanola.lt\/?s={search_term_string}"},"query-input":{"@type":"PropertyValueSpecification","valueRequired":true,"valueName":"search_term_string"}}],"inLanguage":"en-US"},{"@type":"Organization","@id":"https:\/\/espanola.lt\/#organization","name":"Espanola.lt","url":"https:\/\/espanola.lt\/","logo":{"@type":"ImageObject","inLanguage":"en-US","@id":"https:\/\/espanola.lt\/#\/schema\/logo\/image\/","url":"https:\/\/espanola.lt\/wp-content\/uploads\/2023\/03\/notext_color.png","contentUrl":"https:\/\/espanola.lt\/wp-content\/uploads\/2023\/03\/notext_color.png","width":916,"height":204,"caption":"Espanola.lt"},"image":{"@id":"https:\/\/espanola.lt\/#\/schema\/logo\/image\/"},"sameAs":["https:\/\/www.facebook.com\/espanola.lt","https:\/\/www.instagram.com\/espanola.lt\/"]}]}},"_links":{"self":[{"href":"https:\/\/espanola.lt\/en\/wp-json\/wp\/v2\/product\/23696"}],"collection":[{"href":"https:\/\/espanola.lt\/en\/wp-json\/wp\/v2\/product"}],"about":[{"href":"https:\/\/espanola.lt\/en\/wp-json\/wp\/v2\/types\/product"}],"version-history":[{"count":1,"href":"https:\/\/espanola.lt\/en\/wp-json\/wp\/v2\/product\/23696\/revisions"}],"predecessor-version":[{"id":23700,"href":"https:\/\/espanola.lt\/en\/wp-json\/wp\/v2\/product\/23696\/revisions\/23700"}],"wp:featuredmedia":[{"embeddable":true,"href":"https:\/\/espanola.lt\/en\/wp-json\/wp\/v2\/media\/23698"}],"wp:attachment":[{"href":"https:\/\/espanola.lt\/en\/wp-json\/wp\/v2\/media?parent=23696"}],"wp:term":[{"taxonomy":"product_brand","embeddable":true,"href":"https:\/\/espanola.lt\/en\/wp-json\/wp\/v2\/product_brand?post=23696"},{"taxonomy":"product_cat","embeddable":true,"href":"https:\/\/espanola.lt\/en\/wp-json\/wp\/v2\/product_cat?post=23696"},{"taxonomy":"product_tag","embeddable":true,"href":"https:\/\/espanola.lt\/en\/wp-json\/wp\/v2\/product_tag?post=23696"}],"curies":[{"name":"wp","href":"https:\/\/api.w.org\/{rel}","templated":true}]}}