{"id":23685,"date":"2023-11-07T10:13:13","date_gmt":"2023-11-07T10:13:13","guid":{"rendered":"https:\/\/espanola.lt\/?post_type=product&#038;p=23685"},"modified":"2025-01-07T13:50:09","modified_gmt":"2025-01-07T13:50:09","slug":"traskus-zemes-riesutu-turonas-150g","status":"publish","type":"product","link":"https:\/\/espanola.lt\/en\/produktas\/traskus-zemes-riesutu-turonas-150g\/","title":{"rendered":"Tra\u0161kus \u017eem\u0117s rie\u0161ut\u0173 turonas, 150g."},"content":{"rendered":"<p>Klasikinis ir tradicinis tra\u0161kus turonas, bet su nedideliu pakeitimu, jo pagrindinis ingredientas yra \u017eem\u0117s rie\u0161utai, turintys daug baltym\u0173. Skonis, kuris nukels jus \u012f tas ypatingas vaikyst\u0117s akimirkas. J\u016bs negal\u0117site atsispirti!<br \/>\nPagaminta i\u0161 didelio procento \u017eem\u0117s rie\u0161ut\u0173 (51 %), kad b\u016bt\u0173 u\u017etikrinta auk\u0161ta kokyb\u0117, cukraus, gliukoz\u0117s sirupo, medaus ir kiau\u0161inio baltymo, kad i\u0161gaut\u0173 klasikinei kietajai nugai b\u016bding\u0105 balt\u0105 spalv\u0105.<\/p>\n<p>Sudedamosios dalys: \u017dem\u0117s rie\u0161utai (51%), cukrus, gliukoz\u0117s ir fruktoz\u0117s sirupas, vafliai (bulvi\u0173 krakmolas ir saul\u0117gr\u0105\u017e\u0173 aliejus) ir kiau\u0161inio baltymas. Energin\u0117 vert\u0117 2200 kj (520kcal) Riebalai 28 g (i\u0161 kuri\u0173 so\u010di\u0173j\u0173 riebal\u0173 r\u016bg\u0161\u010di\u0173 4g), Angliavandeniai 57g, Cukr\u016bs 52g, skaidulos 1g., Baltymai 13 g, Druska 0,12g. Grynasis svoris 150g. Gamintojas Frutas y turrones S.A. Kilm\u0117s \u0161alis: Ispanija<\/p>\n","protected":false},"excerpt":{"rendered":"<p>Klasikinis ir tradicinis tra\u0161kus turonas, bet su nedideliu pakeitimu, jo pagrindinis ingredientas yra \u017eem\u0117s rie\u0161utai, turintys daug baltym\u0173. Skonis, kuris nukels jus \u012f tas ypatingas vaikyst\u0117s akimirkas. J\u016bs negal\u0117site atsispirti! Pagaminta i\u0161 didelio procento \u017eem\u0117s rie\u0161ut\u0173 (51 %), kad b\u016bt\u0173 u\u017etikrinta auk\u0161ta kokyb\u0117, cukraus, gliukoz\u0117s sirupo, medaus ir kiau\u0161inio baltymo, kad i\u0161gaut\u0173 klasikinei kietajai nugai b\u016bding\u0105 balt\u0105 spalv\u0105. Sudedamosios dalys: \u017dem\u0117s rie\u0161utai (51%), cukrus, gliukoz\u0117s ir fruktoz\u0117s sirupas, vafliai (bulvi\u0173 krakmolas ir saul\u0117gr\u0105\u017e\u0173 aliejus) ir kiau\u0161inio baltymas. Energin\u0117 vert\u0117 2200 kj (520kcal) Riebalai 28 g (i\u0161 kuri\u0173 so\u010di\u0173j\u0173 riebal\u0173 r\u016bg\u0161\u010di\u0173 4g), Angliavandeniai 57g, Cukr\u016bs 52g, skaidulos 1g., Baltymai 13 g, Druska 0,12g. Grynasis svoris 150g. Gamintojas Frutas y turrones S.A. Kilm\u0117s \u0161alis: Ispanija<\/p>\n","protected":false},"featured_media":23687,"template":"","meta":[],"product_brand":[],"product_cat":[131],"product_tag":[],"class_list":{"0":"post-23685","1":"product","2":"type-product","3":"status-publish","4":"has-post-thumbnail","6":"product_cat-saldumynai","8":"first","9":"outofstock","10":"shipping-taxable","11":"purchasable","12":"product-type-simple"},"yoast_head":"<!-- This site is optimized with the Yoast SEO plugin v23.7 - https:\/\/yoast.com\/wordpress\/plugins\/seo\/ -->\n<title>Tra\u0161kus \u017eem\u0117s rie\u0161ut\u0173 turonas, 150g. | Espanola.lt<\/title>\n<meta name=\"description\" content=\"Atraskite auk\u0161tos kokyb\u0117s ispani\u0161kus delikatesus \u2013 s\u016brius, kumpius, alyvuoges ir \u017euv\u012f. Tikras Ispanijos skonis tiesiai \u012f j\u016bs\u0173 namus.\" \/>\n<meta name=\"robots\" content=\"index, follow, max-snippet:-1, max-image-preview:large, max-video-preview:-1\" \/>\n<link rel=\"canonical\" href=\"https:\/\/espanola.lt\/produktas\/traskus-zemes-riesutu-turonas-150g\/\" \/>\n<meta property=\"og:locale\" content=\"en_US\" \/>\n<meta property=\"og:type\" content=\"article\" \/>\n<meta property=\"og:title\" content=\"Tra\u0161kus \u017eem\u0117s rie\u0161ut\u0173 turonas, 150g. | Espanola.lt\" \/>\n<meta property=\"og:description\" content=\"Atraskite auk\u0161tos kokyb\u0117s ispani\u0161kus delikatesus \u2013 s\u016brius, kumpius, alyvuoges ir \u017euv\u012f. Tikras Ispanijos skonis tiesiai \u012f j\u016bs\u0173 namus.\" \/>\n<meta property=\"og:url\" content=\"https:\/\/espanola.lt\/produktas\/traskus-zemes-riesutu-turonas-150g\/\" \/>\n<meta property=\"og:site_name\" content=\"Espanola\" \/>\n<meta property=\"article:publisher\" content=\"https:\/\/www.facebook.com\/espanola.lt\" \/>\n<meta property=\"article:modified_time\" content=\"2025-01-07T13:50:09+00:00\" \/>\n<meta property=\"og:image\" content=\"https:\/\/espanola.lt\/wp-content\/uploads\/2023\/11\/Traskus-zemes-riesutu-turonas.jpg\" \/>\n\t<meta property=\"og:image:width\" content=\"1200\" \/>\n\t<meta property=\"og:image:height\" content=\"1200\" \/>\n\t<meta property=\"og:image:type\" content=\"image\/jpeg\" \/>\n<meta name=\"twitter:card\" content=\"summary_large_image\" \/>\n<meta name=\"twitter:label1\" content=\"Est. reading time\" \/>\n\t<meta name=\"twitter:data1\" content=\"1 minute\" \/>\n<script type=\"application\/ld+json\" class=\"yoast-schema-graph\">{\"@context\":\"https:\/\/schema.org\",\"@graph\":[{\"@type\":\"WebPage\",\"@id\":\"https:\/\/espanola.lt\/produktas\/traskus-zemes-riesutu-turonas-150g\/\",\"url\":\"https:\/\/espanola.lt\/produktas\/traskus-zemes-riesutu-turonas-150g\/\",\"name\":\"Tra\u0161kus \u017eem\u0117s rie\u0161ut\u0173 turonas, 150g. | Espanola.lt\",\"isPartOf\":{\"@id\":\"https:\/\/espanola.lt\/#website\"},\"primaryImageOfPage\":{\"@id\":\"https:\/\/espanola.lt\/produktas\/traskus-zemes-riesutu-turonas-150g\/#primaryimage\"},\"image\":{\"@id\":\"https:\/\/espanola.lt\/produktas\/traskus-zemes-riesutu-turonas-150g\/#primaryimage\"},\"thumbnailUrl\":\"https:\/\/espanola.lt\/wp-content\/uploads\/2023\/11\/Traskus-zemes-riesutu-turonas.jpg\",\"datePublished\":\"2023-11-07T10:13:13+00:00\",\"dateModified\":\"2025-01-07T13:50:09+00:00\",\"description\":\"Atraskite auk\u0161tos kokyb\u0117s ispani\u0161kus delikatesus \u2013 s\u016brius, kumpius, alyvuoges ir \u017euv\u012f. Tikras Ispanijos skonis tiesiai \u012f j\u016bs\u0173 namus.\",\"breadcrumb\":{\"@id\":\"https:\/\/espanola.lt\/produktas\/traskus-zemes-riesutu-turonas-150g\/#breadcrumb\"},\"inLanguage\":\"en-US\",\"potentialAction\":[{\"@type\":\"ReadAction\",\"target\":[\"https:\/\/espanola.lt\/produktas\/traskus-zemes-riesutu-turonas-150g\/\"]}]},{\"@type\":\"ImageObject\",\"inLanguage\":\"en-US\",\"@id\":\"https:\/\/espanola.lt\/produktas\/traskus-zemes-riesutu-turonas-150g\/#primaryimage\",\"url\":\"https:\/\/espanola.lt\/wp-content\/uploads\/2023\/11\/Traskus-zemes-riesutu-turonas.jpg\",\"contentUrl\":\"https:\/\/espanola.lt\/wp-content\/uploads\/2023\/11\/Traskus-zemes-riesutu-turonas.jpg\",\"width\":1200,\"height\":1200},{\"@type\":\"BreadcrumbList\",\"@id\":\"https:\/\/espanola.lt\/produktas\/traskus-zemes-riesutu-turonas-150g\/#breadcrumb\",\"itemListElement\":[{\"@type\":\"ListItem\",\"position\":1,\"name\":\"Home\",\"item\":\"https:\/\/espanola.lt\/en\/homepage\/\"},{\"@type\":\"ListItem\",\"position\":2,\"name\":\"Shop\",\"item\":\"https:\/\/espanola.lt\/en\/shop\/\"},{\"@type\":\"ListItem\",\"position\":3,\"name\":\"Tra\u0161kus \u017eem\u0117s rie\u0161ut\u0173 turonas, 150g.\"}]},{\"@type\":\"WebSite\",\"@id\":\"https:\/\/espanola.lt\/#website\",\"url\":\"https:\/\/espanola.lt\/\",\"name\":\"Espanola.lt | Tikras Ispanijos skonis \u2013 J\u016bs\u0173 namuose!\",\"description\":\"\",\"publisher\":{\"@id\":\"https:\/\/espanola.lt\/#organization\"},\"potentialAction\":[{\"@type\":\"SearchAction\",\"target\":{\"@type\":\"EntryPoint\",\"urlTemplate\":\"https:\/\/espanola.lt\/?s={search_term_string}\"},\"query-input\":{\"@type\":\"PropertyValueSpecification\",\"valueRequired\":true,\"valueName\":\"search_term_string\"}}],\"inLanguage\":\"en-US\"},{\"@type\":\"Organization\",\"@id\":\"https:\/\/espanola.lt\/#organization\",\"name\":\"Espanola.lt\",\"url\":\"https:\/\/espanola.lt\/\",\"logo\":{\"@type\":\"ImageObject\",\"inLanguage\":\"en-US\",\"@id\":\"https:\/\/espanola.lt\/#\/schema\/logo\/image\/\",\"url\":\"https:\/\/espanola.lt\/wp-content\/uploads\/2023\/03\/notext_color.png\",\"contentUrl\":\"https:\/\/espanola.lt\/wp-content\/uploads\/2023\/03\/notext_color.png\",\"width\":916,\"height\":204,\"caption\":\"Espanola.lt\"},\"image\":{\"@id\":\"https:\/\/espanola.lt\/#\/schema\/logo\/image\/\"},\"sameAs\":[\"https:\/\/www.facebook.com\/espanola.lt\",\"https:\/\/www.instagram.com\/espanola.lt\/\"]}]}<\/script>\n<!-- \/ Yoast SEO plugin. -->","yoast_head_json":{"title":"Tra\u0161kus \u017eem\u0117s rie\u0161ut\u0173 turonas, 150g. | Espanola.lt","description":"Atraskite auk\u0161tos kokyb\u0117s ispani\u0161kus delikatesus \u2013 s\u016brius, kumpius, alyvuoges ir \u017euv\u012f. Tikras Ispanijos skonis tiesiai \u012f j\u016bs\u0173 namus.","robots":{"index":"index","follow":"follow","max-snippet":"max-snippet:-1","max-image-preview":"max-image-preview:large","max-video-preview":"max-video-preview:-1"},"canonical":"https:\/\/espanola.lt\/produktas\/traskus-zemes-riesutu-turonas-150g\/","og_locale":"en_US","og_type":"article","og_title":"Tra\u0161kus \u017eem\u0117s rie\u0161ut\u0173 turonas, 150g. | Espanola.lt","og_description":"Atraskite auk\u0161tos kokyb\u0117s ispani\u0161kus delikatesus \u2013 s\u016brius, kumpius, alyvuoges ir \u017euv\u012f. Tikras Ispanijos skonis tiesiai \u012f j\u016bs\u0173 namus.","og_url":"https:\/\/espanola.lt\/produktas\/traskus-zemes-riesutu-turonas-150g\/","og_site_name":"Espanola","article_publisher":"https:\/\/www.facebook.com\/espanola.lt","article_modified_time":"2025-01-07T13:50:09+00:00","og_image":[{"width":1200,"height":1200,"url":"https:\/\/espanola.lt\/wp-content\/uploads\/2023\/11\/Traskus-zemes-riesutu-turonas.jpg","type":"image\/jpeg"}],"twitter_card":"summary_large_image","twitter_misc":{"Est. reading time":"1 minute"},"schema":{"@context":"https:\/\/schema.org","@graph":[{"@type":"WebPage","@id":"https:\/\/espanola.lt\/produktas\/traskus-zemes-riesutu-turonas-150g\/","url":"https:\/\/espanola.lt\/produktas\/traskus-zemes-riesutu-turonas-150g\/","name":"Tra\u0161kus \u017eem\u0117s rie\u0161ut\u0173 turonas, 150g. | Espanola.lt","isPartOf":{"@id":"https:\/\/espanola.lt\/#website"},"primaryImageOfPage":{"@id":"https:\/\/espanola.lt\/produktas\/traskus-zemes-riesutu-turonas-150g\/#primaryimage"},"image":{"@id":"https:\/\/espanola.lt\/produktas\/traskus-zemes-riesutu-turonas-150g\/#primaryimage"},"thumbnailUrl":"https:\/\/espanola.lt\/wp-content\/uploads\/2023\/11\/Traskus-zemes-riesutu-turonas.jpg","datePublished":"2023-11-07T10:13:13+00:00","dateModified":"2025-01-07T13:50:09+00:00","description":"Atraskite auk\u0161tos kokyb\u0117s ispani\u0161kus delikatesus \u2013 s\u016brius, kumpius, alyvuoges ir \u017euv\u012f. Tikras Ispanijos skonis tiesiai \u012f j\u016bs\u0173 namus.","breadcrumb":{"@id":"https:\/\/espanola.lt\/produktas\/traskus-zemes-riesutu-turonas-150g\/#breadcrumb"},"inLanguage":"en-US","potentialAction":[{"@type":"ReadAction","target":["https:\/\/espanola.lt\/produktas\/traskus-zemes-riesutu-turonas-150g\/"]}]},{"@type":"ImageObject","inLanguage":"en-US","@id":"https:\/\/espanola.lt\/produktas\/traskus-zemes-riesutu-turonas-150g\/#primaryimage","url":"https:\/\/espanola.lt\/wp-content\/uploads\/2023\/11\/Traskus-zemes-riesutu-turonas.jpg","contentUrl":"https:\/\/espanola.lt\/wp-content\/uploads\/2023\/11\/Traskus-zemes-riesutu-turonas.jpg","width":1200,"height":1200},{"@type":"BreadcrumbList","@id":"https:\/\/espanola.lt\/produktas\/traskus-zemes-riesutu-turonas-150g\/#breadcrumb","itemListElement":[{"@type":"ListItem","position":1,"name":"Home","item":"https:\/\/espanola.lt\/en\/homepage\/"},{"@type":"ListItem","position":2,"name":"Shop","item":"https:\/\/espanola.lt\/en\/shop\/"},{"@type":"ListItem","position":3,"name":"Tra\u0161kus \u017eem\u0117s rie\u0161ut\u0173 turonas, 150g."}]},{"@type":"WebSite","@id":"https:\/\/espanola.lt\/#website","url":"https:\/\/espanola.lt\/","name":"Espanola.lt | Tikras Ispanijos skonis \u2013 J\u016bs\u0173 namuose!","description":"","publisher":{"@id":"https:\/\/espanola.lt\/#organization"},"potentialAction":[{"@type":"SearchAction","target":{"@type":"EntryPoint","urlTemplate":"https:\/\/espanola.lt\/?s={search_term_string}"},"query-input":{"@type":"PropertyValueSpecification","valueRequired":true,"valueName":"search_term_string"}}],"inLanguage":"en-US"},{"@type":"Organization","@id":"https:\/\/espanola.lt\/#organization","name":"Espanola.lt","url":"https:\/\/espanola.lt\/","logo":{"@type":"ImageObject","inLanguage":"en-US","@id":"https:\/\/espanola.lt\/#\/schema\/logo\/image\/","url":"https:\/\/espanola.lt\/wp-content\/uploads\/2023\/03\/notext_color.png","contentUrl":"https:\/\/espanola.lt\/wp-content\/uploads\/2023\/03\/notext_color.png","width":916,"height":204,"caption":"Espanola.lt"},"image":{"@id":"https:\/\/espanola.lt\/#\/schema\/logo\/image\/"},"sameAs":["https:\/\/www.facebook.com\/espanola.lt","https:\/\/www.instagram.com\/espanola.lt\/"]}]}},"_links":{"self":[{"href":"https:\/\/espanola.lt\/en\/wp-json\/wp\/v2\/product\/23685"}],"collection":[{"href":"https:\/\/espanola.lt\/en\/wp-json\/wp\/v2\/product"}],"about":[{"href":"https:\/\/espanola.lt\/en\/wp-json\/wp\/v2\/types\/product"}],"version-history":[{"count":1,"href":"https:\/\/espanola.lt\/en\/wp-json\/wp\/v2\/product\/23685\/revisions"}],"predecessor-version":[{"id":23689,"href":"https:\/\/espanola.lt\/en\/wp-json\/wp\/v2\/product\/23685\/revisions\/23689"}],"wp:featuredmedia":[{"embeddable":true,"href":"https:\/\/espanola.lt\/en\/wp-json\/wp\/v2\/media\/23687"}],"wp:attachment":[{"href":"https:\/\/espanola.lt\/en\/wp-json\/wp\/v2\/media?parent=23685"}],"wp:term":[{"taxonomy":"product_brand","embeddable":true,"href":"https:\/\/espanola.lt\/en\/wp-json\/wp\/v2\/product_brand?post=23685"},{"taxonomy":"product_cat","embeddable":true,"href":"https:\/\/espanola.lt\/en\/wp-json\/wp\/v2\/product_cat?post=23685"},{"taxonomy":"product_tag","embeddable":true,"href":"https:\/\/espanola.lt\/en\/wp-json\/wp\/v2\/product_tag?post=23685"}],"curies":[{"name":"wp","href":"https:\/\/api.w.org\/{rel}","templated":true}]}}