{"id":23663,"date":"2023-11-07T09:10:14","date_gmt":"2023-11-07T09:10:14","guid":{"rendered":"https:\/\/espanola.lt\/?post_type=product&#038;p=23663"},"modified":"2025-03-18T12:43:20","modified_gmt":"2025-03-18T12:43:20","slug":"marcipaninis-su-apelsinu-gabaliukais-aplietas-sokoladu-200g","status":"publish","type":"product","link":"https:\/\/espanola.lt\/en\/produktas\/marcipaninis-su-apelsinu-gabaliukais-aplietas-sokoladu-200g\/","title":{"rendered":"Marcipaninis turonas su apelsin\u0173 gabaliukais, aplietas \u0161okoladu, 200g"},"content":{"rendered":"<p>Novatori\u0161ka ir tradicin\u0117 auk\u0161\u010diausios kokyb\u0117s nuga, skirta \u0161okolado m\u0117g\u0117jams, su migdol\u0173 tekst\u016bra, \u0161okoladu, bei apelsin\u0173 kvapo sinteze, kuri nukels jus \u012f tas ypatingas akimirkas. Koks geras derinys!<\/p>\n<p>San Andr\u00e9s pristato labai ypating\u0105 recept\u0105 su kokybi\u0161komis \u017ealiavomis, \u012fdirbiu<br \/>\nkuris jungia maltus migdolus (45%) ir apelsino kubelius, kuri\u0173 kulminacija yra<br \/>\ni\u0161or\u0117 padengta \u0161okoladine danga, kuri nepaliks abejing\u0173.<\/p>\n<p>Sudedamosios dalys: \u012edaras: (cukrus, migdolai (45%), cukruoti apelsinai (sulfitai), gliukoz\u0117s ir fruktoz\u0117s sirupas, esencija ir konservantai (E-200 ir E-202)). \u0160okolado danga: (cukrus, kakavos pasta, kakavos sviestas, emulsiklis: soj\u0173 lecitinas ir kvapioji med\u017eiaga: vanilinas). Kakava: \u0161okolade \u2013 ma\u017eiausiai 56 %. Energin\u0117 vert\u0117 2044 kj (490kcal) Riebalai 28 g (i\u0161 kuri\u0173 so\u010di\u0173j\u0173 riebal\u0173 r\u016bg\u0161\u010di\u0173 8 g), Angliavandeniai 50g, Cukr\u016bs 49 g, skaidulos 5g., Baltymai 7 g, Druska 0,1g. Grynasis svoris 200g. Gamintojas Frutas y turrones S.A. Kilm\u0117s \u0161alis: Ispanija<\/p>\n","protected":false},"excerpt":{"rendered":"<p>Novatori\u0161ka ir tradicin\u0117 auk\u0161\u010diausios kokyb\u0117s nuga, skirta \u0161okolado m\u0117g\u0117jams, su migdol\u0173 tekst\u016bra, \u0161okoladu, bei apelsin\u0173 kvapo sinteze, kuri nukels jus \u012f tas ypatingas akimirkas. Koks geras derinys! San Andr\u00e9s pristato labai ypating\u0105 recept\u0105 su kokybi\u0161komis \u017ealiavomis, \u012fdirbiu kuris jungia maltus migdolus (45%) ir apelsino kubelius, kuri\u0173 kulminacija yra i\u0161or\u0117 padengta \u0161okoladine danga, kuri nepaliks abejing\u0173. Sudedamosios dalys: \u012edaras: (cukrus, migdolai (45%), cukruoti apelsinai (sulfitai), gliukoz\u0117s ir fruktoz\u0117s sirupas, esencija ir konservantai (E-200 ir E-202)). \u0160okolado danga: (cukrus, kakavos pasta, kakavos sviestas, emulsiklis: soj\u0173 lecitinas ir kvapioji med\u017eiaga: vanilinas). Kakava: \u0161okolade \u2013 ma\u017eiausiai 56 %. Energin\u0117 vert\u0117 2044 kj (490kcal) Riebalai 28 g (i\u0161 kuri\u0173 so\u010di\u0173j\u0173 riebal\u0173 r\u016bg\u0161\u010di\u0173 8 g), Angliavandeniai 50g, Cukr\u016bs 49 g, skaidulos 5g., Baltymai 7 g, Druska 0,1g. Grynasis svoris 200g. Gamintojas Frutas y turrones S.A. Kilm\u0117s \u0161alis: Ispanija<\/p>\n","protected":false},"featured_media":23665,"template":"","meta":[],"product_brand":[],"product_cat":[131],"product_tag":[],"class_list":{"0":"post-23663","1":"product","2":"type-product","3":"status-publish","4":"has-post-thumbnail","6":"product_cat-saldumynai","8":"first","9":"outofstock","10":"shipping-taxable","11":"purchasable","12":"product-type-simple"},"yoast_head":"<!-- This site is optimized with the Yoast SEO plugin v23.7 - https:\/\/yoast.com\/wordpress\/plugins\/seo\/ -->\n<title>Marcipaninis turonas su apelsin\u0173 gabaliukais, aplietas \u0161okoladu, 200g | Espanola.lt<\/title>\n<meta name=\"description\" content=\"Atraskite auk\u0161tos kokyb\u0117s ispani\u0161kus delikatesus \u2013 s\u016brius, kumpius, alyvuoges ir \u017euv\u012f. Tikras Ispanijos skonis tiesiai \u012f j\u016bs\u0173 namus.\" \/>\n<meta name=\"robots\" content=\"index, follow, max-snippet:-1, max-image-preview:large, max-video-preview:-1\" \/>\n<link rel=\"canonical\" href=\"https:\/\/espanola.lt\/produktas\/marcipaninis-su-apelsinu-gabaliukais-aplietas-sokoladu-200g\/\" \/>\n<meta property=\"og:locale\" content=\"en_US\" \/>\n<meta property=\"og:type\" content=\"article\" \/>\n<meta property=\"og:title\" content=\"Marcipaninis turonas su apelsin\u0173 gabaliukais, aplietas \u0161okoladu, 200g | Espanola.lt\" \/>\n<meta property=\"og:description\" content=\"Atraskite auk\u0161tos kokyb\u0117s ispani\u0161kus delikatesus \u2013 s\u016brius, kumpius, alyvuoges ir \u017euv\u012f. Tikras Ispanijos skonis tiesiai \u012f j\u016bs\u0173 namus.\" \/>\n<meta property=\"og:url\" content=\"https:\/\/espanola.lt\/produktas\/marcipaninis-su-apelsinu-gabaliukais-aplietas-sokoladu-200g\/\" \/>\n<meta property=\"og:site_name\" content=\"Espanola\" \/>\n<meta property=\"article:publisher\" content=\"https:\/\/www.facebook.com\/espanola.lt\" \/>\n<meta property=\"article:modified_time\" content=\"2025-03-18T12:43:20+00:00\" \/>\n<meta property=\"og:image\" content=\"https:\/\/espanola.lt\/wp-content\/uploads\/2023\/11\/MArcipanine-nuga-su-apelsinu-gabaliukais200g-1024x1024.jpg\" \/>\n\t<meta property=\"og:image:width\" content=\"1024\" \/>\n\t<meta property=\"og:image:height\" content=\"1024\" \/>\n\t<meta property=\"og:image:type\" content=\"image\/jpeg\" \/>\n<meta name=\"twitter:card\" content=\"summary_large_image\" \/>\n<meta name=\"twitter:label1\" content=\"Est. reading time\" \/>\n\t<meta name=\"twitter:data1\" content=\"1 minute\" \/>\n<script type=\"application\/ld+json\" class=\"yoast-schema-graph\">{\"@context\":\"https:\/\/schema.org\",\"@graph\":[{\"@type\":\"WebPage\",\"@id\":\"https:\/\/espanola.lt\/produktas\/marcipaninis-su-apelsinu-gabaliukais-aplietas-sokoladu-200g\/\",\"url\":\"https:\/\/espanola.lt\/produktas\/marcipaninis-su-apelsinu-gabaliukais-aplietas-sokoladu-200g\/\",\"name\":\"Marcipaninis turonas su apelsin\u0173 gabaliukais, aplietas \u0161okoladu, 200g | Espanola.lt\",\"isPartOf\":{\"@id\":\"https:\/\/espanola.lt\/#website\"},\"primaryImageOfPage\":{\"@id\":\"https:\/\/espanola.lt\/produktas\/marcipaninis-su-apelsinu-gabaliukais-aplietas-sokoladu-200g\/#primaryimage\"},\"image\":{\"@id\":\"https:\/\/espanola.lt\/produktas\/marcipaninis-su-apelsinu-gabaliukais-aplietas-sokoladu-200g\/#primaryimage\"},\"thumbnailUrl\":\"https:\/\/espanola.lt\/wp-content\/uploads\/2023\/11\/MArcipanine-nuga-su-apelsinu-gabaliukais200g.jpg\",\"datePublished\":\"2023-11-07T09:10:14+00:00\",\"dateModified\":\"2025-03-18T12:43:20+00:00\",\"description\":\"Atraskite auk\u0161tos kokyb\u0117s ispani\u0161kus delikatesus \u2013 s\u016brius, kumpius, alyvuoges ir \u017euv\u012f. Tikras Ispanijos skonis tiesiai \u012f j\u016bs\u0173 namus.\",\"breadcrumb\":{\"@id\":\"https:\/\/espanola.lt\/produktas\/marcipaninis-su-apelsinu-gabaliukais-aplietas-sokoladu-200g\/#breadcrumb\"},\"inLanguage\":\"en-US\",\"potentialAction\":[{\"@type\":\"ReadAction\",\"target\":[\"https:\/\/espanola.lt\/produktas\/marcipaninis-su-apelsinu-gabaliukais-aplietas-sokoladu-200g\/\"]}]},{\"@type\":\"ImageObject\",\"inLanguage\":\"en-US\",\"@id\":\"https:\/\/espanola.lt\/produktas\/marcipaninis-su-apelsinu-gabaliukais-aplietas-sokoladu-200g\/#primaryimage\",\"url\":\"https:\/\/espanola.lt\/wp-content\/uploads\/2023\/11\/MArcipanine-nuga-su-apelsinu-gabaliukais200g.jpg\",\"contentUrl\":\"https:\/\/espanola.lt\/wp-content\/uploads\/2023\/11\/MArcipanine-nuga-su-apelsinu-gabaliukais200g.jpg\",\"width\":1200,\"height\":1200},{\"@type\":\"BreadcrumbList\",\"@id\":\"https:\/\/espanola.lt\/produktas\/marcipaninis-su-apelsinu-gabaliukais-aplietas-sokoladu-200g\/#breadcrumb\",\"itemListElement\":[{\"@type\":\"ListItem\",\"position\":1,\"name\":\"Home\",\"item\":\"https:\/\/espanola.lt\/en\/homepage\/\"},{\"@type\":\"ListItem\",\"position\":2,\"name\":\"Shop\",\"item\":\"https:\/\/espanola.lt\/en\/shop\/\"},{\"@type\":\"ListItem\",\"position\":3,\"name\":\"Marcipaninis turonas su apelsin\u0173 gabaliukais, aplietas \u0161okoladu, 200g\"}]},{\"@type\":\"WebSite\",\"@id\":\"https:\/\/espanola.lt\/#website\",\"url\":\"https:\/\/espanola.lt\/\",\"name\":\"Espanola.lt | Tikras Ispanijos skonis \u2013 J\u016bs\u0173 namuose!\",\"description\":\"\",\"publisher\":{\"@id\":\"https:\/\/espanola.lt\/#organization\"},\"potentialAction\":[{\"@type\":\"SearchAction\",\"target\":{\"@type\":\"EntryPoint\",\"urlTemplate\":\"https:\/\/espanola.lt\/?s={search_term_string}\"},\"query-input\":{\"@type\":\"PropertyValueSpecification\",\"valueRequired\":true,\"valueName\":\"search_term_string\"}}],\"inLanguage\":\"en-US\"},{\"@type\":\"Organization\",\"@id\":\"https:\/\/espanola.lt\/#organization\",\"name\":\"Espanola.lt\",\"url\":\"https:\/\/espanola.lt\/\",\"logo\":{\"@type\":\"ImageObject\",\"inLanguage\":\"en-US\",\"@id\":\"https:\/\/espanola.lt\/#\/schema\/logo\/image\/\",\"url\":\"https:\/\/espanola.lt\/wp-content\/uploads\/2023\/03\/notext_color.png\",\"contentUrl\":\"https:\/\/espanola.lt\/wp-content\/uploads\/2023\/03\/notext_color.png\",\"width\":916,\"height\":204,\"caption\":\"Espanola.lt\"},\"image\":{\"@id\":\"https:\/\/espanola.lt\/#\/schema\/logo\/image\/\"},\"sameAs\":[\"https:\/\/www.facebook.com\/espanola.lt\",\"https:\/\/www.instagram.com\/espanola.lt\/\"]}]}<\/script>\n<!-- \/ Yoast SEO plugin. -->","yoast_head_json":{"title":"Marcipaninis turonas su apelsin\u0173 gabaliukais, aplietas \u0161okoladu, 200g | Espanola.lt","description":"Atraskite auk\u0161tos kokyb\u0117s ispani\u0161kus delikatesus \u2013 s\u016brius, kumpius, alyvuoges ir \u017euv\u012f. Tikras Ispanijos skonis tiesiai \u012f j\u016bs\u0173 namus.","robots":{"index":"index","follow":"follow","max-snippet":"max-snippet:-1","max-image-preview":"max-image-preview:large","max-video-preview":"max-video-preview:-1"},"canonical":"https:\/\/espanola.lt\/produktas\/marcipaninis-su-apelsinu-gabaliukais-aplietas-sokoladu-200g\/","og_locale":"en_US","og_type":"article","og_title":"Marcipaninis turonas su apelsin\u0173 gabaliukais, aplietas \u0161okoladu, 200g | Espanola.lt","og_description":"Atraskite auk\u0161tos kokyb\u0117s ispani\u0161kus delikatesus \u2013 s\u016brius, kumpius, alyvuoges ir \u017euv\u012f. Tikras Ispanijos skonis tiesiai \u012f j\u016bs\u0173 namus.","og_url":"https:\/\/espanola.lt\/produktas\/marcipaninis-su-apelsinu-gabaliukais-aplietas-sokoladu-200g\/","og_site_name":"Espanola","article_publisher":"https:\/\/www.facebook.com\/espanola.lt","article_modified_time":"2025-03-18T12:43:20+00:00","og_image":[{"width":1024,"height":1024,"url":"https:\/\/espanola.lt\/wp-content\/uploads\/2023\/11\/MArcipanine-nuga-su-apelsinu-gabaliukais200g-1024x1024.jpg","type":"image\/jpeg"}],"twitter_card":"summary_large_image","twitter_misc":{"Est. reading time":"1 minute"},"schema":{"@context":"https:\/\/schema.org","@graph":[{"@type":"WebPage","@id":"https:\/\/espanola.lt\/produktas\/marcipaninis-su-apelsinu-gabaliukais-aplietas-sokoladu-200g\/","url":"https:\/\/espanola.lt\/produktas\/marcipaninis-su-apelsinu-gabaliukais-aplietas-sokoladu-200g\/","name":"Marcipaninis turonas su apelsin\u0173 gabaliukais, aplietas \u0161okoladu, 200g | Espanola.lt","isPartOf":{"@id":"https:\/\/espanola.lt\/#website"},"primaryImageOfPage":{"@id":"https:\/\/espanola.lt\/produktas\/marcipaninis-su-apelsinu-gabaliukais-aplietas-sokoladu-200g\/#primaryimage"},"image":{"@id":"https:\/\/espanola.lt\/produktas\/marcipaninis-su-apelsinu-gabaliukais-aplietas-sokoladu-200g\/#primaryimage"},"thumbnailUrl":"https:\/\/espanola.lt\/wp-content\/uploads\/2023\/11\/MArcipanine-nuga-su-apelsinu-gabaliukais200g.jpg","datePublished":"2023-11-07T09:10:14+00:00","dateModified":"2025-03-18T12:43:20+00:00","description":"Atraskite auk\u0161tos kokyb\u0117s ispani\u0161kus delikatesus \u2013 s\u016brius, kumpius, alyvuoges ir \u017euv\u012f. Tikras Ispanijos skonis tiesiai \u012f j\u016bs\u0173 namus.","breadcrumb":{"@id":"https:\/\/espanola.lt\/produktas\/marcipaninis-su-apelsinu-gabaliukais-aplietas-sokoladu-200g\/#breadcrumb"},"inLanguage":"en-US","potentialAction":[{"@type":"ReadAction","target":["https:\/\/espanola.lt\/produktas\/marcipaninis-su-apelsinu-gabaliukais-aplietas-sokoladu-200g\/"]}]},{"@type":"ImageObject","inLanguage":"en-US","@id":"https:\/\/espanola.lt\/produktas\/marcipaninis-su-apelsinu-gabaliukais-aplietas-sokoladu-200g\/#primaryimage","url":"https:\/\/espanola.lt\/wp-content\/uploads\/2023\/11\/MArcipanine-nuga-su-apelsinu-gabaliukais200g.jpg","contentUrl":"https:\/\/espanola.lt\/wp-content\/uploads\/2023\/11\/MArcipanine-nuga-su-apelsinu-gabaliukais200g.jpg","width":1200,"height":1200},{"@type":"BreadcrumbList","@id":"https:\/\/espanola.lt\/produktas\/marcipaninis-su-apelsinu-gabaliukais-aplietas-sokoladu-200g\/#breadcrumb","itemListElement":[{"@type":"ListItem","position":1,"name":"Home","item":"https:\/\/espanola.lt\/en\/homepage\/"},{"@type":"ListItem","position":2,"name":"Shop","item":"https:\/\/espanola.lt\/en\/shop\/"},{"@type":"ListItem","position":3,"name":"Marcipaninis turonas su apelsin\u0173 gabaliukais, aplietas \u0161okoladu, 200g"}]},{"@type":"WebSite","@id":"https:\/\/espanola.lt\/#website","url":"https:\/\/espanola.lt\/","name":"Espanola.lt | Tikras Ispanijos skonis \u2013 J\u016bs\u0173 namuose!","description":"","publisher":{"@id":"https:\/\/espanola.lt\/#organization"},"potentialAction":[{"@type":"SearchAction","target":{"@type":"EntryPoint","urlTemplate":"https:\/\/espanola.lt\/?s={search_term_string}"},"query-input":{"@type":"PropertyValueSpecification","valueRequired":true,"valueName":"search_term_string"}}],"inLanguage":"en-US"},{"@type":"Organization","@id":"https:\/\/espanola.lt\/#organization","name":"Espanola.lt","url":"https:\/\/espanola.lt\/","logo":{"@type":"ImageObject","inLanguage":"en-US","@id":"https:\/\/espanola.lt\/#\/schema\/logo\/image\/","url":"https:\/\/espanola.lt\/wp-content\/uploads\/2023\/03\/notext_color.png","contentUrl":"https:\/\/espanola.lt\/wp-content\/uploads\/2023\/03\/notext_color.png","width":916,"height":204,"caption":"Espanola.lt"},"image":{"@id":"https:\/\/espanola.lt\/#\/schema\/logo\/image\/"},"sameAs":["https:\/\/www.facebook.com\/espanola.lt","https:\/\/www.instagram.com\/espanola.lt\/"]}]}},"_links":{"self":[{"href":"https:\/\/espanola.lt\/en\/wp-json\/wp\/v2\/product\/23663"}],"collection":[{"href":"https:\/\/espanola.lt\/en\/wp-json\/wp\/v2\/product"}],"about":[{"href":"https:\/\/espanola.lt\/en\/wp-json\/wp\/v2\/types\/product"}],"version-history":[{"count":2,"href":"https:\/\/espanola.lt\/en\/wp-json\/wp\/v2\/product\/23663\/revisions"}],"predecessor-version":[{"id":23896,"href":"https:\/\/espanola.lt\/en\/wp-json\/wp\/v2\/product\/23663\/revisions\/23896"}],"wp:featuredmedia":[{"embeddable":true,"href":"https:\/\/espanola.lt\/en\/wp-json\/wp\/v2\/media\/23665"}],"wp:attachment":[{"href":"https:\/\/espanola.lt\/en\/wp-json\/wp\/v2\/media?parent=23663"}],"wp:term":[{"taxonomy":"product_brand","embeddable":true,"href":"https:\/\/espanola.lt\/en\/wp-json\/wp\/v2\/product_brand?post=23663"},{"taxonomy":"product_cat","embeddable":true,"href":"https:\/\/espanola.lt\/en\/wp-json\/wp\/v2\/product_cat?post=23663"},{"taxonomy":"product_tag","embeddable":true,"href":"https:\/\/espanola.lt\/en\/wp-json\/wp\/v2\/product_tag?post=23663"}],"curies":[{"name":"wp","href":"https:\/\/api.w.org\/{rel}","templated":true}]}}