{"id":23646,"date":"2023-11-07T08:45:40","date_gmt":"2023-11-07T08:45:40","guid":{"rendered":"https:\/\/espanola.lt\/?post_type=product&#038;p=23646"},"modified":"2023-11-07T08:45:40","modified_gmt":"2023-11-07T08:45:40","slug":"vanilinio-kremo-turonas-su-graikiskais-riesutais-200g","status":"publish","type":"product","link":"https:\/\/espanola.lt\/en\/produktas\/vanilinio-kremo-turonas-su-graikiskais-riesutais-200g\/","title":{"rendered":"Vanilinio kremo turonas su graiki\u0161kais rie\u0161utais 200g."},"content":{"rendered":"<p>\u0160ioje skanioje auk\u0161\u010diausios kokyb\u0117s tradicin\u0117je nugoje susilieja migdolai, graikiniai rie\u0161utai ir pienas, sukurdami j\u016bs\u0173 gomuriui skonio sprogim\u0105. Skanus derinys!<\/p>\n<p>Gaminamas i\u0161 cukraus ir gliukoz\u0117s sirupo mi\u0161inio, nepamir\u0161tant malt\u0173 migdol\u0173, graikini\u0173 rie\u0161ut\u0173 ir galiausiai pieno. Pajuskite skon\u012f ir kvap\u0105, kuris nukels jus \u012f ypatingas akimirkas!<\/p>\n<p>Sudedamosios dalys: Cukrus, migdolai (36%), graikiniai rie\u0161utai (10%), gliukoz\u0117s ir fruktoz\u0117s sirupas, pieno milteliai (2,5%), konservantai (E-1103), E-200, E-202 ir grietin\u0117l\u0117s skonis (0, 1%). Energin\u0117 vert\u0117 2100 kj (500kcal) Riebalai 29 g (i\u0161 kuri\u0173 so\u010di\u0173j\u0173 riebal\u0173 r\u016bg\u0161\u010di\u0173 3 g), Angliavandeniai 60g, Cukr\u016bs 45 g, skaidulos 1g., Baltymai 12 g, Druska 0,03g. Grynasis svoris 200g. Gamintojas Frutas y turrones S.A. Kilm\u0117s \u0161alis: Ispanija<\/p>\n","protected":false},"excerpt":{"rendered":"<p>\u0160ioje skanioje auk\u0161\u010diausios kokyb\u0117s tradicin\u0117je nugoje susilieja migdolai, graikiniai rie\u0161utai ir pienas, sukurdami j\u016bs\u0173 gomuriui skonio sprogim\u0105. Skanus derinys! Gaminamas i\u0161 cukraus ir gliukoz\u0117s sirupo mi\u0161inio, nepamir\u0161tant malt\u0173 migdol\u0173, graikini\u0173 rie\u0161ut\u0173 ir galiausiai pieno. Pajuskite skon\u012f ir kvap\u0105, kuris nukels jus \u012f ypatingas akimirkas! Sudedamosios dalys: Cukrus, migdolai (36%), graikiniai rie\u0161utai (10%), gliukoz\u0117s ir fruktoz\u0117s sirupas, pieno milteliai (2,5%), konservantai (E-1103), E-200, E-202 ir grietin\u0117l\u0117s skonis (0, 1%). Energin\u0117 vert\u0117 2100 kj (500kcal) Riebalai 29 g (i\u0161 kuri\u0173 so\u010di\u0173j\u0173 riebal\u0173 r\u016bg\u0161\u010di\u0173 3 g), Angliavandeniai 60g, Cukr\u016bs 45 g, skaidulos 1g., Baltymai 12 g, Druska 0,03g. Grynasis svoris 200g. Gamintojas Frutas y turrones S.A. Kilm\u0117s \u0161alis: Ispanija<\/p>\n","protected":false},"featured_media":23648,"template":"","meta":[],"product_brand":[],"product_cat":[15],"product_tag":[],"class_list":{"0":"post-23646","1":"product","2":"type-product","3":"status-publish","4":"has-post-thumbnail","6":"product_cat-uncategorized","8":"first","9":"instock","10":"shipping-taxable","11":"purchasable","12":"product-type-simple"},"yoast_head":"<!-- This site is optimized with the Yoast SEO plugin v23.7 - https:\/\/yoast.com\/wordpress\/plugins\/seo\/ -->\n<title>Vanilinio kremo turonas su graiki\u0161kais rie\u0161utais 200g. | Espanola.lt<\/title>\n<meta name=\"description\" content=\"Atraskite auk\u0161tos kokyb\u0117s ispani\u0161kus delikatesus \u2013 s\u016brius, kumpius, alyvuoges ir \u017euv\u012f. Tikras Ispanijos skonis tiesiai \u012f j\u016bs\u0173 namus.\" \/>\n<meta name=\"robots\" content=\"index, follow, max-snippet:-1, max-image-preview:large, max-video-preview:-1\" \/>\n<link rel=\"canonical\" href=\"https:\/\/espanola.lt\/produktas\/vanilinio-kremo-turonas-su-graikiskais-riesutais-200g\/\" \/>\n<meta property=\"og:locale\" content=\"en_US\" \/>\n<meta property=\"og:type\" content=\"article\" \/>\n<meta property=\"og:title\" content=\"Vanilinio kremo turonas su graiki\u0161kais rie\u0161utais 200g. | Espanola.lt\" \/>\n<meta property=\"og:description\" content=\"Atraskite auk\u0161tos kokyb\u0117s ispani\u0161kus delikatesus \u2013 s\u016brius, kumpius, alyvuoges ir \u017euv\u012f. Tikras Ispanijos skonis tiesiai \u012f j\u016bs\u0173 namus.\" \/>\n<meta property=\"og:url\" content=\"https:\/\/espanola.lt\/produktas\/vanilinio-kremo-turonas-su-graikiskais-riesutais-200g\/\" \/>\n<meta property=\"og:site_name\" content=\"Espanola\" \/>\n<meta property=\"article:publisher\" content=\"https:\/\/www.facebook.com\/espanola.lt\" \/>\n<meta property=\"og:image\" content=\"https:\/\/espanola.lt\/wp-content\/uploads\/2023\/11\/Vaniline-nuga-su-graikiniais-riesutais_200g-1024x1024.jpg\" \/>\n\t<meta property=\"og:image:width\" content=\"1024\" \/>\n\t<meta property=\"og:image:height\" content=\"1024\" \/>\n\t<meta property=\"og:image:type\" content=\"image\/jpeg\" \/>\n<meta name=\"twitter:card\" content=\"summary_large_image\" \/>\n<meta name=\"twitter:label1\" content=\"Est. reading time\" \/>\n\t<meta name=\"twitter:data1\" content=\"1 minute\" \/>\n<script type=\"application\/ld+json\" class=\"yoast-schema-graph\">{\"@context\":\"https:\/\/schema.org\",\"@graph\":[{\"@type\":\"WebPage\",\"@id\":\"https:\/\/espanola.lt\/produktas\/vanilinio-kremo-turonas-su-graikiskais-riesutais-200g\/\",\"url\":\"https:\/\/espanola.lt\/produktas\/vanilinio-kremo-turonas-su-graikiskais-riesutais-200g\/\",\"name\":\"Vanilinio kremo turonas su graiki\u0161kais rie\u0161utais 200g. | Espanola.lt\",\"isPartOf\":{\"@id\":\"https:\/\/espanola.lt\/#website\"},\"primaryImageOfPage\":{\"@id\":\"https:\/\/espanola.lt\/produktas\/vanilinio-kremo-turonas-su-graikiskais-riesutais-200g\/#primaryimage\"},\"image\":{\"@id\":\"https:\/\/espanola.lt\/produktas\/vanilinio-kremo-turonas-su-graikiskais-riesutais-200g\/#primaryimage\"},\"thumbnailUrl\":\"https:\/\/espanola.lt\/wp-content\/uploads\/2023\/11\/Vaniline-nuga-su-graikiniais-riesutais_200g.jpg\",\"datePublished\":\"2023-11-07T08:45:40+00:00\",\"dateModified\":\"2023-11-07T08:45:40+00:00\",\"description\":\"Atraskite auk\u0161tos kokyb\u0117s ispani\u0161kus delikatesus \u2013 s\u016brius, kumpius, alyvuoges ir \u017euv\u012f. Tikras Ispanijos skonis tiesiai \u012f j\u016bs\u0173 namus.\",\"breadcrumb\":{\"@id\":\"https:\/\/espanola.lt\/produktas\/vanilinio-kremo-turonas-su-graikiskais-riesutais-200g\/#breadcrumb\"},\"inLanguage\":\"en-US\",\"potentialAction\":[{\"@type\":\"ReadAction\",\"target\":[\"https:\/\/espanola.lt\/produktas\/vanilinio-kremo-turonas-su-graikiskais-riesutais-200g\/\"]}]},{\"@type\":\"ImageObject\",\"inLanguage\":\"en-US\",\"@id\":\"https:\/\/espanola.lt\/produktas\/vanilinio-kremo-turonas-su-graikiskais-riesutais-200g\/#primaryimage\",\"url\":\"https:\/\/espanola.lt\/wp-content\/uploads\/2023\/11\/Vaniline-nuga-su-graikiniais-riesutais_200g.jpg\",\"contentUrl\":\"https:\/\/espanola.lt\/wp-content\/uploads\/2023\/11\/Vaniline-nuga-su-graikiniais-riesutais_200g.jpg\",\"width\":1200,\"height\":1200},{\"@type\":\"BreadcrumbList\",\"@id\":\"https:\/\/espanola.lt\/produktas\/vanilinio-kremo-turonas-su-graikiskais-riesutais-200g\/#breadcrumb\",\"itemListElement\":[{\"@type\":\"ListItem\",\"position\":1,\"name\":\"Home\",\"item\":\"https:\/\/espanola.lt\/en\/homepage\/\"},{\"@type\":\"ListItem\",\"position\":2,\"name\":\"Shop\",\"item\":\"https:\/\/espanola.lt\/en\/shop\/\"},{\"@type\":\"ListItem\",\"position\":3,\"name\":\"Vanilinio kremo turonas su graiki\u0161kais rie\u0161utais 200g.\"}]},{\"@type\":\"WebSite\",\"@id\":\"https:\/\/espanola.lt\/#website\",\"url\":\"https:\/\/espanola.lt\/\",\"name\":\"Espanola.lt | Tikras Ispanijos skonis \u2013 J\u016bs\u0173 namuose!\",\"description\":\"\",\"publisher\":{\"@id\":\"https:\/\/espanola.lt\/#organization\"},\"potentialAction\":[{\"@type\":\"SearchAction\",\"target\":{\"@type\":\"EntryPoint\",\"urlTemplate\":\"https:\/\/espanola.lt\/?s={search_term_string}\"},\"query-input\":{\"@type\":\"PropertyValueSpecification\",\"valueRequired\":true,\"valueName\":\"search_term_string\"}}],\"inLanguage\":\"en-US\"},{\"@type\":\"Organization\",\"@id\":\"https:\/\/espanola.lt\/#organization\",\"name\":\"Espanola.lt\",\"url\":\"https:\/\/espanola.lt\/\",\"logo\":{\"@type\":\"ImageObject\",\"inLanguage\":\"en-US\",\"@id\":\"https:\/\/espanola.lt\/#\/schema\/logo\/image\/\",\"url\":\"https:\/\/espanola.lt\/wp-content\/uploads\/2023\/03\/notext_color.png\",\"contentUrl\":\"https:\/\/espanola.lt\/wp-content\/uploads\/2023\/03\/notext_color.png\",\"width\":916,\"height\":204,\"caption\":\"Espanola.lt\"},\"image\":{\"@id\":\"https:\/\/espanola.lt\/#\/schema\/logo\/image\/\"},\"sameAs\":[\"https:\/\/www.facebook.com\/espanola.lt\",\"https:\/\/www.instagram.com\/espanola.lt\/\"]}]}<\/script>\n<!-- \/ Yoast SEO plugin. -->","yoast_head_json":{"title":"Vanilinio kremo turonas su graiki\u0161kais rie\u0161utais 200g. | Espanola.lt","description":"Atraskite auk\u0161tos kokyb\u0117s ispani\u0161kus delikatesus \u2013 s\u016brius, kumpius, alyvuoges ir \u017euv\u012f. Tikras Ispanijos skonis tiesiai \u012f j\u016bs\u0173 namus.","robots":{"index":"index","follow":"follow","max-snippet":"max-snippet:-1","max-image-preview":"max-image-preview:large","max-video-preview":"max-video-preview:-1"},"canonical":"https:\/\/espanola.lt\/produktas\/vanilinio-kremo-turonas-su-graikiskais-riesutais-200g\/","og_locale":"en_US","og_type":"article","og_title":"Vanilinio kremo turonas su graiki\u0161kais rie\u0161utais 200g. | Espanola.lt","og_description":"Atraskite auk\u0161tos kokyb\u0117s ispani\u0161kus delikatesus \u2013 s\u016brius, kumpius, alyvuoges ir \u017euv\u012f. Tikras Ispanijos skonis tiesiai \u012f j\u016bs\u0173 namus.","og_url":"https:\/\/espanola.lt\/produktas\/vanilinio-kremo-turonas-su-graikiskais-riesutais-200g\/","og_site_name":"Espanola","article_publisher":"https:\/\/www.facebook.com\/espanola.lt","og_image":[{"width":1024,"height":1024,"url":"https:\/\/espanola.lt\/wp-content\/uploads\/2023\/11\/Vaniline-nuga-su-graikiniais-riesutais_200g-1024x1024.jpg","type":"image\/jpeg"}],"twitter_card":"summary_large_image","twitter_misc":{"Est. reading time":"1 minute"},"schema":{"@context":"https:\/\/schema.org","@graph":[{"@type":"WebPage","@id":"https:\/\/espanola.lt\/produktas\/vanilinio-kremo-turonas-su-graikiskais-riesutais-200g\/","url":"https:\/\/espanola.lt\/produktas\/vanilinio-kremo-turonas-su-graikiskais-riesutais-200g\/","name":"Vanilinio kremo turonas su graiki\u0161kais rie\u0161utais 200g. | Espanola.lt","isPartOf":{"@id":"https:\/\/espanola.lt\/#website"},"primaryImageOfPage":{"@id":"https:\/\/espanola.lt\/produktas\/vanilinio-kremo-turonas-su-graikiskais-riesutais-200g\/#primaryimage"},"image":{"@id":"https:\/\/espanola.lt\/produktas\/vanilinio-kremo-turonas-su-graikiskais-riesutais-200g\/#primaryimage"},"thumbnailUrl":"https:\/\/espanola.lt\/wp-content\/uploads\/2023\/11\/Vaniline-nuga-su-graikiniais-riesutais_200g.jpg","datePublished":"2023-11-07T08:45:40+00:00","dateModified":"2023-11-07T08:45:40+00:00","description":"Atraskite auk\u0161tos kokyb\u0117s ispani\u0161kus delikatesus \u2013 s\u016brius, kumpius, alyvuoges ir \u017euv\u012f. Tikras Ispanijos skonis tiesiai \u012f j\u016bs\u0173 namus.","breadcrumb":{"@id":"https:\/\/espanola.lt\/produktas\/vanilinio-kremo-turonas-su-graikiskais-riesutais-200g\/#breadcrumb"},"inLanguage":"en-US","potentialAction":[{"@type":"ReadAction","target":["https:\/\/espanola.lt\/produktas\/vanilinio-kremo-turonas-su-graikiskais-riesutais-200g\/"]}]},{"@type":"ImageObject","inLanguage":"en-US","@id":"https:\/\/espanola.lt\/produktas\/vanilinio-kremo-turonas-su-graikiskais-riesutais-200g\/#primaryimage","url":"https:\/\/espanola.lt\/wp-content\/uploads\/2023\/11\/Vaniline-nuga-su-graikiniais-riesutais_200g.jpg","contentUrl":"https:\/\/espanola.lt\/wp-content\/uploads\/2023\/11\/Vaniline-nuga-su-graikiniais-riesutais_200g.jpg","width":1200,"height":1200},{"@type":"BreadcrumbList","@id":"https:\/\/espanola.lt\/produktas\/vanilinio-kremo-turonas-su-graikiskais-riesutais-200g\/#breadcrumb","itemListElement":[{"@type":"ListItem","position":1,"name":"Home","item":"https:\/\/espanola.lt\/en\/homepage\/"},{"@type":"ListItem","position":2,"name":"Shop","item":"https:\/\/espanola.lt\/en\/shop\/"},{"@type":"ListItem","position":3,"name":"Vanilinio kremo turonas su graiki\u0161kais rie\u0161utais 200g."}]},{"@type":"WebSite","@id":"https:\/\/espanola.lt\/#website","url":"https:\/\/espanola.lt\/","name":"Espanola.lt | Tikras Ispanijos skonis \u2013 J\u016bs\u0173 namuose!","description":"","publisher":{"@id":"https:\/\/espanola.lt\/#organization"},"potentialAction":[{"@type":"SearchAction","target":{"@type":"EntryPoint","urlTemplate":"https:\/\/espanola.lt\/?s={search_term_string}"},"query-input":{"@type":"PropertyValueSpecification","valueRequired":true,"valueName":"search_term_string"}}],"inLanguage":"en-US"},{"@type":"Organization","@id":"https:\/\/espanola.lt\/#organization","name":"Espanola.lt","url":"https:\/\/espanola.lt\/","logo":{"@type":"ImageObject","inLanguage":"en-US","@id":"https:\/\/espanola.lt\/#\/schema\/logo\/image\/","url":"https:\/\/espanola.lt\/wp-content\/uploads\/2023\/03\/notext_color.png","contentUrl":"https:\/\/espanola.lt\/wp-content\/uploads\/2023\/03\/notext_color.png","width":916,"height":204,"caption":"Espanola.lt"},"image":{"@id":"https:\/\/espanola.lt\/#\/schema\/logo\/image\/"},"sameAs":["https:\/\/www.facebook.com\/espanola.lt","https:\/\/www.instagram.com\/espanola.lt\/"]}]}},"_links":{"self":[{"href":"https:\/\/espanola.lt\/en\/wp-json\/wp\/v2\/product\/23646"}],"collection":[{"href":"https:\/\/espanola.lt\/en\/wp-json\/wp\/v2\/product"}],"about":[{"href":"https:\/\/espanola.lt\/en\/wp-json\/wp\/v2\/types\/product"}],"version-history":[{"count":1,"href":"https:\/\/espanola.lt\/en\/wp-json\/wp\/v2\/product\/23646\/revisions"}],"predecessor-version":[{"id":23650,"href":"https:\/\/espanola.lt\/en\/wp-json\/wp\/v2\/product\/23646\/revisions\/23650"}],"wp:featuredmedia":[{"embeddable":true,"href":"https:\/\/espanola.lt\/en\/wp-json\/wp\/v2\/media\/23648"}],"wp:attachment":[{"href":"https:\/\/espanola.lt\/en\/wp-json\/wp\/v2\/media?parent=23646"}],"wp:term":[{"taxonomy":"product_brand","embeddable":true,"href":"https:\/\/espanola.lt\/en\/wp-json\/wp\/v2\/product_brand?post=23646"},{"taxonomy":"product_cat","embeddable":true,"href":"https:\/\/espanola.lt\/en\/wp-json\/wp\/v2\/product_cat?post=23646"},{"taxonomy":"product_tag","embeddable":true,"href":"https:\/\/espanola.lt\/en\/wp-json\/wp\/v2\/product_tag?post=23646"}],"curies":[{"name":"wp","href":"https:\/\/api.w.org\/{rel}","templated":true}]}}