{"id":23603,"date":"2023-11-07T08:33:45","date_gmt":"2023-11-07T08:33:45","guid":{"rendered":"https:\/\/espanola.lt\/?post_type=product&#038;p=23603"},"modified":"2024-12-06T07:09:09","modified_gmt":"2024-12-06T07:09:09","slug":"triufeliu-sokoladas-200g","status":"publish","type":"product","link":"https:\/\/espanola.lt\/en\/produktas\/triufeliu-sokoladas-200g\/","title":{"rendered":"Triufeli\u0173 \u0161okoladas 200g."},"content":{"rendered":"<p>Tobula nuga \u0161okolado m\u0117g\u0117jams, m\u016bs\u0173 triufelin\u0117 \u0161okoladin\u0117 nuga, vienas i\u0161 t\u0173 nepamir\u0161tam\u0173 skoni\u0173, kuris patiks ir suaugusiems, ir vaikams!<\/p>\n<p>Atraskite nenugalim\u0105 skoni\u0173 susiliejim\u0105 tarp\u00a0 triufeli\u0173 <span style=\"letter-spacing: 0px;\">\u0161okoladin\u0117s nugos ir juodojo \u0161okolado!<\/span><\/p>\n<p>Sudedamosios dalys: Kakavos pasta, cukrus, kondensuotas pienas (pienas, cukrus), nehidrinti augaliniai palmi\u0173 riebalai, kakavos sviestas, gliukoz\u0117s-fruktoz\u0117s sirupas, stabilizatorius: sorbitolis, emulsiklis: soj\u0173 lecitinas, konservantas: kalio sorbatas, nat\u016bralus vanil\u0117s skonis. Ma\u017eiausiai kakavos 35%. Energin\u0117 vert\u0117 2222kj (550kcal) Riebalai 37 g (i\u0161 kuri\u0173 so\u010di\u0173j\u0173 riebal\u0173 r\u016bg\u0161\u010di\u0173 21g), Angliavandeniai 43g, Cukr\u016bs 39 g, skaidulos 5g., Baltymai 6 g, Druska 0,1g. Grynasis svoris 200g. Gamintojas Frutas y turrones S.A. Kilm\u0117s \u0161alis: Ispanija<\/p>\n<p>&nbsp;<\/p>\n","protected":false},"excerpt":{"rendered":"<p>Tobula nuga \u0161okolado m\u0117g\u0117jams, m\u016bs\u0173 triufelin\u0117 \u0161okoladin\u0117 nuga, vienas i\u0161 t\u0173 nepamir\u0161tam\u0173 skoni\u0173, kuris patiks ir suaugusiems, ir vaikams! Atraskite nenugalim\u0105 skoni\u0173 susiliejim\u0105 tarp\u00a0 triufeli\u0173 \u0161okoladin\u0117s nugos ir juodojo \u0161okolado! Sudedamosios dalys: Kakavos pasta, cukrus, kondensuotas pienas (pienas, cukrus), nehidrinti augaliniai palmi\u0173 riebalai, kakavos sviestas, gliukoz\u0117s-fruktoz\u0117s sirupas, stabilizatorius: sorbitolis, emulsiklis: soj\u0173 lecitinas, konservantas: kalio sorbatas, nat\u016bralus vanil\u0117s skonis. Ma\u017eiausiai kakavos 35%. Energin\u0117 vert\u0117 2222kj (550kcal) Riebalai 37 g (i\u0161 kuri\u0173 so\u010di\u0173j\u0173 riebal\u0173 r\u016bg\u0161\u010di\u0173 21g), Angliavandeniai 43g, Cukr\u016bs 39 g, skaidulos 5g., Baltymai 6 g, Druska 0,1g. Grynasis svoris 200g. Gamintojas Frutas y turrones S.A. Kilm\u0117s \u0161alis: Ispanija &nbsp;<\/p>\n","protected":false},"featured_media":23640,"template":"","meta":[],"product_brand":[],"product_cat":[131],"product_tag":[],"class_list":{"0":"post-23603","1":"product","2":"type-product","3":"status-publish","4":"has-post-thumbnail","6":"product_cat-saldumynai","8":"first","9":"outofstock","10":"shipping-taxable","11":"purchasable","12":"product-type-simple"},"yoast_head":"<!-- This site is optimized with the Yoast SEO plugin v23.7 - https:\/\/yoast.com\/wordpress\/plugins\/seo\/ -->\n<title>Triufeli\u0173 \u0161okoladas 200g. | Espanola.lt<\/title>\n<meta name=\"description\" content=\"Atraskite auk\u0161tos kokyb\u0117s ispani\u0161kus delikatesus \u2013 s\u016brius, kumpius, alyvuoges ir \u017euv\u012f. Tikras Ispanijos skonis tiesiai \u012f j\u016bs\u0173 namus.\" \/>\n<meta name=\"robots\" content=\"index, follow, max-snippet:-1, max-image-preview:large, max-video-preview:-1\" \/>\n<link rel=\"canonical\" href=\"https:\/\/espanola.lt\/produktas\/triufeliu-sokoladas-200g\/\" \/>\n<meta property=\"og:locale\" content=\"en_US\" \/>\n<meta property=\"og:type\" content=\"article\" \/>\n<meta property=\"og:title\" content=\"Triufeli\u0173 \u0161okoladas 200g. | Espanola.lt\" \/>\n<meta property=\"og:description\" content=\"Atraskite auk\u0161tos kokyb\u0117s ispani\u0161kus delikatesus \u2013 s\u016brius, kumpius, alyvuoges ir \u017euv\u012f. Tikras Ispanijos skonis tiesiai \u012f j\u016bs\u0173 namus.\" \/>\n<meta property=\"og:url\" content=\"https:\/\/espanola.lt\/produktas\/triufeliu-sokoladas-200g\/\" \/>\n<meta property=\"og:site_name\" content=\"Espanola\" \/>\n<meta property=\"article:publisher\" content=\"https:\/\/www.facebook.com\/espanola.lt\" \/>\n<meta property=\"article:modified_time\" content=\"2024-12-06T07:09:09+00:00\" \/>\n<meta property=\"og:image\" content=\"https:\/\/espanola.lt\/wp-content\/uploads\/2023\/11\/triufeliu-sokoladas_200g.jpg\" \/>\n\t<meta property=\"og:image:width\" content=\"640\" \/>\n\t<meta property=\"og:image:height\" content=\"640\" \/>\n\t<meta property=\"og:image:type\" content=\"image\/jpeg\" \/>\n<meta name=\"twitter:card\" content=\"summary_large_image\" \/>\n<meta name=\"twitter:label1\" content=\"Est. reading time\" \/>\n\t<meta name=\"twitter:data1\" content=\"1 minute\" \/>\n<script type=\"application\/ld+json\" class=\"yoast-schema-graph\">{\"@context\":\"https:\/\/schema.org\",\"@graph\":[{\"@type\":\"WebPage\",\"@id\":\"https:\/\/espanola.lt\/produktas\/triufeliu-sokoladas-200g\/\",\"url\":\"https:\/\/espanola.lt\/produktas\/triufeliu-sokoladas-200g\/\",\"name\":\"Triufeli\u0173 \u0161okoladas 200g. | Espanola.lt\",\"isPartOf\":{\"@id\":\"https:\/\/espanola.lt\/#website\"},\"primaryImageOfPage\":{\"@id\":\"https:\/\/espanola.lt\/produktas\/triufeliu-sokoladas-200g\/#primaryimage\"},\"image\":{\"@id\":\"https:\/\/espanola.lt\/produktas\/triufeliu-sokoladas-200g\/#primaryimage\"},\"thumbnailUrl\":\"https:\/\/espanola.lt\/wp-content\/uploads\/2023\/11\/triufeliu-sokoladas_200g.jpg\",\"datePublished\":\"2023-11-07T08:33:45+00:00\",\"dateModified\":\"2024-12-06T07:09:09+00:00\",\"description\":\"Atraskite auk\u0161tos kokyb\u0117s ispani\u0161kus delikatesus \u2013 s\u016brius, kumpius, alyvuoges ir \u017euv\u012f. Tikras Ispanijos skonis tiesiai \u012f j\u016bs\u0173 namus.\",\"breadcrumb\":{\"@id\":\"https:\/\/espanola.lt\/produktas\/triufeliu-sokoladas-200g\/#breadcrumb\"},\"inLanguage\":\"en-US\",\"potentialAction\":[{\"@type\":\"ReadAction\",\"target\":[\"https:\/\/espanola.lt\/produktas\/triufeliu-sokoladas-200g\/\"]}]},{\"@type\":\"ImageObject\",\"inLanguage\":\"en-US\",\"@id\":\"https:\/\/espanola.lt\/produktas\/triufeliu-sokoladas-200g\/#primaryimage\",\"url\":\"https:\/\/espanola.lt\/wp-content\/uploads\/2023\/11\/triufeliu-sokoladas_200g.jpg\",\"contentUrl\":\"https:\/\/espanola.lt\/wp-content\/uploads\/2023\/11\/triufeliu-sokoladas_200g.jpg\",\"width\":1200,\"height\":1200},{\"@type\":\"BreadcrumbList\",\"@id\":\"https:\/\/espanola.lt\/produktas\/triufeliu-sokoladas-200g\/#breadcrumb\",\"itemListElement\":[{\"@type\":\"ListItem\",\"position\":1,\"name\":\"Home\",\"item\":\"https:\/\/espanola.lt\/en\/homepage\/\"},{\"@type\":\"ListItem\",\"position\":2,\"name\":\"Shop\",\"item\":\"https:\/\/espanola.lt\/en\/shop\/\"},{\"@type\":\"ListItem\",\"position\":3,\"name\":\"Triufeli\u0173 \u0161okoladas 200g.\"}]},{\"@type\":\"WebSite\",\"@id\":\"https:\/\/espanola.lt\/#website\",\"url\":\"https:\/\/espanola.lt\/\",\"name\":\"Espanola.lt | Tikras Ispanijos skonis \u2013 J\u016bs\u0173 namuose!\",\"description\":\"\",\"publisher\":{\"@id\":\"https:\/\/espanola.lt\/#organization\"},\"potentialAction\":[{\"@type\":\"SearchAction\",\"target\":{\"@type\":\"EntryPoint\",\"urlTemplate\":\"https:\/\/espanola.lt\/?s={search_term_string}\"},\"query-input\":{\"@type\":\"PropertyValueSpecification\",\"valueRequired\":true,\"valueName\":\"search_term_string\"}}],\"inLanguage\":\"en-US\"},{\"@type\":\"Organization\",\"@id\":\"https:\/\/espanola.lt\/#organization\",\"name\":\"Espanola.lt\",\"url\":\"https:\/\/espanola.lt\/\",\"logo\":{\"@type\":\"ImageObject\",\"inLanguage\":\"en-US\",\"@id\":\"https:\/\/espanola.lt\/#\/schema\/logo\/image\/\",\"url\":\"https:\/\/espanola.lt\/wp-content\/uploads\/2023\/03\/notext_color.png\",\"contentUrl\":\"https:\/\/espanola.lt\/wp-content\/uploads\/2023\/03\/notext_color.png\",\"width\":916,\"height\":204,\"caption\":\"Espanola.lt\"},\"image\":{\"@id\":\"https:\/\/espanola.lt\/#\/schema\/logo\/image\/\"},\"sameAs\":[\"https:\/\/www.facebook.com\/espanola.lt\",\"https:\/\/www.instagram.com\/espanola.lt\/\"]}]}<\/script>\n<!-- \/ Yoast SEO plugin. -->","yoast_head_json":{"title":"Triufeli\u0173 \u0161okoladas 200g. | Espanola.lt","description":"Atraskite auk\u0161tos kokyb\u0117s ispani\u0161kus delikatesus \u2013 s\u016brius, kumpius, alyvuoges ir \u017euv\u012f. Tikras Ispanijos skonis tiesiai \u012f j\u016bs\u0173 namus.","robots":{"index":"index","follow":"follow","max-snippet":"max-snippet:-1","max-image-preview":"max-image-preview:large","max-video-preview":"max-video-preview:-1"},"canonical":"https:\/\/espanola.lt\/produktas\/triufeliu-sokoladas-200g\/","og_locale":"en_US","og_type":"article","og_title":"Triufeli\u0173 \u0161okoladas 200g. | Espanola.lt","og_description":"Atraskite auk\u0161tos kokyb\u0117s ispani\u0161kus delikatesus \u2013 s\u016brius, kumpius, alyvuoges ir \u017euv\u012f. Tikras Ispanijos skonis tiesiai \u012f j\u016bs\u0173 namus.","og_url":"https:\/\/espanola.lt\/produktas\/triufeliu-sokoladas-200g\/","og_site_name":"Espanola","article_publisher":"https:\/\/www.facebook.com\/espanola.lt","article_modified_time":"2024-12-06T07:09:09+00:00","og_image":[{"url":"https:\/\/espanola.lt\/wp-content\/uploads\/2023\/11\/triufeliu-sokoladas_200g.jpg","width":640,"height":640,"type":"image\/jpeg"}],"twitter_card":"summary_large_image","twitter_misc":{"Est. reading time":"1 minute"},"schema":{"@context":"https:\/\/schema.org","@graph":[{"@type":"WebPage","@id":"https:\/\/espanola.lt\/produktas\/triufeliu-sokoladas-200g\/","url":"https:\/\/espanola.lt\/produktas\/triufeliu-sokoladas-200g\/","name":"Triufeli\u0173 \u0161okoladas 200g. | Espanola.lt","isPartOf":{"@id":"https:\/\/espanola.lt\/#website"},"primaryImageOfPage":{"@id":"https:\/\/espanola.lt\/produktas\/triufeliu-sokoladas-200g\/#primaryimage"},"image":{"@id":"https:\/\/espanola.lt\/produktas\/triufeliu-sokoladas-200g\/#primaryimage"},"thumbnailUrl":"https:\/\/espanola.lt\/wp-content\/uploads\/2023\/11\/triufeliu-sokoladas_200g.jpg","datePublished":"2023-11-07T08:33:45+00:00","dateModified":"2024-12-06T07:09:09+00:00","description":"Atraskite auk\u0161tos kokyb\u0117s ispani\u0161kus delikatesus \u2013 s\u016brius, kumpius, alyvuoges ir \u017euv\u012f. Tikras Ispanijos skonis tiesiai \u012f j\u016bs\u0173 namus.","breadcrumb":{"@id":"https:\/\/espanola.lt\/produktas\/triufeliu-sokoladas-200g\/#breadcrumb"},"inLanguage":"en-US","potentialAction":[{"@type":"ReadAction","target":["https:\/\/espanola.lt\/produktas\/triufeliu-sokoladas-200g\/"]}]},{"@type":"ImageObject","inLanguage":"en-US","@id":"https:\/\/espanola.lt\/produktas\/triufeliu-sokoladas-200g\/#primaryimage","url":"https:\/\/espanola.lt\/wp-content\/uploads\/2023\/11\/triufeliu-sokoladas_200g.jpg","contentUrl":"https:\/\/espanola.lt\/wp-content\/uploads\/2023\/11\/triufeliu-sokoladas_200g.jpg","width":1200,"height":1200},{"@type":"BreadcrumbList","@id":"https:\/\/espanola.lt\/produktas\/triufeliu-sokoladas-200g\/#breadcrumb","itemListElement":[{"@type":"ListItem","position":1,"name":"Home","item":"https:\/\/espanola.lt\/en\/homepage\/"},{"@type":"ListItem","position":2,"name":"Shop","item":"https:\/\/espanola.lt\/en\/shop\/"},{"@type":"ListItem","position":3,"name":"Triufeli\u0173 \u0161okoladas 200g."}]},{"@type":"WebSite","@id":"https:\/\/espanola.lt\/#website","url":"https:\/\/espanola.lt\/","name":"Espanola.lt | Tikras Ispanijos skonis \u2013 J\u016bs\u0173 namuose!","description":"","publisher":{"@id":"https:\/\/espanola.lt\/#organization"},"potentialAction":[{"@type":"SearchAction","target":{"@type":"EntryPoint","urlTemplate":"https:\/\/espanola.lt\/?s={search_term_string}"},"query-input":{"@type":"PropertyValueSpecification","valueRequired":true,"valueName":"search_term_string"}}],"inLanguage":"en-US"},{"@type":"Organization","@id":"https:\/\/espanola.lt\/#organization","name":"Espanola.lt","url":"https:\/\/espanola.lt\/","logo":{"@type":"ImageObject","inLanguage":"en-US","@id":"https:\/\/espanola.lt\/#\/schema\/logo\/image\/","url":"https:\/\/espanola.lt\/wp-content\/uploads\/2023\/03\/notext_color.png","contentUrl":"https:\/\/espanola.lt\/wp-content\/uploads\/2023\/03\/notext_color.png","width":916,"height":204,"caption":"Espanola.lt"},"image":{"@id":"https:\/\/espanola.lt\/#\/schema\/logo\/image\/"},"sameAs":["https:\/\/www.facebook.com\/espanola.lt","https:\/\/www.instagram.com\/espanola.lt\/"]}]}},"_links":{"self":[{"href":"https:\/\/espanola.lt\/en\/wp-json\/wp\/v2\/product\/23603"}],"collection":[{"href":"https:\/\/espanola.lt\/en\/wp-json\/wp\/v2\/product"}],"about":[{"href":"https:\/\/espanola.lt\/en\/wp-json\/wp\/v2\/types\/product"}],"version-history":[{"count":1,"href":"https:\/\/espanola.lt\/en\/wp-json\/wp\/v2\/product\/23603\/revisions"}],"predecessor-version":[{"id":23642,"href":"https:\/\/espanola.lt\/en\/wp-json\/wp\/v2\/product\/23603\/revisions\/23642"}],"wp:featuredmedia":[{"embeddable":true,"href":"https:\/\/espanola.lt\/en\/wp-json\/wp\/v2\/media\/23640"}],"wp:attachment":[{"href":"https:\/\/espanola.lt\/en\/wp-json\/wp\/v2\/media?parent=23603"}],"wp:term":[{"taxonomy":"product_brand","embeddable":true,"href":"https:\/\/espanola.lt\/en\/wp-json\/wp\/v2\/product_brand?post=23603"},{"taxonomy":"product_cat","embeddable":true,"href":"https:\/\/espanola.lt\/en\/wp-json\/wp\/v2\/product_cat?post=23603"},{"taxonomy":"product_tag","embeddable":true,"href":"https:\/\/espanola.lt\/en\/wp-json\/wp\/v2\/product_tag?post=23603"}],"curies":[{"name":"wp","href":"https:\/\/api.w.org\/{rel}","templated":true}]}}