{"id":23066,"date":"2023-04-12T10:44:20","date_gmt":"2023-04-12T10:44:20","guid":{"rendered":"https:\/\/espanola.lt\/?post_type=product&#038;p=23066"},"modified":"2026-04-08T10:14:36","modified_gmt":"2026-04-08T10:14:36","slug":"alyvuoges-zalios-su-agurkelias-pikantiskame-marinate-kimbitos-dulce-pica-950g","status":"publish","type":"product","link":"https:\/\/espanola.lt\/en\/produktas\/alyvuoges-zalios-su-agurkelias-pikantiskame-marinate-kimbitos-dulce-pica-950g\/","title":{"rendered":"Alyvuog\u0117s \u017ealios su agurk\u0117lias pikanti\u0161kame pada\u017ee &#8220;Kimbitos Dulce Pica&#8221;, 950g."},"content":{"rendered":"<p>Be Gliuteno.<br \/>\nSud\u0117tis: \u017ealios alyvuog\u0117s be kauliuk\u0173, agurkai (yra sulfit\u0173), cukrus, a\u0161trus pipiras(yra sulfit\u0173), vanduo, druska, E-621, E635, r\u016bg\u0161tiklis: citrinos r\u016bg\u0161tis ir antioksidantas: askorbo r\u016bg\u0161tis, aromatai, prieskoniai. Gali b\u016bti sulfit\u0173, \u017euvies ir migdol\u0173 p\u0117dsak\u0173. Pirmoji kategorija. (PASTERIZUOTA), Maistin\u0117 vert\u0117: Vert\u0117s 100 g produkto Energin\u0117 vert\u0117 484 kj (115 kcal) Riebalai 10,0 g (i\u0161 kuri\u0173 so\u010di\u0173j\u0173 riebal\u0173 r\u016bg\u0161\u010di\u0173 0,2 g.), Angliavandeniai 3,6 g., i\u0161 kuri\u0173 Cukr\u016bs 0 g, Skaidulin\u0117s med\u017eiagos 3,2 g, Baltymai 1,1 g, Druska 2,61 g. Laikyti v\u0117sioje vietoje. Atidarius pakuot\u0119 laikyti \u0161aldytuve ir su vartoti per 7dienas. Partijos Nr.\/Geriausia suvartoti iki: \u017er. pakuot\u0119. Grynasis svoris 500g. Gamintojas Berna; Alimentacion, S.L. . Kilm\u0117s \u0161alis: Ispanija<\/p>\n","protected":false},"excerpt":{"rendered":"<p>Be Gliuteno. Sud\u0117tis: \u017ealios alyvuog\u0117s be kauliuk\u0173, agurkai (yra sulfit\u0173), cukrus, a\u0161trus pipiras(yra sulfit\u0173), vanduo, druska, E-621, E635, r\u016bg\u0161tiklis: citrinos r\u016bg\u0161tis ir antioksidantas: askorbo r\u016bg\u0161tis, aromatai, prieskoniai. Gali b\u016bti sulfit\u0173, \u017euvies ir migdol\u0173 p\u0117dsak\u0173. Pirmoji kategorija. (PASTERIZUOTA), Maistin\u0117 vert\u0117: Vert\u0117s 100 g produkto Energin\u0117 vert\u0117 484 kj (115 kcal) Riebalai 10,0 g (i\u0161 kuri\u0173 so\u010di\u0173j\u0173 riebal\u0173 r\u016bg\u0161\u010di\u0173 0,2 g.), Angliavandeniai 3,6 g., i\u0161 kuri\u0173 Cukr\u016bs 0 g, Skaidulin\u0117s med\u017eiagos 3,2 g, Baltymai 1,1 g, Druska 2,61 g. Laikyti v\u0117sioje vietoje. Atidarius pakuot\u0119 laikyti \u0161aldytuve ir su vartoti per 7dienas. Partijos Nr.\/Geriausia suvartoti iki: \u017er. pakuot\u0119. Grynasis svoris 500g. Gamintojas Berna; Alimentacion, S.L. . Kilm\u0117s \u0161alis: Ispanija<\/p>\n","protected":false},"featured_media":23069,"template":"","meta":[],"product_brand":[],"product_cat":[112,113,110],"product_tag":[],"class_list":{"0":"post-23066","1":"product","2":"type-product","3":"status-publish","4":"has-post-thumbnail","6":"product_cat-alyvuoges","7":"product_cat-alyvuoges-3","8":"product_cat-horeca-2","10":"first","11":"instock","12":"shipping-taxable","13":"purchasable","14":"product-type-simple"},"yoast_head":"<!-- This site is optimized with the Yoast SEO plugin v23.7 - https:\/\/yoast.com\/wordpress\/plugins\/seo\/ -->\n<title>Alyvuog\u0117s \u017ealios su agurk\u0117lias pikanti\u0161kame pada\u017ee &quot;Kimbitos Dulce Pica&quot;, 950g. | Espanola.lt<\/title>\n<meta name=\"description\" content=\"Atraskite auk\u0161tos kokyb\u0117s ispani\u0161kus delikatesus \u2013 s\u016brius, kumpius, alyvuoges ir \u017euv\u012f. Tikras Ispanijos skonis tiesiai \u012f j\u016bs\u0173 namus.\" \/>\n<meta name=\"robots\" content=\"index, follow, max-snippet:-1, max-image-preview:large, max-video-preview:-1\" \/>\n<link rel=\"canonical\" href=\"https:\/\/espanola.lt\/produktas\/alyvuoges-zalios-su-agurkelias-pikantiskame-marinate-kimbitos-dulce-pica-950g\/\" \/>\n<meta property=\"og:locale\" content=\"en_US\" \/>\n<meta property=\"og:type\" content=\"article\" \/>\n<meta property=\"og:title\" content=\"Alyvuog\u0117s \u017ealios su agurk\u0117lias pikanti\u0161kame pada\u017ee &quot;Kimbitos Dulce Pica&quot;, 950g. | Espanola.lt\" \/>\n<meta property=\"og:description\" content=\"Atraskite auk\u0161tos kokyb\u0117s ispani\u0161kus delikatesus \u2013 s\u016brius, kumpius, alyvuoges ir \u017euv\u012f. Tikras Ispanijos skonis tiesiai \u012f j\u016bs\u0173 namus.\" \/>\n<meta property=\"og:url\" content=\"https:\/\/espanola.lt\/produktas\/alyvuoges-zalios-su-agurkelias-pikantiskame-marinate-kimbitos-dulce-pica-950g\/\" \/>\n<meta property=\"og:site_name\" content=\"Espanola\" \/>\n<meta property=\"article:publisher\" content=\"https:\/\/www.facebook.com\/espanola.lt\" \/>\n<meta property=\"article:modified_time\" content=\"2026-04-08T10:14:36+00:00\" \/>\n<meta property=\"og:image\" content=\"https:\/\/espanola.lt\/wp-content\/uploads\/2023\/04\/viber_image_2023-04-12_13-22-41-009.jpg\" \/>\n\t<meta property=\"og:image:width\" content=\"1200\" \/>\n\t<meta property=\"og:image:height\" content=\"1600\" \/>\n\t<meta property=\"og:image:type\" content=\"image\/jpeg\" \/>\n<meta name=\"twitter:card\" content=\"summary_large_image\" \/>\n<meta name=\"twitter:label1\" content=\"Est. reading time\" \/>\n\t<meta name=\"twitter:data1\" content=\"1 minute\" \/>\n<script type=\"application\/ld+json\" class=\"yoast-schema-graph\">{\"@context\":\"https:\/\/schema.org\",\"@graph\":[{\"@type\":\"WebPage\",\"@id\":\"https:\/\/espanola.lt\/produktas\/alyvuoges-zalios-su-agurkelias-pikantiskame-marinate-kimbitos-dulce-pica-950g\/\",\"url\":\"https:\/\/espanola.lt\/produktas\/alyvuoges-zalios-su-agurkelias-pikantiskame-marinate-kimbitos-dulce-pica-950g\/\",\"name\":\"Alyvuog\u0117s \u017ealios su agurk\u0117lias pikanti\u0161kame pada\u017ee \\\"Kimbitos Dulce Pica\\\", 950g. | Espanola.lt\",\"isPartOf\":{\"@id\":\"https:\/\/espanola.lt\/#website\"},\"primaryImageOfPage\":{\"@id\":\"https:\/\/espanola.lt\/produktas\/alyvuoges-zalios-su-agurkelias-pikantiskame-marinate-kimbitos-dulce-pica-950g\/#primaryimage\"},\"image\":{\"@id\":\"https:\/\/espanola.lt\/produktas\/alyvuoges-zalios-su-agurkelias-pikantiskame-marinate-kimbitos-dulce-pica-950g\/#primaryimage\"},\"thumbnailUrl\":\"https:\/\/espanola.lt\/wp-content\/uploads\/2023\/04\/viber_image_2023-04-12_13-22-41-009.jpg\",\"datePublished\":\"2023-04-12T10:44:20+00:00\",\"dateModified\":\"2026-04-08T10:14:36+00:00\",\"description\":\"Atraskite auk\u0161tos kokyb\u0117s ispani\u0161kus delikatesus \u2013 s\u016brius, kumpius, alyvuoges ir \u017euv\u012f. Tikras Ispanijos skonis tiesiai \u012f j\u016bs\u0173 namus.\",\"breadcrumb\":{\"@id\":\"https:\/\/espanola.lt\/produktas\/alyvuoges-zalios-su-agurkelias-pikantiskame-marinate-kimbitos-dulce-pica-950g\/#breadcrumb\"},\"inLanguage\":\"en-US\",\"potentialAction\":[{\"@type\":\"ReadAction\",\"target\":[\"https:\/\/espanola.lt\/produktas\/alyvuoges-zalios-su-agurkelias-pikantiskame-marinate-kimbitos-dulce-pica-950g\/\"]}]},{\"@type\":\"ImageObject\",\"inLanguage\":\"en-US\",\"@id\":\"https:\/\/espanola.lt\/produktas\/alyvuoges-zalios-su-agurkelias-pikantiskame-marinate-kimbitos-dulce-pica-950g\/#primaryimage\",\"url\":\"https:\/\/espanola.lt\/wp-content\/uploads\/2023\/04\/viber_image_2023-04-12_13-22-41-009.jpg\",\"contentUrl\":\"https:\/\/espanola.lt\/wp-content\/uploads\/2023\/04\/viber_image_2023-04-12_13-22-41-009.jpg\",\"width\":1200,\"height\":1600},{\"@type\":\"BreadcrumbList\",\"@id\":\"https:\/\/espanola.lt\/produktas\/alyvuoges-zalios-su-agurkelias-pikantiskame-marinate-kimbitos-dulce-pica-950g\/#breadcrumb\",\"itemListElement\":[{\"@type\":\"ListItem\",\"position\":1,\"name\":\"Home\",\"item\":\"https:\/\/espanola.lt\/en\/homepage\/\"},{\"@type\":\"ListItem\",\"position\":2,\"name\":\"Shop\",\"item\":\"https:\/\/espanola.lt\/en\/shop\/\"},{\"@type\":\"ListItem\",\"position\":3,\"name\":\"Alyvuog\u0117s \u017ealios su agurk\u0117lias pikanti\u0161kame pada\u017ee &#8222;Kimbitos Dulce Pica&#8221;, 950g.\"}]},{\"@type\":\"WebSite\",\"@id\":\"https:\/\/espanola.lt\/#website\",\"url\":\"https:\/\/espanola.lt\/\",\"name\":\"Espanola.lt | Tikras Ispanijos skonis \u2013 J\u016bs\u0173 namuose!\",\"description\":\"\",\"publisher\":{\"@id\":\"https:\/\/espanola.lt\/#organization\"},\"potentialAction\":[{\"@type\":\"SearchAction\",\"target\":{\"@type\":\"EntryPoint\",\"urlTemplate\":\"https:\/\/espanola.lt\/?s={search_term_string}\"},\"query-input\":{\"@type\":\"PropertyValueSpecification\",\"valueRequired\":true,\"valueName\":\"search_term_string\"}}],\"inLanguage\":\"en-US\"},{\"@type\":\"Organization\",\"@id\":\"https:\/\/espanola.lt\/#organization\",\"name\":\"Espanola.lt\",\"url\":\"https:\/\/espanola.lt\/\",\"logo\":{\"@type\":\"ImageObject\",\"inLanguage\":\"en-US\",\"@id\":\"https:\/\/espanola.lt\/#\/schema\/logo\/image\/\",\"url\":\"https:\/\/espanola.lt\/wp-content\/uploads\/2023\/03\/notext_color.png\",\"contentUrl\":\"https:\/\/espanola.lt\/wp-content\/uploads\/2023\/03\/notext_color.png\",\"width\":916,\"height\":204,\"caption\":\"Espanola.lt\"},\"image\":{\"@id\":\"https:\/\/espanola.lt\/#\/schema\/logo\/image\/\"},\"sameAs\":[\"https:\/\/www.facebook.com\/espanola.lt\",\"https:\/\/www.instagram.com\/espanola.lt\/\"]}]}<\/script>\n<!-- \/ Yoast SEO plugin. -->","yoast_head_json":{"title":"Alyvuog\u0117s \u017ealios su agurk\u0117lias pikanti\u0161kame pada\u017ee \"Kimbitos Dulce Pica\", 950g. | Espanola.lt","description":"Atraskite auk\u0161tos kokyb\u0117s ispani\u0161kus delikatesus \u2013 s\u016brius, kumpius, alyvuoges ir \u017euv\u012f. Tikras Ispanijos skonis tiesiai \u012f j\u016bs\u0173 namus.","robots":{"index":"index","follow":"follow","max-snippet":"max-snippet:-1","max-image-preview":"max-image-preview:large","max-video-preview":"max-video-preview:-1"},"canonical":"https:\/\/espanola.lt\/produktas\/alyvuoges-zalios-su-agurkelias-pikantiskame-marinate-kimbitos-dulce-pica-950g\/","og_locale":"en_US","og_type":"article","og_title":"Alyvuog\u0117s \u017ealios su agurk\u0117lias pikanti\u0161kame pada\u017ee \"Kimbitos Dulce Pica\", 950g. | Espanola.lt","og_description":"Atraskite auk\u0161tos kokyb\u0117s ispani\u0161kus delikatesus \u2013 s\u016brius, kumpius, alyvuoges ir \u017euv\u012f. Tikras Ispanijos skonis tiesiai \u012f j\u016bs\u0173 namus.","og_url":"https:\/\/espanola.lt\/produktas\/alyvuoges-zalios-su-agurkelias-pikantiskame-marinate-kimbitos-dulce-pica-950g\/","og_site_name":"Espanola","article_publisher":"https:\/\/www.facebook.com\/espanola.lt","article_modified_time":"2026-04-08T10:14:36+00:00","og_image":[{"width":1200,"height":1600,"url":"https:\/\/espanola.lt\/wp-content\/uploads\/2023\/04\/viber_image_2023-04-12_13-22-41-009.jpg","type":"image\/jpeg"}],"twitter_card":"summary_large_image","twitter_misc":{"Est. reading time":"1 minute"},"schema":{"@context":"https:\/\/schema.org","@graph":[{"@type":"WebPage","@id":"https:\/\/espanola.lt\/produktas\/alyvuoges-zalios-su-agurkelias-pikantiskame-marinate-kimbitos-dulce-pica-950g\/","url":"https:\/\/espanola.lt\/produktas\/alyvuoges-zalios-su-agurkelias-pikantiskame-marinate-kimbitos-dulce-pica-950g\/","name":"Alyvuog\u0117s \u017ealios su agurk\u0117lias pikanti\u0161kame pada\u017ee \"Kimbitos Dulce Pica\", 950g. | Espanola.lt","isPartOf":{"@id":"https:\/\/espanola.lt\/#website"},"primaryImageOfPage":{"@id":"https:\/\/espanola.lt\/produktas\/alyvuoges-zalios-su-agurkelias-pikantiskame-marinate-kimbitos-dulce-pica-950g\/#primaryimage"},"image":{"@id":"https:\/\/espanola.lt\/produktas\/alyvuoges-zalios-su-agurkelias-pikantiskame-marinate-kimbitos-dulce-pica-950g\/#primaryimage"},"thumbnailUrl":"https:\/\/espanola.lt\/wp-content\/uploads\/2023\/04\/viber_image_2023-04-12_13-22-41-009.jpg","datePublished":"2023-04-12T10:44:20+00:00","dateModified":"2026-04-08T10:14:36+00:00","description":"Atraskite auk\u0161tos kokyb\u0117s ispani\u0161kus delikatesus \u2013 s\u016brius, kumpius, alyvuoges ir \u017euv\u012f. Tikras Ispanijos skonis tiesiai \u012f j\u016bs\u0173 namus.","breadcrumb":{"@id":"https:\/\/espanola.lt\/produktas\/alyvuoges-zalios-su-agurkelias-pikantiskame-marinate-kimbitos-dulce-pica-950g\/#breadcrumb"},"inLanguage":"en-US","potentialAction":[{"@type":"ReadAction","target":["https:\/\/espanola.lt\/produktas\/alyvuoges-zalios-su-agurkelias-pikantiskame-marinate-kimbitos-dulce-pica-950g\/"]}]},{"@type":"ImageObject","inLanguage":"en-US","@id":"https:\/\/espanola.lt\/produktas\/alyvuoges-zalios-su-agurkelias-pikantiskame-marinate-kimbitos-dulce-pica-950g\/#primaryimage","url":"https:\/\/espanola.lt\/wp-content\/uploads\/2023\/04\/viber_image_2023-04-12_13-22-41-009.jpg","contentUrl":"https:\/\/espanola.lt\/wp-content\/uploads\/2023\/04\/viber_image_2023-04-12_13-22-41-009.jpg","width":1200,"height":1600},{"@type":"BreadcrumbList","@id":"https:\/\/espanola.lt\/produktas\/alyvuoges-zalios-su-agurkelias-pikantiskame-marinate-kimbitos-dulce-pica-950g\/#breadcrumb","itemListElement":[{"@type":"ListItem","position":1,"name":"Home","item":"https:\/\/espanola.lt\/en\/homepage\/"},{"@type":"ListItem","position":2,"name":"Shop","item":"https:\/\/espanola.lt\/en\/shop\/"},{"@type":"ListItem","position":3,"name":"Alyvuog\u0117s \u017ealios su agurk\u0117lias pikanti\u0161kame pada\u017ee &#8222;Kimbitos Dulce Pica&#8221;, 950g."}]},{"@type":"WebSite","@id":"https:\/\/espanola.lt\/#website","url":"https:\/\/espanola.lt\/","name":"Espanola.lt | Tikras Ispanijos skonis \u2013 J\u016bs\u0173 namuose!","description":"","publisher":{"@id":"https:\/\/espanola.lt\/#organization"},"potentialAction":[{"@type":"SearchAction","target":{"@type":"EntryPoint","urlTemplate":"https:\/\/espanola.lt\/?s={search_term_string}"},"query-input":{"@type":"PropertyValueSpecification","valueRequired":true,"valueName":"search_term_string"}}],"inLanguage":"en-US"},{"@type":"Organization","@id":"https:\/\/espanola.lt\/#organization","name":"Espanola.lt","url":"https:\/\/espanola.lt\/","logo":{"@type":"ImageObject","inLanguage":"en-US","@id":"https:\/\/espanola.lt\/#\/schema\/logo\/image\/","url":"https:\/\/espanola.lt\/wp-content\/uploads\/2023\/03\/notext_color.png","contentUrl":"https:\/\/espanola.lt\/wp-content\/uploads\/2023\/03\/notext_color.png","width":916,"height":204,"caption":"Espanola.lt"},"image":{"@id":"https:\/\/espanola.lt\/#\/schema\/logo\/image\/"},"sameAs":["https:\/\/www.facebook.com\/espanola.lt","https:\/\/www.instagram.com\/espanola.lt\/"]}]}},"_links":{"self":[{"href":"https:\/\/espanola.lt\/en\/wp-json\/wp\/v2\/product\/23066"}],"collection":[{"href":"https:\/\/espanola.lt\/en\/wp-json\/wp\/v2\/product"}],"about":[{"href":"https:\/\/espanola.lt\/en\/wp-json\/wp\/v2\/types\/product"}],"version-history":[{"count":2,"href":"https:\/\/espanola.lt\/en\/wp-json\/wp\/v2\/product\/23066\/revisions"}],"predecessor-version":[{"id":23092,"href":"https:\/\/espanola.lt\/en\/wp-json\/wp\/v2\/product\/23066\/revisions\/23092"}],"wp:featuredmedia":[{"embeddable":true,"href":"https:\/\/espanola.lt\/en\/wp-json\/wp\/v2\/media\/23069"}],"wp:attachment":[{"href":"https:\/\/espanola.lt\/en\/wp-json\/wp\/v2\/media?parent=23066"}],"wp:term":[{"taxonomy":"product_brand","embeddable":true,"href":"https:\/\/espanola.lt\/en\/wp-json\/wp\/v2\/product_brand?post=23066"},{"taxonomy":"product_cat","embeddable":true,"href":"https:\/\/espanola.lt\/en\/wp-json\/wp\/v2\/product_cat?post=23066"},{"taxonomy":"product_tag","embeddable":true,"href":"https:\/\/espanola.lt\/en\/wp-json\/wp\/v2\/product_tag?post=23066"}],"curies":[{"name":"wp","href":"https:\/\/api.w.org\/{rel}","templated":true}]}}