{"id":21920,"date":"2023-03-19T14:22:45","date_gmt":"2023-03-19T14:22:45","guid":{"rendered":"https:\/\/espanola.signus.agency\/?post_type=product&#038;p=21920"},"modified":"2025-08-11T13:19:25","modified_gmt":"2025-08-11T13:19:25","slug":"io-black-premium-ypac-tyras-alyvuogiu-aliejus-500-ml","status":"publish","type":"product","link":"https:\/\/espanola.lt\/en\/product\/io-black-premium-ypac-tyras-alyvuogiu-aliejus-500-ml\/","title":{"rendered":"\u201eIO BLACK\u201c PREMIUM YPA\u010c TYRAS ALYVUOGI\u0172 ALIEJUS \u2013 500 ML"},"content":{"rendered":"<p><strong>PREMIUM KLAS\u0116S YPA\u010c TYRAS ALYVUOGI\u0172 ALIEJAUS SULTYS<\/strong><\/p>\n<p>\u201eiO\u201c yra i\u0161skirtin\u0117s alyvuogi\u0173 sultys, gaminamos su \u201eManzanilla Cacere\u00f1a\u201c ir \u201eArbequina\u201c veisl\u0117mi\u0173. Tobulumas yra i\u0161skirtinis aromatas ir nuostabi harmonija burnoje. \u201eiO\u201c yra tikras malonumas i\u0161rankiausiems skoniams ir \u017emon\u0117ms, ie\u0161kantiems ko nors daugiau alyvuogi\u0173 aliejaus pasaulyje. Mes did\u017eiuojam\u0117s, gal\u0117dami Jums pasi\u016blyti auk\u0161to lygio ekspert\u0173 pripa\u017eint\u0105 gamini\u0173 \u201eiO\u201c grup\u0119. Kuri yra \u012fvertinta netik d\u0117l savo dizaino, bet ir d\u0117l kokyb\u0117s.<\/p>\n<div dir=\"auto\">Pagamintas mechaniniu b\u016bdu i\u0161 \u016bkyje u\u017eaugint\u0173 ir rankomis nuskint\u0173 auk\u010diausios kokyb\u0117s Manzanilla Cacere\u00f1a (75%) ir Arbequina (25%) alyvuogi\u0173 mi\u0161inio.<\/div>\n<div dir=\"auto\">Labai vaisinis, intensyvus ir malonus skonis pad\u0117s pagaminti gpuikius J\u016bs\u0173 patiekalus. Puikiai tinka: salotoms, makaronams, \u017euvies patiekalams, bei skrudintai duonai.<\/div>\n<div dir=\"auto\">Stiklinis butelis, nuda\u017eytas juodai ir padengtas \u0161ilkografija. I\u0161skirtin\u0117, eleganti\u0161ka \u201eIO\u201c linija, puikiai tinka dovanoms.<\/div>\n","protected":false},"excerpt":{"rendered":"<ul>\n<li>Idealiai tinka dalintis;<\/li>\n<li>\u201eiO BLACK\u201c, pagamintas i\u0161 75% \u201eManzanilla Cacere\u00f1a\u201c ir 25% \u201eArbequina\u201c;<\/li>\n<li>Labai intensyv\u016bs ir malon\u016bs vaisi\u0173 aromatai, skirti pasigaminti: salotas, \u017euv\u012f ir tapas;<\/li>\n<li>Aliejus apdovanotas tarptautiniais prizais reikliausiose rinkose.<\/li>\n<\/ul>\n","protected":false},"featured_media":21817,"template":"","meta":[],"product_brand":[],"product_cat":[133,100],"product_tag":[],"class_list":{"0":"post-21920","1":"product","2":"type-product","3":"status-publish","4":"has-post-thumbnail","6":"product_cat-akcijoos-en","7":"product_cat-alyvuogiu-aliejus","9":"first","10":"outofstock","11":"shipping-taxable","12":"purchasable","13":"product-type-simple"},"yoast_head":"<!-- This site is optimized with the Yoast SEO plugin v23.7 - https:\/\/yoast.com\/wordpress\/plugins\/seo\/ -->\n<title>\u201eIO BLACK\u201c PREMIUM YPA\u010c TYRAS ALYVUOGI\u0172 ALIEJUS \u2013 500 ML | Espanola.lt<\/title>\n<meta name=\"description\" content=\"Atraskite auk\u0161tos kokyb\u0117s ispani\u0161kus delikatesus \u2013 s\u016brius, kumpius, alyvuoges ir \u017euv\u012f. Tikras Ispanijos skonis tiesiai \u012f j\u016bs\u0173 namus.\" \/>\n<meta name=\"robots\" content=\"index, follow, max-snippet:-1, max-image-preview:large, max-video-preview:-1\" \/>\n<link rel=\"canonical\" href=\"https:\/\/espanola.lt\/en\/product\/io-black-premium-ypac-tyras-alyvuogiu-aliejus-500-ml\/\" \/>\n<meta property=\"og:locale\" content=\"en_US\" \/>\n<meta property=\"og:type\" content=\"article\" \/>\n<meta property=\"og:title\" content=\"\u201eIO BLACK\u201c PREMIUM YPA\u010c TYRAS ALYVUOGI\u0172 ALIEJUS \u2013 500 ML | Espanola.lt\" \/>\n<meta property=\"og:description\" content=\"Atraskite auk\u0161tos kokyb\u0117s ispani\u0161kus delikatesus \u2013 s\u016brius, kumpius, alyvuoges ir \u017euv\u012f. Tikras Ispanijos skonis tiesiai \u012f j\u016bs\u0173 namus.\" \/>\n<meta property=\"og:url\" content=\"https:\/\/espanola.lt\/en\/product\/io-black-premium-ypac-tyras-alyvuogiu-aliejus-500-ml\/\" \/>\n<meta property=\"og:site_name\" content=\"Espanola\" \/>\n<meta property=\"article:publisher\" content=\"https:\/\/www.facebook.com\/espanola.lt\" \/>\n<meta property=\"article:modified_time\" content=\"2025-08-11T13:19:25+00:00\" \/>\n<meta property=\"og:image\" content=\"https:\/\/espanola.lt\/wp-content\/uploads\/2023\/03\/io_negro_250ml.jpg\" \/>\n\t<meta property=\"og:image:width\" content=\"510\" \/>\n\t<meta property=\"og:image:height\" content=\"651\" \/>\n\t<meta property=\"og:image:type\" content=\"image\/jpeg\" \/>\n<meta name=\"twitter:card\" content=\"summary_large_image\" \/>\n<meta name=\"twitter:label1\" content=\"Est. reading time\" \/>\n\t<meta name=\"twitter:data1\" content=\"1 minute\" \/>\n<script type=\"application\/ld+json\" class=\"yoast-schema-graph\">{\"@context\":\"https:\/\/schema.org\",\"@graph\":[{\"@type\":\"WebPage\",\"@id\":\"https:\/\/espanola.lt\/en\/product\/io-black-premium-ypac-tyras-alyvuogiu-aliejus-500-ml\/\",\"url\":\"https:\/\/espanola.lt\/en\/product\/io-black-premium-ypac-tyras-alyvuogiu-aliejus-500-ml\/\",\"name\":\"\u201eIO BLACK\u201c PREMIUM YPA\u010c TYRAS ALYVUOGI\u0172 ALIEJUS \u2013 500 ML | Espanola.lt\",\"isPartOf\":{\"@id\":\"https:\/\/espanola.lt\/#website\"},\"primaryImageOfPage\":{\"@id\":\"https:\/\/espanola.lt\/en\/product\/io-black-premium-ypac-tyras-alyvuogiu-aliejus-500-ml\/#primaryimage\"},\"image\":{\"@id\":\"https:\/\/espanola.lt\/en\/product\/io-black-premium-ypac-tyras-alyvuogiu-aliejus-500-ml\/#primaryimage\"},\"thumbnailUrl\":\"https:\/\/espanola.lt\/wp-content\/uploads\/2023\/03\/io_negro_250ml.jpg\",\"datePublished\":\"2023-03-19T14:22:45+00:00\",\"dateModified\":\"2025-08-11T13:19:25+00:00\",\"description\":\"Atraskite auk\u0161tos kokyb\u0117s ispani\u0161kus delikatesus \u2013 s\u016brius, kumpius, alyvuoges ir \u017euv\u012f. Tikras Ispanijos skonis tiesiai \u012f j\u016bs\u0173 namus.\",\"breadcrumb\":{\"@id\":\"https:\/\/espanola.lt\/en\/product\/io-black-premium-ypac-tyras-alyvuogiu-aliejus-500-ml\/#breadcrumb\"},\"inLanguage\":\"en-US\",\"potentialAction\":[{\"@type\":\"ReadAction\",\"target\":[\"https:\/\/espanola.lt\/en\/product\/io-black-premium-ypac-tyras-alyvuogiu-aliejus-500-ml\/\"]}]},{\"@type\":\"ImageObject\",\"inLanguage\":\"en-US\",\"@id\":\"https:\/\/espanola.lt\/en\/product\/io-black-premium-ypac-tyras-alyvuogiu-aliejus-500-ml\/#primaryimage\",\"url\":\"https:\/\/espanola.lt\/wp-content\/uploads\/2023\/03\/io_negro_250ml.jpg\",\"contentUrl\":\"https:\/\/espanola.lt\/wp-content\/uploads\/2023\/03\/io_negro_250ml.jpg\",\"width\":510,\"height\":651},{\"@type\":\"BreadcrumbList\",\"@id\":\"https:\/\/espanola.lt\/en\/product\/io-black-premium-ypac-tyras-alyvuogiu-aliejus-500-ml\/#breadcrumb\",\"itemListElement\":[{\"@type\":\"ListItem\",\"position\":1,\"name\":\"Home\",\"item\":\"https:\/\/espanola.lt\/en\/homepage\/\"},{\"@type\":\"ListItem\",\"position\":2,\"name\":\"Shop\",\"item\":\"https:\/\/espanola.lt\/en\/shop\/\"},{\"@type\":\"ListItem\",\"position\":3,\"name\":\"\u201eIO BLACK\u201c PREMIUM YPA\u010c TYRAS ALYVUOGI\u0172 ALIEJUS \u2013 500 ML\"}]},{\"@type\":\"WebSite\",\"@id\":\"https:\/\/espanola.lt\/#website\",\"url\":\"https:\/\/espanola.lt\/\",\"name\":\"Espanola.lt | Tikras Ispanijos skonis \u2013 J\u016bs\u0173 namuose!\",\"description\":\"\",\"publisher\":{\"@id\":\"https:\/\/espanola.lt\/#organization\"},\"potentialAction\":[{\"@type\":\"SearchAction\",\"target\":{\"@type\":\"EntryPoint\",\"urlTemplate\":\"https:\/\/espanola.lt\/?s={search_term_string}\"},\"query-input\":{\"@type\":\"PropertyValueSpecification\",\"valueRequired\":true,\"valueName\":\"search_term_string\"}}],\"inLanguage\":\"en-US\"},{\"@type\":\"Organization\",\"@id\":\"https:\/\/espanola.lt\/#organization\",\"name\":\"Espanola.lt\",\"url\":\"https:\/\/espanola.lt\/\",\"logo\":{\"@type\":\"ImageObject\",\"inLanguage\":\"en-US\",\"@id\":\"https:\/\/espanola.lt\/#\/schema\/logo\/image\/\",\"url\":\"https:\/\/espanola.lt\/wp-content\/uploads\/2023\/03\/notext_color.png\",\"contentUrl\":\"https:\/\/espanola.lt\/wp-content\/uploads\/2023\/03\/notext_color.png\",\"width\":916,\"height\":204,\"caption\":\"Espanola.lt\"},\"image\":{\"@id\":\"https:\/\/espanola.lt\/#\/schema\/logo\/image\/\"},\"sameAs\":[\"https:\/\/www.facebook.com\/espanola.lt\",\"https:\/\/www.instagram.com\/espanola.lt\/\"]}]}<\/script>\n<!-- \/ Yoast SEO plugin. -->","yoast_head_json":{"title":"\u201eIO BLACK\u201c PREMIUM YPA\u010c TYRAS ALYVUOGI\u0172 ALIEJUS \u2013 500 ML | Espanola.lt","description":"Atraskite auk\u0161tos kokyb\u0117s ispani\u0161kus delikatesus \u2013 s\u016brius, kumpius, alyvuoges ir \u017euv\u012f. Tikras Ispanijos skonis tiesiai \u012f j\u016bs\u0173 namus.","robots":{"index":"index","follow":"follow","max-snippet":"max-snippet:-1","max-image-preview":"max-image-preview:large","max-video-preview":"max-video-preview:-1"},"canonical":"https:\/\/espanola.lt\/en\/product\/io-black-premium-ypac-tyras-alyvuogiu-aliejus-500-ml\/","og_locale":"en_US","og_type":"article","og_title":"\u201eIO BLACK\u201c PREMIUM YPA\u010c TYRAS ALYVUOGI\u0172 ALIEJUS \u2013 500 ML | Espanola.lt","og_description":"Atraskite auk\u0161tos kokyb\u0117s ispani\u0161kus delikatesus \u2013 s\u016brius, kumpius, alyvuoges ir \u017euv\u012f. Tikras Ispanijos skonis tiesiai \u012f j\u016bs\u0173 namus.","og_url":"https:\/\/espanola.lt\/en\/product\/io-black-premium-ypac-tyras-alyvuogiu-aliejus-500-ml\/","og_site_name":"Espanola","article_publisher":"https:\/\/www.facebook.com\/espanola.lt","article_modified_time":"2025-08-11T13:19:25+00:00","og_image":[{"width":510,"height":651,"url":"https:\/\/espanola.lt\/wp-content\/uploads\/2023\/03\/io_negro_250ml.jpg","type":"image\/jpeg"}],"twitter_card":"summary_large_image","twitter_misc":{"Est. reading time":"1 minute"},"schema":{"@context":"https:\/\/schema.org","@graph":[{"@type":"WebPage","@id":"https:\/\/espanola.lt\/en\/product\/io-black-premium-ypac-tyras-alyvuogiu-aliejus-500-ml\/","url":"https:\/\/espanola.lt\/en\/product\/io-black-premium-ypac-tyras-alyvuogiu-aliejus-500-ml\/","name":"\u201eIO BLACK\u201c PREMIUM YPA\u010c TYRAS ALYVUOGI\u0172 ALIEJUS \u2013 500 ML | Espanola.lt","isPartOf":{"@id":"https:\/\/espanola.lt\/#website"},"primaryImageOfPage":{"@id":"https:\/\/espanola.lt\/en\/product\/io-black-premium-ypac-tyras-alyvuogiu-aliejus-500-ml\/#primaryimage"},"image":{"@id":"https:\/\/espanola.lt\/en\/product\/io-black-premium-ypac-tyras-alyvuogiu-aliejus-500-ml\/#primaryimage"},"thumbnailUrl":"https:\/\/espanola.lt\/wp-content\/uploads\/2023\/03\/io_negro_250ml.jpg","datePublished":"2023-03-19T14:22:45+00:00","dateModified":"2025-08-11T13:19:25+00:00","description":"Atraskite auk\u0161tos kokyb\u0117s ispani\u0161kus delikatesus \u2013 s\u016brius, kumpius, alyvuoges ir \u017euv\u012f. Tikras Ispanijos skonis tiesiai \u012f j\u016bs\u0173 namus.","breadcrumb":{"@id":"https:\/\/espanola.lt\/en\/product\/io-black-premium-ypac-tyras-alyvuogiu-aliejus-500-ml\/#breadcrumb"},"inLanguage":"en-US","potentialAction":[{"@type":"ReadAction","target":["https:\/\/espanola.lt\/en\/product\/io-black-premium-ypac-tyras-alyvuogiu-aliejus-500-ml\/"]}]},{"@type":"ImageObject","inLanguage":"en-US","@id":"https:\/\/espanola.lt\/en\/product\/io-black-premium-ypac-tyras-alyvuogiu-aliejus-500-ml\/#primaryimage","url":"https:\/\/espanola.lt\/wp-content\/uploads\/2023\/03\/io_negro_250ml.jpg","contentUrl":"https:\/\/espanola.lt\/wp-content\/uploads\/2023\/03\/io_negro_250ml.jpg","width":510,"height":651},{"@type":"BreadcrumbList","@id":"https:\/\/espanola.lt\/en\/product\/io-black-premium-ypac-tyras-alyvuogiu-aliejus-500-ml\/#breadcrumb","itemListElement":[{"@type":"ListItem","position":1,"name":"Home","item":"https:\/\/espanola.lt\/en\/homepage\/"},{"@type":"ListItem","position":2,"name":"Shop","item":"https:\/\/espanola.lt\/en\/shop\/"},{"@type":"ListItem","position":3,"name":"\u201eIO BLACK\u201c PREMIUM YPA\u010c TYRAS ALYVUOGI\u0172 ALIEJUS \u2013 500 ML"}]},{"@type":"WebSite","@id":"https:\/\/espanola.lt\/#website","url":"https:\/\/espanola.lt\/","name":"Espanola.lt | Tikras Ispanijos skonis \u2013 J\u016bs\u0173 namuose!","description":"","publisher":{"@id":"https:\/\/espanola.lt\/#organization"},"potentialAction":[{"@type":"SearchAction","target":{"@type":"EntryPoint","urlTemplate":"https:\/\/espanola.lt\/?s={search_term_string}"},"query-input":{"@type":"PropertyValueSpecification","valueRequired":true,"valueName":"search_term_string"}}],"inLanguage":"en-US"},{"@type":"Organization","@id":"https:\/\/espanola.lt\/#organization","name":"Espanola.lt","url":"https:\/\/espanola.lt\/","logo":{"@type":"ImageObject","inLanguage":"en-US","@id":"https:\/\/espanola.lt\/#\/schema\/logo\/image\/","url":"https:\/\/espanola.lt\/wp-content\/uploads\/2023\/03\/notext_color.png","contentUrl":"https:\/\/espanola.lt\/wp-content\/uploads\/2023\/03\/notext_color.png","width":916,"height":204,"caption":"Espanola.lt"},"image":{"@id":"https:\/\/espanola.lt\/#\/schema\/logo\/image\/"},"sameAs":["https:\/\/www.facebook.com\/espanola.lt","https:\/\/www.instagram.com\/espanola.lt\/"]}]}},"_links":{"self":[{"href":"https:\/\/espanola.lt\/en\/wp-json\/wp\/v2\/product\/21920"}],"collection":[{"href":"https:\/\/espanola.lt\/en\/wp-json\/wp\/v2\/product"}],"about":[{"href":"https:\/\/espanola.lt\/en\/wp-json\/wp\/v2\/types\/product"}],"version-history":[{"count":1,"href":"https:\/\/espanola.lt\/en\/wp-json\/wp\/v2\/product\/21920\/revisions"}],"predecessor-version":[{"id":21955,"href":"https:\/\/espanola.lt\/en\/wp-json\/wp\/v2\/product\/21920\/revisions\/21955"}],"wp:featuredmedia":[{"embeddable":true,"href":"https:\/\/espanola.lt\/en\/wp-json\/wp\/v2\/media\/21817"}],"wp:attachment":[{"href":"https:\/\/espanola.lt\/en\/wp-json\/wp\/v2\/media?parent=21920"}],"wp:term":[{"taxonomy":"product_brand","embeddable":true,"href":"https:\/\/espanola.lt\/en\/wp-json\/wp\/v2\/product_brand?post=21920"},{"taxonomy":"product_cat","embeddable":true,"href":"https:\/\/espanola.lt\/en\/wp-json\/wp\/v2\/product_cat?post=21920"},{"taxonomy":"product_tag","embeddable":true,"href":"https:\/\/espanola.lt\/en\/wp-json\/wp\/v2\/product_tag?post=21920"}],"curies":[{"name":"wp","href":"https:\/\/api.w.org\/{rel}","templated":true}]}}