{"id":21870,"date":"2023-03-19T14:22:23","date_gmt":"2023-03-19T14:22:23","guid":{"rendered":"https:\/\/espanola.signus.agency\/?post_type=product&#038;p=21870"},"modified":"2026-05-06T08:20:58","modified_gmt":"2026-05-06T08:20:58","slug":"alyvuogiu-marinuotu-agurku-ir-svoguneliu-kokteilis-300g","status":"publish","type":"product","link":"https:\/\/espanola.lt\/en\/product\/alyvuogiu-marinuotu-agurku-ir-svoguneliu-kokteilis-300g\/","title":{"rendered":"Alyvuogi\u0173, marinuot\u0173 agurk\u0173 ir svog\u016bn\u0117li\u0173 kokteilis, 300g."},"content":{"rendered":"<p>Sudedamosios dalys:\u00a0 Vanduo, agurk\u0117liai, svog\u016bn\u0117liai, juodos ir \u017ealios alyvuog\u0117s, actas, skonio stipriklisL E-621, E635, r\u016bg\u0161tiklis: citrinos r\u016bg\u0161tis ir antioksidantas: askorbo r\u016bg\u0161tis. (PASTERIZUOTA) Maistin\u0117 vert\u0117: Vert\u0117s 100 g produkto Energin\u0117 vert\u0117\u00a0 685 kj (163 kcal) Riebalai\u00a0 12,2 g (i\u0161 kuri\u0173 so\u010di\u0173j\u0173 riebal\u0173 r\u016bg\u0161\u010di\u0173 5,6 g.), Angliavandeniai 8,7 g., i\u0161 kuri\u0173 Cukr\u016bs 0,2 g, Skaidulin\u0117s med\u017eiagos 6,3, Baltymai 1,5 g, Druska 3,72 g. Laikyti v\u0117sioje vietoje. Atidarius pakuot\u0119 laikyti \u0161aldytuve ir suvartoti per 7 dienas. Partijos Nr.\/Geriausia suvartoti iki: \u017er. pakuot\u0119. Grynasis svoris 225g. Gamintojas Aceitunas Callosa, S.L. . Kilm\u0117s \u0161alis: Ispanija<\/p>\n","protected":false},"excerpt":{"rendered":"<p>Marinuot\u0173 agurk\u0173, ir karalien\u0117s svog\u016bn\u0173 mi\u0161inys su juodosiomis ir \u017ealiomis Manzanilla alyvuog\u0117mis.<\/p>\n<p>Tai \u012fvairi\u0173 skoni\u0173 ir tekst\u016br\u0173 nepakartojamas u\u017ekandis tinkantis prie vis\u0173 patiekal\u0173.<\/p>\n","protected":false},"featured_media":23147,"template":"","meta":[],"product_brand":[],"product_cat":[97,98,88],"product_tag":[],"class_list":{"0":"post-21870","1":"product","2":"type-product","3":"status-publish","4":"has-post-thumbnail","6":"product_cat-alyvuoges","7":"product_cat-alyvuoges-horeca","8":"product_cat-horeca","10":"first","11":"instock","12":"shipping-taxable","13":"purchasable","14":"product-type-simple"},"yoast_head":"<!-- This site is optimized with the Yoast SEO plugin v23.7 - https:\/\/yoast.com\/wordpress\/plugins\/seo\/ -->\n<title>Alyvuogi\u0173, marinuot\u0173 agurk\u0173 ir svog\u016bn\u0117li\u0173 kokteilis, 300g. | Espanola.lt<\/title>\n<meta name=\"description\" content=\"Atraskite auk\u0161tos kokyb\u0117s ispani\u0161kus delikatesus \u2013 s\u016brius, kumpius, alyvuoges ir \u017euv\u012f. Tikras Ispanijos skonis tiesiai \u012f j\u016bs\u0173 namus.\" \/>\n<meta name=\"robots\" content=\"index, follow, max-snippet:-1, max-image-preview:large, max-video-preview:-1\" \/>\n<link rel=\"canonical\" href=\"https:\/\/espanola.lt\/en\/product\/alyvuogiu-marinuotu-agurku-ir-svoguneliu-kokteilis-300g\/\" \/>\n<meta property=\"og:locale\" content=\"en_US\" \/>\n<meta property=\"og:type\" content=\"article\" \/>\n<meta property=\"og:title\" content=\"Alyvuogi\u0173, marinuot\u0173 agurk\u0173 ir svog\u016bn\u0117li\u0173 kokteilis, 300g. | Espanola.lt\" \/>\n<meta property=\"og:description\" content=\"Atraskite auk\u0161tos kokyb\u0117s ispani\u0161kus delikatesus \u2013 s\u016brius, kumpius, alyvuoges ir \u017euv\u012f. Tikras Ispanijos skonis tiesiai \u012f j\u016bs\u0173 namus.\" \/>\n<meta property=\"og:url\" content=\"https:\/\/espanola.lt\/en\/product\/alyvuogiu-marinuotu-agurku-ir-svoguneliu-kokteilis-300g\/\" \/>\n<meta property=\"og:site_name\" content=\"Espanola\" \/>\n<meta property=\"article:publisher\" content=\"https:\/\/www.facebook.com\/espanola.lt\" \/>\n<meta property=\"article:modified_time\" content=\"2026-05-06T08:20:58+00:00\" \/>\n<meta property=\"og:image\" content=\"https:\/\/espanola.lt\/wp-content\/uploads\/2023\/03\/Cocktail-01-1.jpg\" \/>\n\t<meta property=\"og:image:width\" content=\"800\" \/>\n\t<meta property=\"og:image:height\" content=\"800\" \/>\n\t<meta property=\"og:image:type\" content=\"image\/jpeg\" \/>\n<meta name=\"twitter:card\" content=\"summary_large_image\" \/>\n<meta name=\"twitter:label1\" content=\"Est. reading time\" \/>\n\t<meta name=\"twitter:data1\" content=\"1 minute\" \/>\n<script type=\"application\/ld+json\" class=\"yoast-schema-graph\">{\"@context\":\"https:\/\/schema.org\",\"@graph\":[{\"@type\":\"WebPage\",\"@id\":\"https:\/\/espanola.lt\/en\/product\/alyvuogiu-marinuotu-agurku-ir-svoguneliu-kokteilis-300g\/\",\"url\":\"https:\/\/espanola.lt\/en\/product\/alyvuogiu-marinuotu-agurku-ir-svoguneliu-kokteilis-300g\/\",\"name\":\"Alyvuogi\u0173, marinuot\u0173 agurk\u0173 ir svog\u016bn\u0117li\u0173 kokteilis, 300g. | Espanola.lt\",\"isPartOf\":{\"@id\":\"https:\/\/espanola.lt\/#website\"},\"primaryImageOfPage\":{\"@id\":\"https:\/\/espanola.lt\/en\/product\/alyvuogiu-marinuotu-agurku-ir-svoguneliu-kokteilis-300g\/#primaryimage\"},\"image\":{\"@id\":\"https:\/\/espanola.lt\/en\/product\/alyvuogiu-marinuotu-agurku-ir-svoguneliu-kokteilis-300g\/#primaryimage\"},\"thumbnailUrl\":\"https:\/\/espanola.lt\/wp-content\/uploads\/2023\/03\/Cocktail-01-1.jpg\",\"datePublished\":\"2023-03-19T14:22:23+00:00\",\"dateModified\":\"2026-05-06T08:20:58+00:00\",\"description\":\"Atraskite auk\u0161tos kokyb\u0117s ispani\u0161kus delikatesus \u2013 s\u016brius, kumpius, alyvuoges ir \u017euv\u012f. Tikras Ispanijos skonis tiesiai \u012f j\u016bs\u0173 namus.\",\"breadcrumb\":{\"@id\":\"https:\/\/espanola.lt\/en\/product\/alyvuogiu-marinuotu-agurku-ir-svoguneliu-kokteilis-300g\/#breadcrumb\"},\"inLanguage\":\"en-US\",\"potentialAction\":[{\"@type\":\"ReadAction\",\"target\":[\"https:\/\/espanola.lt\/en\/product\/alyvuogiu-marinuotu-agurku-ir-svoguneliu-kokteilis-300g\/\"]}]},{\"@type\":\"ImageObject\",\"inLanguage\":\"en-US\",\"@id\":\"https:\/\/espanola.lt\/en\/product\/alyvuogiu-marinuotu-agurku-ir-svoguneliu-kokteilis-300g\/#primaryimage\",\"url\":\"https:\/\/espanola.lt\/wp-content\/uploads\/2023\/03\/Cocktail-01-1.jpg\",\"contentUrl\":\"https:\/\/espanola.lt\/wp-content\/uploads\/2023\/03\/Cocktail-01-1.jpg\",\"width\":800,\"height\":800},{\"@type\":\"BreadcrumbList\",\"@id\":\"https:\/\/espanola.lt\/en\/product\/alyvuogiu-marinuotu-agurku-ir-svoguneliu-kokteilis-300g\/#breadcrumb\",\"itemListElement\":[{\"@type\":\"ListItem\",\"position\":1,\"name\":\"Home\",\"item\":\"https:\/\/espanola.lt\/en\/homepage\/\"},{\"@type\":\"ListItem\",\"position\":2,\"name\":\"Shop\",\"item\":\"https:\/\/espanola.lt\/en\/shop\/\"},{\"@type\":\"ListItem\",\"position\":3,\"name\":\"Alyvuogi\u0173, marinuot\u0173 agurk\u0173 ir svog\u016bn\u0117li\u0173 kokteilis, 300g.\"}]},{\"@type\":\"WebSite\",\"@id\":\"https:\/\/espanola.lt\/#website\",\"url\":\"https:\/\/espanola.lt\/\",\"name\":\"Espanola.lt | Tikras Ispanijos skonis \u2013 J\u016bs\u0173 namuose!\",\"description\":\"\",\"publisher\":{\"@id\":\"https:\/\/espanola.lt\/#organization\"},\"potentialAction\":[{\"@type\":\"SearchAction\",\"target\":{\"@type\":\"EntryPoint\",\"urlTemplate\":\"https:\/\/espanola.lt\/?s={search_term_string}\"},\"query-input\":{\"@type\":\"PropertyValueSpecification\",\"valueRequired\":true,\"valueName\":\"search_term_string\"}}],\"inLanguage\":\"en-US\"},{\"@type\":\"Organization\",\"@id\":\"https:\/\/espanola.lt\/#organization\",\"name\":\"Espanola.lt\",\"url\":\"https:\/\/espanola.lt\/\",\"logo\":{\"@type\":\"ImageObject\",\"inLanguage\":\"en-US\",\"@id\":\"https:\/\/espanola.lt\/#\/schema\/logo\/image\/\",\"url\":\"https:\/\/espanola.lt\/wp-content\/uploads\/2023\/03\/notext_color.png\",\"contentUrl\":\"https:\/\/espanola.lt\/wp-content\/uploads\/2023\/03\/notext_color.png\",\"width\":916,\"height\":204,\"caption\":\"Espanola.lt\"},\"image\":{\"@id\":\"https:\/\/espanola.lt\/#\/schema\/logo\/image\/\"},\"sameAs\":[\"https:\/\/www.facebook.com\/espanola.lt\",\"https:\/\/www.instagram.com\/espanola.lt\/\"]}]}<\/script>\n<!-- \/ Yoast SEO plugin. -->","yoast_head_json":{"title":"Alyvuogi\u0173, marinuot\u0173 agurk\u0173 ir svog\u016bn\u0117li\u0173 kokteilis, 300g. | Espanola.lt","description":"Atraskite auk\u0161tos kokyb\u0117s ispani\u0161kus delikatesus \u2013 s\u016brius, kumpius, alyvuoges ir \u017euv\u012f. Tikras Ispanijos skonis tiesiai \u012f j\u016bs\u0173 namus.","robots":{"index":"index","follow":"follow","max-snippet":"max-snippet:-1","max-image-preview":"max-image-preview:large","max-video-preview":"max-video-preview:-1"},"canonical":"https:\/\/espanola.lt\/en\/product\/alyvuogiu-marinuotu-agurku-ir-svoguneliu-kokteilis-300g\/","og_locale":"en_US","og_type":"article","og_title":"Alyvuogi\u0173, marinuot\u0173 agurk\u0173 ir svog\u016bn\u0117li\u0173 kokteilis, 300g. | Espanola.lt","og_description":"Atraskite auk\u0161tos kokyb\u0117s ispani\u0161kus delikatesus \u2013 s\u016brius, kumpius, alyvuoges ir \u017euv\u012f. Tikras Ispanijos skonis tiesiai \u012f j\u016bs\u0173 namus.","og_url":"https:\/\/espanola.lt\/en\/product\/alyvuogiu-marinuotu-agurku-ir-svoguneliu-kokteilis-300g\/","og_site_name":"Espanola","article_publisher":"https:\/\/www.facebook.com\/espanola.lt","article_modified_time":"2026-05-06T08:20:58+00:00","og_image":[{"width":800,"height":800,"url":"https:\/\/espanola.lt\/wp-content\/uploads\/2023\/03\/Cocktail-01-1.jpg","type":"image\/jpeg"}],"twitter_card":"summary_large_image","twitter_misc":{"Est. reading time":"1 minute"},"schema":{"@context":"https:\/\/schema.org","@graph":[{"@type":"WebPage","@id":"https:\/\/espanola.lt\/en\/product\/alyvuogiu-marinuotu-agurku-ir-svoguneliu-kokteilis-300g\/","url":"https:\/\/espanola.lt\/en\/product\/alyvuogiu-marinuotu-agurku-ir-svoguneliu-kokteilis-300g\/","name":"Alyvuogi\u0173, marinuot\u0173 agurk\u0173 ir svog\u016bn\u0117li\u0173 kokteilis, 300g. | Espanola.lt","isPartOf":{"@id":"https:\/\/espanola.lt\/#website"},"primaryImageOfPage":{"@id":"https:\/\/espanola.lt\/en\/product\/alyvuogiu-marinuotu-agurku-ir-svoguneliu-kokteilis-300g\/#primaryimage"},"image":{"@id":"https:\/\/espanola.lt\/en\/product\/alyvuogiu-marinuotu-agurku-ir-svoguneliu-kokteilis-300g\/#primaryimage"},"thumbnailUrl":"https:\/\/espanola.lt\/wp-content\/uploads\/2023\/03\/Cocktail-01-1.jpg","datePublished":"2023-03-19T14:22:23+00:00","dateModified":"2026-05-06T08:20:58+00:00","description":"Atraskite auk\u0161tos kokyb\u0117s ispani\u0161kus delikatesus \u2013 s\u016brius, kumpius, alyvuoges ir \u017euv\u012f. Tikras Ispanijos skonis tiesiai \u012f j\u016bs\u0173 namus.","breadcrumb":{"@id":"https:\/\/espanola.lt\/en\/product\/alyvuogiu-marinuotu-agurku-ir-svoguneliu-kokteilis-300g\/#breadcrumb"},"inLanguage":"en-US","potentialAction":[{"@type":"ReadAction","target":["https:\/\/espanola.lt\/en\/product\/alyvuogiu-marinuotu-agurku-ir-svoguneliu-kokteilis-300g\/"]}]},{"@type":"ImageObject","inLanguage":"en-US","@id":"https:\/\/espanola.lt\/en\/product\/alyvuogiu-marinuotu-agurku-ir-svoguneliu-kokteilis-300g\/#primaryimage","url":"https:\/\/espanola.lt\/wp-content\/uploads\/2023\/03\/Cocktail-01-1.jpg","contentUrl":"https:\/\/espanola.lt\/wp-content\/uploads\/2023\/03\/Cocktail-01-1.jpg","width":800,"height":800},{"@type":"BreadcrumbList","@id":"https:\/\/espanola.lt\/en\/product\/alyvuogiu-marinuotu-agurku-ir-svoguneliu-kokteilis-300g\/#breadcrumb","itemListElement":[{"@type":"ListItem","position":1,"name":"Home","item":"https:\/\/espanola.lt\/en\/homepage\/"},{"@type":"ListItem","position":2,"name":"Shop","item":"https:\/\/espanola.lt\/en\/shop\/"},{"@type":"ListItem","position":3,"name":"Alyvuogi\u0173, marinuot\u0173 agurk\u0173 ir svog\u016bn\u0117li\u0173 kokteilis, 300g."}]},{"@type":"WebSite","@id":"https:\/\/espanola.lt\/#website","url":"https:\/\/espanola.lt\/","name":"Espanola.lt | Tikras Ispanijos skonis \u2013 J\u016bs\u0173 namuose!","description":"","publisher":{"@id":"https:\/\/espanola.lt\/#organization"},"potentialAction":[{"@type":"SearchAction","target":{"@type":"EntryPoint","urlTemplate":"https:\/\/espanola.lt\/?s={search_term_string}"},"query-input":{"@type":"PropertyValueSpecification","valueRequired":true,"valueName":"search_term_string"}}],"inLanguage":"en-US"},{"@type":"Organization","@id":"https:\/\/espanola.lt\/#organization","name":"Espanola.lt","url":"https:\/\/espanola.lt\/","logo":{"@type":"ImageObject","inLanguage":"en-US","@id":"https:\/\/espanola.lt\/#\/schema\/logo\/image\/","url":"https:\/\/espanola.lt\/wp-content\/uploads\/2023\/03\/notext_color.png","contentUrl":"https:\/\/espanola.lt\/wp-content\/uploads\/2023\/03\/notext_color.png","width":916,"height":204,"caption":"Espanola.lt"},"image":{"@id":"https:\/\/espanola.lt\/#\/schema\/logo\/image\/"},"sameAs":["https:\/\/www.facebook.com\/espanola.lt","https:\/\/www.instagram.com\/espanola.lt\/"]}]}},"_links":{"self":[{"href":"https:\/\/espanola.lt\/en\/wp-json\/wp\/v2\/product\/21870"}],"collection":[{"href":"https:\/\/espanola.lt\/en\/wp-json\/wp\/v2\/product"}],"about":[{"href":"https:\/\/espanola.lt\/en\/wp-json\/wp\/v2\/types\/product"}],"version-history":[{"count":2,"href":"https:\/\/espanola.lt\/en\/wp-json\/wp\/v2\/product\/21870\/revisions"}],"predecessor-version":[{"id":27183,"href":"https:\/\/espanola.lt\/en\/wp-json\/wp\/v2\/product\/21870\/revisions\/27183"}],"wp:featuredmedia":[{"embeddable":true,"href":"https:\/\/espanola.lt\/en\/wp-json\/wp\/v2\/media\/23147"}],"wp:attachment":[{"href":"https:\/\/espanola.lt\/en\/wp-json\/wp\/v2\/media?parent=21870"}],"wp:term":[{"taxonomy":"product_brand","embeddable":true,"href":"https:\/\/espanola.lt\/en\/wp-json\/wp\/v2\/product_brand?post=21870"},{"taxonomy":"product_cat","embeddable":true,"href":"https:\/\/espanola.lt\/en\/wp-json\/wp\/v2\/product_cat?post=21870"},{"taxonomy":"product_tag","embeddable":true,"href":"https:\/\/espanola.lt\/en\/wp-json\/wp\/v2\/product_tag?post=21870"}],"curies":[{"name":"wp","href":"https:\/\/api.w.org\/{rel}","templated":true}]}}