{"id":21825,"date":"2023-03-19T14:22:01","date_gmt":"2023-03-19T14:22:01","guid":{"rendered":"https:\/\/espanola.signus.agency\/?post_type=product&#038;p=21825"},"modified":"2024-01-22T10:16:24","modified_gmt":"2024-01-22T10:16:24","slug":"virtos-baltos-pupeles-570g-be-glitimo","status":"publish","type":"product","link":"https:\/\/espanola.lt\/en\/product\/virtos-baltos-pupeles-570g-be-glitimo\/","title":{"rendered":"Virtos baltos pupel\u0117s 570g be glitimo"},"content":{"rendered":"<p>Sud\u0117tis: baltos pupel\u0117s, vanduo, druska, E-385, konservantas E-223. Maistin\u0117 vert\u0117: Vert\u0117s 100 g produkto Energin\u0117 vert\u0117 345kj (82 kcal) Riebalai 0,4 g (i\u0161 kuri\u0173 so\u010di\u0173j\u0173 riebal\u0173 r\u016bg\u0161\u010di\u0173 0,1 g.), Angliavandeniai 11 g., i\u0161 kuri\u0173 Cukr\u016bs 0,7 g., Skaidulin\u0117s med\u017eiagos 7,0 g., Baltymai 5,5 g, Druska 0,4 g. Laikyti tamsioje v\u0117sioje vietoje, atidarius pakuot\u0119 laikyti \u0161aldytuve ir suvartoti per 5 paras. Partijos Nr.\/Geriausia suvartoti iki: \u017er. pakuot\u0119. Grynasis kiekis 400g. Gamintojas CONSERVAS HERSAL S.L. Kilm\u0117s \u0161alis Ispanija.<\/p>\n","protected":false},"excerpt":{"rendered":"<p>Sud\u0117tis: baltos pupel\u0117s, vanduo, druska, E-385, konservantas E-223. Maistin\u0117 vert\u0117: Vert\u0117s 100 g produkto Energin\u0117 vert\u0117 345kj (82 kcal) Riebalai 0,4 g (i\u0161 kuri\u0173 so\u010di\u0173j\u0173 riebal\u0173 r\u016bg\u0161\u010di\u0173 0,1 g.), Angliavandeniai 11 g., i\u0161 kuri\u0173 Cukr\u016bs 0,7 g., Skaidulin\u0117s med\u017eiagos 7,0 g., Baltymai 5,5 g, Druska 0,4 g. Laikyti tamsioje v\u0117sioje vietoje, atidarius pakuot\u0119 laikyti \u0161aldytuve ir suvartoti per 5 paras. Partijos Nr.\/Geriausia suvartoti iki: \u017er. pakuot\u0119. Grynasis kiekis 400g. Gamintojas CONSERVAS HERSAL S.L. Importuotojas: UAB \u201cRebus group\u201d, Jonavos g. 262, LT- 44131, Kaunas. www.espanola.lt<\/p>\n","protected":false},"featured_media":21879,"template":"","meta":[],"product_brand":[],"product_cat":[85,87,89,86],"product_tag":[],"class_list":{"0":"post-21825","1":"product","2":"type-product","3":"status-publish","4":"has-post-thumbnail","6":"product_cat-darzoves","7":"product_cat-darzoves-mazmenine","8":"product_cat-darzoves-horeca","9":"product_cat-mazmenine","11":"first","12":"instock","13":"shipping-taxable","14":"purchasable","15":"product-type-simple"},"yoast_head":"<!-- This site is optimized with the Yoast SEO plugin v23.7 - https:\/\/yoast.com\/wordpress\/plugins\/seo\/ -->\n<title>Virtos baltos pupel\u0117s 570g be glitimo | Espanola.lt<\/title>\n<meta name=\"description\" content=\"Atraskite auk\u0161tos kokyb\u0117s ispani\u0161kus delikatesus \u2013 s\u016brius, kumpius, alyvuoges ir \u017euv\u012f. Tikras Ispanijos skonis tiesiai \u012f j\u016bs\u0173 namus.\" \/>\n<meta name=\"robots\" content=\"index, follow, max-snippet:-1, max-image-preview:large, max-video-preview:-1\" \/>\n<link rel=\"canonical\" href=\"https:\/\/espanola.lt\/en\/product\/virtos-baltos-pupeles-570g-be-glitimo\/\" \/>\n<meta property=\"og:locale\" content=\"en_US\" \/>\n<meta property=\"og:type\" content=\"article\" \/>\n<meta property=\"og:title\" content=\"Virtos baltos pupel\u0117s 570g be glitimo | Espanola.lt\" \/>\n<meta property=\"og:description\" content=\"Atraskite auk\u0161tos kokyb\u0117s ispani\u0161kus delikatesus \u2013 s\u016brius, kumpius, alyvuoges ir \u017euv\u012f. Tikras Ispanijos skonis tiesiai \u012f j\u016bs\u0173 namus.\" \/>\n<meta property=\"og:url\" content=\"https:\/\/espanola.lt\/en\/product\/virtos-baltos-pupeles-570g-be-glitimo\/\" \/>\n<meta property=\"og:site_name\" content=\"Espanola\" \/>\n<meta property=\"article:publisher\" content=\"https:\/\/www.facebook.com\/espanola.lt\" \/>\n<meta property=\"article:modified_time\" content=\"2024-01-22T10:16:24+00:00\" \/>\n<meta property=\"og:image\" content=\"https:\/\/espanola.lt\/wp-content\/uploads\/2023\/03\/CATEGORIA_ALUBIA-BLANCA-DUNIA-FOOD_1505729638-1.jpg\" \/>\n\t<meta property=\"og:image:width\" content=\"1000\" \/>\n\t<meta property=\"og:image:height\" content=\"1000\" \/>\n\t<meta property=\"og:image:type\" content=\"image\/jpeg\" \/>\n<meta name=\"twitter:card\" content=\"summary_large_image\" \/>\n<meta name=\"twitter:label1\" content=\"Est. reading time\" \/>\n\t<meta name=\"twitter:data1\" content=\"1 minute\" \/>\n<script type=\"application\/ld+json\" class=\"yoast-schema-graph\">{\"@context\":\"https:\/\/schema.org\",\"@graph\":[{\"@type\":\"WebPage\",\"@id\":\"https:\/\/espanola.lt\/en\/product\/virtos-baltos-pupeles-570g-be-glitimo\/\",\"url\":\"https:\/\/espanola.lt\/en\/product\/virtos-baltos-pupeles-570g-be-glitimo\/\",\"name\":\"Virtos baltos pupel\u0117s 570g be glitimo | Espanola.lt\",\"isPartOf\":{\"@id\":\"https:\/\/espanola.lt\/#website\"},\"primaryImageOfPage\":{\"@id\":\"https:\/\/espanola.lt\/en\/product\/virtos-baltos-pupeles-570g-be-glitimo\/#primaryimage\"},\"image\":{\"@id\":\"https:\/\/espanola.lt\/en\/product\/virtos-baltos-pupeles-570g-be-glitimo\/#primaryimage\"},\"thumbnailUrl\":\"https:\/\/espanola.lt\/wp-content\/uploads\/2023\/03\/CATEGORIA_ALUBIA-BLANCA-DUNIA-FOOD_1505729638-1.jpg\",\"datePublished\":\"2023-03-19T14:22:01+00:00\",\"dateModified\":\"2024-01-22T10:16:24+00:00\",\"description\":\"Atraskite auk\u0161tos kokyb\u0117s ispani\u0161kus delikatesus \u2013 s\u016brius, kumpius, alyvuoges ir \u017euv\u012f. Tikras Ispanijos skonis tiesiai \u012f j\u016bs\u0173 namus.\",\"breadcrumb\":{\"@id\":\"https:\/\/espanola.lt\/en\/product\/virtos-baltos-pupeles-570g-be-glitimo\/#breadcrumb\"},\"inLanguage\":\"en-US\",\"potentialAction\":[{\"@type\":\"ReadAction\",\"target\":[\"https:\/\/espanola.lt\/en\/product\/virtos-baltos-pupeles-570g-be-glitimo\/\"]}]},{\"@type\":\"ImageObject\",\"inLanguage\":\"en-US\",\"@id\":\"https:\/\/espanola.lt\/en\/product\/virtos-baltos-pupeles-570g-be-glitimo\/#primaryimage\",\"url\":\"https:\/\/espanola.lt\/wp-content\/uploads\/2023\/03\/CATEGORIA_ALUBIA-BLANCA-DUNIA-FOOD_1505729638-1.jpg\",\"contentUrl\":\"https:\/\/espanola.lt\/wp-content\/uploads\/2023\/03\/CATEGORIA_ALUBIA-BLANCA-DUNIA-FOOD_1505729638-1.jpg\",\"width\":1000,\"height\":1000},{\"@type\":\"BreadcrumbList\",\"@id\":\"https:\/\/espanola.lt\/en\/product\/virtos-baltos-pupeles-570g-be-glitimo\/#breadcrumb\",\"itemListElement\":[{\"@type\":\"ListItem\",\"position\":1,\"name\":\"Home\",\"item\":\"https:\/\/espanola.lt\/en\/homepage\/\"},{\"@type\":\"ListItem\",\"position\":2,\"name\":\"Shop\",\"item\":\"https:\/\/espanola.lt\/en\/shop\/\"},{\"@type\":\"ListItem\",\"position\":3,\"name\":\"Virtos baltos pupel\u0117s 570g be glitimo\"}]},{\"@type\":\"WebSite\",\"@id\":\"https:\/\/espanola.lt\/#website\",\"url\":\"https:\/\/espanola.lt\/\",\"name\":\"Espanola.lt | Tikras Ispanijos skonis \u2013 J\u016bs\u0173 namuose!\",\"description\":\"\",\"publisher\":{\"@id\":\"https:\/\/espanola.lt\/#organization\"},\"potentialAction\":[{\"@type\":\"SearchAction\",\"target\":{\"@type\":\"EntryPoint\",\"urlTemplate\":\"https:\/\/espanola.lt\/?s={search_term_string}\"},\"query-input\":{\"@type\":\"PropertyValueSpecification\",\"valueRequired\":true,\"valueName\":\"search_term_string\"}}],\"inLanguage\":\"en-US\"},{\"@type\":\"Organization\",\"@id\":\"https:\/\/espanola.lt\/#organization\",\"name\":\"Espanola.lt\",\"url\":\"https:\/\/espanola.lt\/\",\"logo\":{\"@type\":\"ImageObject\",\"inLanguage\":\"en-US\",\"@id\":\"https:\/\/espanola.lt\/#\/schema\/logo\/image\/\",\"url\":\"https:\/\/espanola.lt\/wp-content\/uploads\/2023\/03\/notext_color.png\",\"contentUrl\":\"https:\/\/espanola.lt\/wp-content\/uploads\/2023\/03\/notext_color.png\",\"width\":916,\"height\":204,\"caption\":\"Espanola.lt\"},\"image\":{\"@id\":\"https:\/\/espanola.lt\/#\/schema\/logo\/image\/\"},\"sameAs\":[\"https:\/\/www.facebook.com\/espanola.lt\",\"https:\/\/www.instagram.com\/espanola.lt\/\"]}]}<\/script>\n<!-- \/ Yoast SEO plugin. -->","yoast_head_json":{"title":"Virtos baltos pupel\u0117s 570g be glitimo | Espanola.lt","description":"Atraskite auk\u0161tos kokyb\u0117s ispani\u0161kus delikatesus \u2013 s\u016brius, kumpius, alyvuoges ir \u017euv\u012f. Tikras Ispanijos skonis tiesiai \u012f j\u016bs\u0173 namus.","robots":{"index":"index","follow":"follow","max-snippet":"max-snippet:-1","max-image-preview":"max-image-preview:large","max-video-preview":"max-video-preview:-1"},"canonical":"https:\/\/espanola.lt\/en\/product\/virtos-baltos-pupeles-570g-be-glitimo\/","og_locale":"en_US","og_type":"article","og_title":"Virtos baltos pupel\u0117s 570g be glitimo | Espanola.lt","og_description":"Atraskite auk\u0161tos kokyb\u0117s ispani\u0161kus delikatesus \u2013 s\u016brius, kumpius, alyvuoges ir \u017euv\u012f. Tikras Ispanijos skonis tiesiai \u012f j\u016bs\u0173 namus.","og_url":"https:\/\/espanola.lt\/en\/product\/virtos-baltos-pupeles-570g-be-glitimo\/","og_site_name":"Espanola","article_publisher":"https:\/\/www.facebook.com\/espanola.lt","article_modified_time":"2024-01-22T10:16:24+00:00","og_image":[{"width":1000,"height":1000,"url":"https:\/\/espanola.lt\/wp-content\/uploads\/2023\/03\/CATEGORIA_ALUBIA-BLANCA-DUNIA-FOOD_1505729638-1.jpg","type":"image\/jpeg"}],"twitter_card":"summary_large_image","twitter_misc":{"Est. reading time":"1 minute"},"schema":{"@context":"https:\/\/schema.org","@graph":[{"@type":"WebPage","@id":"https:\/\/espanola.lt\/en\/product\/virtos-baltos-pupeles-570g-be-glitimo\/","url":"https:\/\/espanola.lt\/en\/product\/virtos-baltos-pupeles-570g-be-glitimo\/","name":"Virtos baltos pupel\u0117s 570g be glitimo | Espanola.lt","isPartOf":{"@id":"https:\/\/espanola.lt\/#website"},"primaryImageOfPage":{"@id":"https:\/\/espanola.lt\/en\/product\/virtos-baltos-pupeles-570g-be-glitimo\/#primaryimage"},"image":{"@id":"https:\/\/espanola.lt\/en\/product\/virtos-baltos-pupeles-570g-be-glitimo\/#primaryimage"},"thumbnailUrl":"https:\/\/espanola.lt\/wp-content\/uploads\/2023\/03\/CATEGORIA_ALUBIA-BLANCA-DUNIA-FOOD_1505729638-1.jpg","datePublished":"2023-03-19T14:22:01+00:00","dateModified":"2024-01-22T10:16:24+00:00","description":"Atraskite auk\u0161tos kokyb\u0117s ispani\u0161kus delikatesus \u2013 s\u016brius, kumpius, alyvuoges ir \u017euv\u012f. Tikras Ispanijos skonis tiesiai \u012f j\u016bs\u0173 namus.","breadcrumb":{"@id":"https:\/\/espanola.lt\/en\/product\/virtos-baltos-pupeles-570g-be-glitimo\/#breadcrumb"},"inLanguage":"en-US","potentialAction":[{"@type":"ReadAction","target":["https:\/\/espanola.lt\/en\/product\/virtos-baltos-pupeles-570g-be-glitimo\/"]}]},{"@type":"ImageObject","inLanguage":"en-US","@id":"https:\/\/espanola.lt\/en\/product\/virtos-baltos-pupeles-570g-be-glitimo\/#primaryimage","url":"https:\/\/espanola.lt\/wp-content\/uploads\/2023\/03\/CATEGORIA_ALUBIA-BLANCA-DUNIA-FOOD_1505729638-1.jpg","contentUrl":"https:\/\/espanola.lt\/wp-content\/uploads\/2023\/03\/CATEGORIA_ALUBIA-BLANCA-DUNIA-FOOD_1505729638-1.jpg","width":1000,"height":1000},{"@type":"BreadcrumbList","@id":"https:\/\/espanola.lt\/en\/product\/virtos-baltos-pupeles-570g-be-glitimo\/#breadcrumb","itemListElement":[{"@type":"ListItem","position":1,"name":"Home","item":"https:\/\/espanola.lt\/en\/homepage\/"},{"@type":"ListItem","position":2,"name":"Shop","item":"https:\/\/espanola.lt\/en\/shop\/"},{"@type":"ListItem","position":3,"name":"Virtos baltos pupel\u0117s 570g be glitimo"}]},{"@type":"WebSite","@id":"https:\/\/espanola.lt\/#website","url":"https:\/\/espanola.lt\/","name":"Espanola.lt | Tikras Ispanijos skonis \u2013 J\u016bs\u0173 namuose!","description":"","publisher":{"@id":"https:\/\/espanola.lt\/#organization"},"potentialAction":[{"@type":"SearchAction","target":{"@type":"EntryPoint","urlTemplate":"https:\/\/espanola.lt\/?s={search_term_string}"},"query-input":{"@type":"PropertyValueSpecification","valueRequired":true,"valueName":"search_term_string"}}],"inLanguage":"en-US"},{"@type":"Organization","@id":"https:\/\/espanola.lt\/#organization","name":"Espanola.lt","url":"https:\/\/espanola.lt\/","logo":{"@type":"ImageObject","inLanguage":"en-US","@id":"https:\/\/espanola.lt\/#\/schema\/logo\/image\/","url":"https:\/\/espanola.lt\/wp-content\/uploads\/2023\/03\/notext_color.png","contentUrl":"https:\/\/espanola.lt\/wp-content\/uploads\/2023\/03\/notext_color.png","width":916,"height":204,"caption":"Espanola.lt"},"image":{"@id":"https:\/\/espanola.lt\/#\/schema\/logo\/image\/"},"sameAs":["https:\/\/www.facebook.com\/espanola.lt","https:\/\/www.instagram.com\/espanola.lt\/"]}]}},"_links":{"self":[{"href":"https:\/\/espanola.lt\/en\/wp-json\/wp\/v2\/product\/21825"}],"collection":[{"href":"https:\/\/espanola.lt\/en\/wp-json\/wp\/v2\/product"}],"about":[{"href":"https:\/\/espanola.lt\/en\/wp-json\/wp\/v2\/types\/product"}],"version-history":[{"count":4,"href":"https:\/\/espanola.lt\/en\/wp-json\/wp\/v2\/product\/21825\/revisions"}],"predecessor-version":[{"id":24869,"href":"https:\/\/espanola.lt\/en\/wp-json\/wp\/v2\/product\/21825\/revisions\/24869"}],"wp:featuredmedia":[{"embeddable":true,"href":"https:\/\/espanola.lt\/en\/wp-json\/wp\/v2\/media\/21879"}],"wp:attachment":[{"href":"https:\/\/espanola.lt\/en\/wp-json\/wp\/v2\/media?parent=21825"}],"wp:term":[{"taxonomy":"product_brand","embeddable":true,"href":"https:\/\/espanola.lt\/en\/wp-json\/wp\/v2\/product_brand?post=21825"},{"taxonomy":"product_cat","embeddable":true,"href":"https:\/\/espanola.lt\/en\/wp-json\/wp\/v2\/product_cat?post=21825"},{"taxonomy":"product_tag","embeddable":true,"href":"https:\/\/espanola.lt\/en\/wp-json\/wp\/v2\/product_tag?post=21825"}],"curies":[{"name":"wp","href":"https:\/\/api.w.org\/{rel}","templated":true}]}}