{"id":21824,"date":"2023-03-19T14:22:01","date_gmt":"2023-03-19T14:22:01","guid":{"rendered":"https:\/\/espanola.signus.agency\/?post_type=product&#038;p=21824"},"modified":"2026-03-02T07:56:40","modified_gmt":"2026-03-02T07:56:40","slug":"artisoku-serdys-2500g","status":"publish","type":"product","link":"https:\/\/espanola.lt\/en\/product\/artisoku-serdys-2500g\/","title":{"rendered":"Arti\u0161ok\u0173 \u0161erdys 2500g."},"content":{"rendered":"<p>&nbsp;<\/p>\n<p>Konservuoti arti\u0161okai buvo kruop\u0161\u010diai atrinkti ir apdoroti gamybos proceso metu, tod\u0117l gautas auk\u0161tos kokyb\u0117s produktas.<\/p>\n<p data-start=\"0\" data-end=\"134\">Arti\u0161okai (<span class=\"hover:entity-accent entity-underline inline cursor-pointer align-baseline\"><span class=\"whitespace-normal\">Cynara scolymus<\/span><\/span>) \u2013 tai ne tik gurmani\u0161ka dar\u017eov\u0117, bet ir labai vertingas maisto produktas organizmui.<\/p>\n<h2 data-start=\"136\" data-end=\"167\">\ud83c\udf3f Pagrindin\u0117 arti\u0161ok\u0173 nauda<\/h2>\n<h3 data-start=\"169\" data-end=\"191\">1\ufe0f\u20e3 Kepen\u0173 veiklai<\/h3>\n<ul data-start=\"192\" data-end=\"360\">\n<li data-start=\"192\" data-end=\"223\">\n<p data-start=\"194\" data-end=\"223\">Skatina tul\u017eies i\u0161siskyrim\u0105<\/p>\n<\/li>\n<li data-start=\"224\" data-end=\"256\">\n<p data-start=\"226\" data-end=\"256\">Padeda kepen\u0173 detoksikacijai<\/p>\n<\/li>\n<li data-start=\"257\" data-end=\"360\">\n<p data-start=\"259\" data-end=\"360\">Gali suma\u017einti kepen\u0173 ferment\u0173 rodiklius<br data-start=\"299\" data-end=\"302\" \/>Arti\u0161okuose esantis <strong data-start=\"322\" data-end=\"335\">cinarinas<\/strong> palaiko kepen\u0173 funkcij\u0105.<\/p>\n<\/li>\n<\/ul>\n<h3 data-start=\"362\" data-end=\"381\">2\ufe0f\u20e3 Vir\u0161kinimui<\/h3>\n<ul data-start=\"382\" data-end=\"469\">\n<li data-start=\"382\" data-end=\"403\">\n<p data-start=\"384\" data-end=\"403\">Gerina vir\u0161kinim\u0105<\/p>\n<\/li>\n<li data-start=\"404\" data-end=\"427\">\n<p data-start=\"406\" data-end=\"427\">Ma\u017eina pilvo p\u016btim\u0105<\/p>\n<\/li>\n<li data-start=\"428\" data-end=\"469\">\n<p data-start=\"430\" data-end=\"469\">Padeda esant l\u0117tesnei \u017earnyno veiklai<\/p>\n<\/li>\n<\/ul>\n<p data-start=\"471\" data-end=\"559\">Juose gausu skaidul\u0173 ir inulino (prebiotiko), kuris maitina ger\u0105sias \u017earnyno bakterijas.<\/p>\n<h3 data-start=\"561\" data-end=\"592\">3\ufe0f\u20e3 Cholesterolio ma\u017einimui<\/h3>\n<ul data-start=\"593\" data-end=\"692\">\n<li data-start=\"593\" data-end=\"647\">\n<p data-start=\"595\" data-end=\"647\">Gali pad\u0117ti suma\u017einti \u201eblog\u0105j\u012f\u201c (LDL) cholesterol\u012f<\/p>\n<\/li>\n<li data-start=\"648\" data-end=\"692\">\n<p data-start=\"650\" data-end=\"692\">Palaiko \u0161irdies ir kraujagysli\u0173 sveikat\u0105<\/p>\n<\/li>\n<\/ul>\n<h3 data-start=\"694\" data-end=\"726\">4\ufe0f\u20e3 Cukraus kiekiui kraujyje<\/h3>\n<ul data-start=\"727\" data-end=\"810\">\n<li data-start=\"727\" data-end=\"760\">\n<p data-start=\"729\" data-end=\"760\">L\u0117tina gliukoz\u0117s pasisavinim\u0105<\/p>\n<\/li>\n<li data-start=\"761\" data-end=\"810\">\n<p data-start=\"763\" data-end=\"810\">Gali b\u016bti naudingi esant atsparumui insulinui<\/p>\n<\/li>\n<\/ul>\n<h3 data-start=\"812\" data-end=\"842\">5\ufe0f\u20e3 Antioksidacin\u0117 apsauga<\/h3>\n<ul data-start=\"843\" data-end=\"938\">\n<li data-start=\"843\" data-end=\"870\">\n<p data-start=\"845\" data-end=\"870\">Turi daug antioksidant\u0173<\/p>\n<\/li>\n<li data-start=\"871\" data-end=\"900\">\n<p data-start=\"873\" data-end=\"900\">Padeda kovoti su u\u017edegimu<\/p>\n<\/li>\n<li data-start=\"901\" data-end=\"938\">\n<p data-start=\"903\" data-end=\"938\">L\u0117tina l\u0105steli\u0173 sen\u0117jimo procesus<\/p>\n<\/li>\n<\/ul>\n<hr data-start=\"940\" data-end=\"943\" \/>\n<h2 data-start=\"945\" data-end=\"965\">\ud83d\udcaa\u00a0Arti\u0161okai turi:<\/h2>\n<ul data-start=\"982\" data-end=\"1069\">\n<li data-start=\"982\" data-end=\"996\">\n<p data-start=\"984\" data-end=\"996\">Vitamino C<\/p>\n<\/li>\n<li data-start=\"997\" data-end=\"1011\">\n<p data-start=\"999\" data-end=\"1011\">Vitamino K<\/p>\n<\/li>\n<li data-start=\"1012\" data-end=\"1030\">\n<p data-start=\"1014\" data-end=\"1030\">Folio r\u016bg\u0161ties<\/p>\n<\/li>\n<li data-start=\"1031\" data-end=\"1041\">\n<p data-start=\"1033\" data-end=\"1041\">Magnio<\/p>\n<\/li>\n<li data-start=\"1042\" data-end=\"1051\">\n<p data-start=\"1044\" data-end=\"1051\">Kalio<\/p>\n<\/li>\n<li data-start=\"1052\" data-end=\"1069\">\n<p data-start=\"1054\" data-end=\"1069\">Daug skaidul\u0173<\/p>\n<\/li>\n<\/ul>\n<p>Sudedamosios dalys:\u00a0 arti\u0161ok\u0173 \u0161erdys, vanduo, druska, r\u016bg\u0161tingumo reguliatorius citrinos r\u016bg\u0161tis (E-330). Maistin\u0117 vert\u0117: Vert\u0117s 100 g produkto Energin\u0117 vert\u0117 134 kj (32 kcal) Riebalai 0,1 g (i\u0161 kuri\u0173 so\u010di\u0173j\u0173 riebal\u0173 r\u016bg\u0161\u010di\u0173 0 g.), Angliavandeniai 5,25 g., i\u0161 kuri\u0173 Cukr\u016bs 2 g., Baltymai 1,5 g, Druska 0,8 g. Laikyti tamsioje v\u0117sioje vietoje. Atidarius pakuot\u0119 laikyti \u0161aldytuve ir suvartoti per 48 val. Partijos Nr.\/Geriausia suvartoti iki: \u017er. pakuot\u0119. Grynasis kiekis 1550 g. Gamintojas CONSERVAS HERSAL S.L.<\/p>\n","protected":false},"excerpt":{"rendered":"<p>&nbsp; Konservuoti arti\u0161okai buvo kruop\u0161\u010diai atrinkti ir apdoroti gamybos proceso metu, tod\u0117l gautas auk\u0161tos kokyb\u0117s produktas. Arti\u0161okai (Cynara scolymus) \u2013 tai ne tik gurmani\u0161ka dar\u017eov\u0117, bet ir labai vertingas maisto produktas organizmui. \ud83c\udf3f Pagrindin\u0117 arti\u0161ok\u0173 nauda 1\ufe0f\u20e3 Kepen\u0173 veiklai Skatina tul\u017eies i\u0161siskyrim\u0105 Padeda kepen\u0173 detoksikacijai Gali suma\u017einti kepen\u0173 ferment\u0173 rodikliusArti\u0161okuose esantis cinarinas palaiko kepen\u0173 funkcij\u0105. 2\ufe0f\u20e3 Vir\u0161kinimui Gerina vir\u0161kinim\u0105 Ma\u017eina pilvo p\u016btim\u0105 Padeda esant l\u0117tesnei \u017earnyno veiklai Juose gausu skaidul\u0173 ir inulino (prebiotiko), kuris maitina ger\u0105sias \u017earnyno bakterijas. 3\ufe0f\u20e3 Cholesterolio ma\u017einimui Gali pad\u0117ti suma\u017einti \u201eblog\u0105j\u012f\u201c (LDL) cholesterol\u012f Palaiko \u0161irdies ir kraujagysli\u0173 sveikat\u0105 4\ufe0f\u20e3 Cukraus kiekiui kraujyje L\u0117tina gliukoz\u0117s pasisavinim\u0105 Gali b\u016bti naudingi esant atsparumui insulinui 5\ufe0f\u20e3 Antioksidacin\u0117 apsauga Turi daug antioksidant\u0173 Padeda kovoti su u\u017edegimu L\u0117tina l\u0105steli\u0173 sen\u0117jimo procesus \ud83d\udcaa\u00a0Arti\u0161okai turi: Vitamino C Vitamino K Folio r\u016bg\u0161ties Magnio Kalio Daug skaidul\u0173 Sudedamosios dalys:\u00a0 arti\u0161ok\u0173 \u0161erdys, vanduo, druska, r\u016bg\u0161tingumo reguliatorius citrinos r\u016bg\u0161tis (E-330). Maistin\u0117 vert\u0117: Vert\u0117s 100 g produkto Energin\u0117 vert\u0117 134 kj (32 kcal) Riebalai 0,1 g (i\u0161 kuri\u0173 so\u010di\u0173j\u0173 riebal\u0173 r\u016bg\u0161\u010di\u0173 0 g.), Angliavandeniai 5,25 g., i\u0161 kuri\u0173 Cukr\u016bs 2 g., Baltymai 1,5 g, Druska 0,8 g. Laikyti tamsioje v\u0117sioje vietoje. Atidarius pakuot\u0119 laikyti \u0161aldytuve ir suvartoti per 48 val. Partijos Nr.\/Geriausia suvartoti iki: \u017er. pakuot\u0119. Grynasis kiekis 1550 g. Gamintojas CONSERVAS HERSAL S.L.<\/p>\n","protected":false},"featured_media":21877,"template":"","meta":[],"product_brand":[],"product_cat":[133,85,89,88],"product_tag":[],"class_list":{"0":"post-21824","1":"product","2":"type-product","3":"status-publish","4":"has-post-thumbnail","6":"product_cat-akcijoos-en","7":"product_cat-darzoves","8":"product_cat-darzoves-horeca","9":"product_cat-horeca","11":"first","12":"instock","13":"sale","14":"shipping-taxable","15":"purchasable","16":"product-type-simple"},"yoast_head":"<!-- This site is optimized with the Yoast SEO plugin v23.7 - https:\/\/yoast.com\/wordpress\/plugins\/seo\/ -->\n<title>Arti\u0161ok\u0173 \u0161erdys 2500g. | Espanola.lt<\/title>\n<meta name=\"description\" content=\"Atraskite auk\u0161tos kokyb\u0117s ispani\u0161kus delikatesus \u2013 s\u016brius, kumpius, alyvuoges ir \u017euv\u012f. Tikras Ispanijos skonis tiesiai \u012f j\u016bs\u0173 namus.\" \/>\n<meta name=\"robots\" content=\"index, follow, max-snippet:-1, max-image-preview:large, max-video-preview:-1\" \/>\n<link rel=\"canonical\" href=\"https:\/\/espanola.lt\/en\/product\/artisoku-serdys-2500g\/\" \/>\n<meta property=\"og:locale\" content=\"en_US\" \/>\n<meta property=\"og:type\" content=\"article\" \/>\n<meta property=\"og:title\" content=\"Arti\u0161ok\u0173 \u0161erdys 2500g. | Espanola.lt\" \/>\n<meta property=\"og:description\" content=\"Atraskite auk\u0161tos kokyb\u0117s ispani\u0161kus delikatesus \u2013 s\u016brius, kumpius, alyvuoges ir \u017euv\u012f. Tikras Ispanijos skonis tiesiai \u012f j\u016bs\u0173 namus.\" \/>\n<meta property=\"og:url\" content=\"https:\/\/espanola.lt\/en\/product\/artisoku-serdys-2500g\/\" \/>\n<meta property=\"og:site_name\" content=\"Espanola\" \/>\n<meta property=\"article:publisher\" content=\"https:\/\/www.facebook.com\/espanola.lt\" \/>\n<meta property=\"article:modified_time\" content=\"2026-03-02T07:56:40+00:00\" \/>\n<meta property=\"og:image\" content=\"https:\/\/espanola.lt\/wp-content\/uploads\/2023\/03\/CATEGORIA_ALCACHOFA-CORAZONES-HERSAN-1_1504633794-1.jpg\" \/>\n\t<meta property=\"og:image:width\" content=\"1000\" \/>\n\t<meta property=\"og:image:height\" content=\"1000\" \/>\n\t<meta property=\"og:image:type\" content=\"image\/jpeg\" \/>\n<meta name=\"twitter:card\" content=\"summary_large_image\" \/>\n<meta name=\"twitter:label1\" content=\"Est. reading time\" \/>\n\t<meta name=\"twitter:data1\" content=\"2 minutes\" \/>\n<script type=\"application\/ld+json\" class=\"yoast-schema-graph\">{\"@context\":\"https:\/\/schema.org\",\"@graph\":[{\"@type\":\"WebPage\",\"@id\":\"https:\/\/espanola.lt\/en\/product\/artisoku-serdys-2500g\/\",\"url\":\"https:\/\/espanola.lt\/en\/product\/artisoku-serdys-2500g\/\",\"name\":\"Arti\u0161ok\u0173 \u0161erdys 2500g. | Espanola.lt\",\"isPartOf\":{\"@id\":\"https:\/\/espanola.lt\/#website\"},\"primaryImageOfPage\":{\"@id\":\"https:\/\/espanola.lt\/en\/product\/artisoku-serdys-2500g\/#primaryimage\"},\"image\":{\"@id\":\"https:\/\/espanola.lt\/en\/product\/artisoku-serdys-2500g\/#primaryimage\"},\"thumbnailUrl\":\"https:\/\/espanola.lt\/wp-content\/uploads\/2023\/03\/CATEGORIA_ALCACHOFA-CORAZONES-HERSAN-1_1504633794-1.jpg\",\"datePublished\":\"2023-03-19T14:22:01+00:00\",\"dateModified\":\"2026-03-02T07:56:40+00:00\",\"description\":\"Atraskite auk\u0161tos kokyb\u0117s ispani\u0161kus delikatesus \u2013 s\u016brius, kumpius, alyvuoges ir \u017euv\u012f. Tikras Ispanijos skonis tiesiai \u012f j\u016bs\u0173 namus.\",\"breadcrumb\":{\"@id\":\"https:\/\/espanola.lt\/en\/product\/artisoku-serdys-2500g\/#breadcrumb\"},\"inLanguage\":\"en-US\",\"potentialAction\":[{\"@type\":\"ReadAction\",\"target\":[\"https:\/\/espanola.lt\/en\/product\/artisoku-serdys-2500g\/\"]}]},{\"@type\":\"ImageObject\",\"inLanguage\":\"en-US\",\"@id\":\"https:\/\/espanola.lt\/en\/product\/artisoku-serdys-2500g\/#primaryimage\",\"url\":\"https:\/\/espanola.lt\/wp-content\/uploads\/2023\/03\/CATEGORIA_ALCACHOFA-CORAZONES-HERSAN-1_1504633794-1.jpg\",\"contentUrl\":\"https:\/\/espanola.lt\/wp-content\/uploads\/2023\/03\/CATEGORIA_ALCACHOFA-CORAZONES-HERSAN-1_1504633794-1.jpg\",\"width\":1000,\"height\":1000},{\"@type\":\"BreadcrumbList\",\"@id\":\"https:\/\/espanola.lt\/en\/product\/artisoku-serdys-2500g\/#breadcrumb\",\"itemListElement\":[{\"@type\":\"ListItem\",\"position\":1,\"name\":\"Home\",\"item\":\"https:\/\/espanola.lt\/en\/homepage\/\"},{\"@type\":\"ListItem\",\"position\":2,\"name\":\"Shop\",\"item\":\"https:\/\/espanola.lt\/en\/shop\/\"},{\"@type\":\"ListItem\",\"position\":3,\"name\":\"Arti\u0161ok\u0173 \u0161erdys 2500g.\"}]},{\"@type\":\"WebSite\",\"@id\":\"https:\/\/espanola.lt\/#website\",\"url\":\"https:\/\/espanola.lt\/\",\"name\":\"Espanola.lt | Tikras Ispanijos skonis \u2013 J\u016bs\u0173 namuose!\",\"description\":\"\",\"publisher\":{\"@id\":\"https:\/\/espanola.lt\/#organization\"},\"potentialAction\":[{\"@type\":\"SearchAction\",\"target\":{\"@type\":\"EntryPoint\",\"urlTemplate\":\"https:\/\/espanola.lt\/?s={search_term_string}\"},\"query-input\":{\"@type\":\"PropertyValueSpecification\",\"valueRequired\":true,\"valueName\":\"search_term_string\"}}],\"inLanguage\":\"en-US\"},{\"@type\":\"Organization\",\"@id\":\"https:\/\/espanola.lt\/#organization\",\"name\":\"Espanola.lt\",\"url\":\"https:\/\/espanola.lt\/\",\"logo\":{\"@type\":\"ImageObject\",\"inLanguage\":\"en-US\",\"@id\":\"https:\/\/espanola.lt\/#\/schema\/logo\/image\/\",\"url\":\"https:\/\/espanola.lt\/wp-content\/uploads\/2023\/03\/notext_color.png\",\"contentUrl\":\"https:\/\/espanola.lt\/wp-content\/uploads\/2023\/03\/notext_color.png\",\"width\":916,\"height\":204,\"caption\":\"Espanola.lt\"},\"image\":{\"@id\":\"https:\/\/espanola.lt\/#\/schema\/logo\/image\/\"},\"sameAs\":[\"https:\/\/www.facebook.com\/espanola.lt\",\"https:\/\/www.instagram.com\/espanola.lt\/\"]}]}<\/script>\n<!-- \/ Yoast SEO plugin. -->","yoast_head_json":{"title":"Arti\u0161ok\u0173 \u0161erdys 2500g. | Espanola.lt","description":"Atraskite auk\u0161tos kokyb\u0117s ispani\u0161kus delikatesus \u2013 s\u016brius, kumpius, alyvuoges ir \u017euv\u012f. Tikras Ispanijos skonis tiesiai \u012f j\u016bs\u0173 namus.","robots":{"index":"index","follow":"follow","max-snippet":"max-snippet:-1","max-image-preview":"max-image-preview:large","max-video-preview":"max-video-preview:-1"},"canonical":"https:\/\/espanola.lt\/en\/product\/artisoku-serdys-2500g\/","og_locale":"en_US","og_type":"article","og_title":"Arti\u0161ok\u0173 \u0161erdys 2500g. | Espanola.lt","og_description":"Atraskite auk\u0161tos kokyb\u0117s ispani\u0161kus delikatesus \u2013 s\u016brius, kumpius, alyvuoges ir \u017euv\u012f. Tikras Ispanijos skonis tiesiai \u012f j\u016bs\u0173 namus.","og_url":"https:\/\/espanola.lt\/en\/product\/artisoku-serdys-2500g\/","og_site_name":"Espanola","article_publisher":"https:\/\/www.facebook.com\/espanola.lt","article_modified_time":"2026-03-02T07:56:40+00:00","og_image":[{"width":1000,"height":1000,"url":"https:\/\/espanola.lt\/wp-content\/uploads\/2023\/03\/CATEGORIA_ALCACHOFA-CORAZONES-HERSAN-1_1504633794-1.jpg","type":"image\/jpeg"}],"twitter_card":"summary_large_image","twitter_misc":{"Est. reading time":"2 minutes"},"schema":{"@context":"https:\/\/schema.org","@graph":[{"@type":"WebPage","@id":"https:\/\/espanola.lt\/en\/product\/artisoku-serdys-2500g\/","url":"https:\/\/espanola.lt\/en\/product\/artisoku-serdys-2500g\/","name":"Arti\u0161ok\u0173 \u0161erdys 2500g. | Espanola.lt","isPartOf":{"@id":"https:\/\/espanola.lt\/#website"},"primaryImageOfPage":{"@id":"https:\/\/espanola.lt\/en\/product\/artisoku-serdys-2500g\/#primaryimage"},"image":{"@id":"https:\/\/espanola.lt\/en\/product\/artisoku-serdys-2500g\/#primaryimage"},"thumbnailUrl":"https:\/\/espanola.lt\/wp-content\/uploads\/2023\/03\/CATEGORIA_ALCACHOFA-CORAZONES-HERSAN-1_1504633794-1.jpg","datePublished":"2023-03-19T14:22:01+00:00","dateModified":"2026-03-02T07:56:40+00:00","description":"Atraskite auk\u0161tos kokyb\u0117s ispani\u0161kus delikatesus \u2013 s\u016brius, kumpius, alyvuoges ir \u017euv\u012f. Tikras Ispanijos skonis tiesiai \u012f j\u016bs\u0173 namus.","breadcrumb":{"@id":"https:\/\/espanola.lt\/en\/product\/artisoku-serdys-2500g\/#breadcrumb"},"inLanguage":"en-US","potentialAction":[{"@type":"ReadAction","target":["https:\/\/espanola.lt\/en\/product\/artisoku-serdys-2500g\/"]}]},{"@type":"ImageObject","inLanguage":"en-US","@id":"https:\/\/espanola.lt\/en\/product\/artisoku-serdys-2500g\/#primaryimage","url":"https:\/\/espanola.lt\/wp-content\/uploads\/2023\/03\/CATEGORIA_ALCACHOFA-CORAZONES-HERSAN-1_1504633794-1.jpg","contentUrl":"https:\/\/espanola.lt\/wp-content\/uploads\/2023\/03\/CATEGORIA_ALCACHOFA-CORAZONES-HERSAN-1_1504633794-1.jpg","width":1000,"height":1000},{"@type":"BreadcrumbList","@id":"https:\/\/espanola.lt\/en\/product\/artisoku-serdys-2500g\/#breadcrumb","itemListElement":[{"@type":"ListItem","position":1,"name":"Home","item":"https:\/\/espanola.lt\/en\/homepage\/"},{"@type":"ListItem","position":2,"name":"Shop","item":"https:\/\/espanola.lt\/en\/shop\/"},{"@type":"ListItem","position":3,"name":"Arti\u0161ok\u0173 \u0161erdys 2500g."}]},{"@type":"WebSite","@id":"https:\/\/espanola.lt\/#website","url":"https:\/\/espanola.lt\/","name":"Espanola.lt | Tikras Ispanijos skonis \u2013 J\u016bs\u0173 namuose!","description":"","publisher":{"@id":"https:\/\/espanola.lt\/#organization"},"potentialAction":[{"@type":"SearchAction","target":{"@type":"EntryPoint","urlTemplate":"https:\/\/espanola.lt\/?s={search_term_string}"},"query-input":{"@type":"PropertyValueSpecification","valueRequired":true,"valueName":"search_term_string"}}],"inLanguage":"en-US"},{"@type":"Organization","@id":"https:\/\/espanola.lt\/#organization","name":"Espanola.lt","url":"https:\/\/espanola.lt\/","logo":{"@type":"ImageObject","inLanguage":"en-US","@id":"https:\/\/espanola.lt\/#\/schema\/logo\/image\/","url":"https:\/\/espanola.lt\/wp-content\/uploads\/2023\/03\/notext_color.png","contentUrl":"https:\/\/espanola.lt\/wp-content\/uploads\/2023\/03\/notext_color.png","width":916,"height":204,"caption":"Espanola.lt"},"image":{"@id":"https:\/\/espanola.lt\/#\/schema\/logo\/image\/"},"sameAs":["https:\/\/www.facebook.com\/espanola.lt","https:\/\/www.instagram.com\/espanola.lt\/"]}]}},"_links":{"self":[{"href":"https:\/\/espanola.lt\/en\/wp-json\/wp\/v2\/product\/21824"}],"collection":[{"href":"https:\/\/espanola.lt\/en\/wp-json\/wp\/v2\/product"}],"about":[{"href":"https:\/\/espanola.lt\/en\/wp-json\/wp\/v2\/types\/product"}],"version-history":[{"count":3,"href":"https:\/\/espanola.lt\/en\/wp-json\/wp\/v2\/product\/21824\/revisions"}],"predecessor-version":[{"id":27102,"href":"https:\/\/espanola.lt\/en\/wp-json\/wp\/v2\/product\/21824\/revisions\/27102"}],"wp:featuredmedia":[{"embeddable":true,"href":"https:\/\/espanola.lt\/en\/wp-json\/wp\/v2\/media\/21877"}],"wp:attachment":[{"href":"https:\/\/espanola.lt\/en\/wp-json\/wp\/v2\/media?parent=21824"}],"wp:term":[{"taxonomy":"product_brand","embeddable":true,"href":"https:\/\/espanola.lt\/en\/wp-json\/wp\/v2\/product_brand?post=21824"},{"taxonomy":"product_cat","embeddable":true,"href":"https:\/\/espanola.lt\/en\/wp-json\/wp\/v2\/product_cat?post=21824"},{"taxonomy":"product_tag","embeddable":true,"href":"https:\/\/espanola.lt\/en\/wp-json\/wp\/v2\/product_tag?post=21824"}],"curies":[{"name":"wp","href":"https:\/\/api.w.org\/{rel}","templated":true}]}}