{"id":21778,"date":"2023-03-19T14:21:40","date_gmt":"2023-03-19T14:21:40","guid":{"rendered":"https:\/\/espanola.signus.agency\/?post_type=product&#038;p=21778"},"modified":"2026-03-02T08:12:54","modified_gmt":"2026-03-02T08:12:54","slug":"konservuotos-persiku-puseles-sirupe-850g","status":"publish","type":"product","link":"https:\/\/espanola.lt\/en\/product\/konservuotos-persiku-puseles-sirupe-850g\/","title":{"rendered":"Konservuotos persik\u0173 pusel\u0117s sirupe 850g."},"content":{"rendered":"<p data-start=\"48\" data-end=\"168\">\u201eDUNIA\u201c konservuoti persikai sirupe (1 kg pakuot\u0117) gaminami i\u0161 persik\u0173 vaisiaus (<span class=\"hover:entity-accent entity-underline inline cursor-pointer align-baseline\"><span class=\"whitespace-normal\">Prunus persica<\/span><\/span>).<\/p>\n<p data-start=\"170\" data-end=\"362\">Persikas yra labai vertinamas vaisius d\u0117l daugyb\u0117s nauding\u0173 savybi\u0173 sveikatai \u2013 jis padeda palaikyti \u0161irdies sveikat\u0105, gali prisid\u0117ti prie svorio ma\u017einimo ir pasi\u017eymi prie\u0161v\u0117\u017ein\u0117mis savyb\u0117mis.<\/p>\n<p data-start=\"364\" data-end=\"495\" data-is-last-node=\"\" data-is-only-node=\"\">Be to, \u201eDUNIA\u201c vaisiai sirupe padeda i\u0161saugoti maistines med\u017eiagas ir leid\u017eia m\u0117gautis vaisiais visus metus, net ir ne sezono metu.<\/p>\n<p>Sudedamosios dalys: Persik\u0173 pusel\u0117s, vanduo, cukrus, gliukoz\u0117s-fruktoz\u0117s sirupas, r\u016bg\u0161tingumo reguliatorius: citrinos r\u016bg\u0161tis ir antioksidantas: askorbo r\u016bg\u0161tis. \u0160velnus sirupas (14-17 laipsni\u0173). Maistin\u0117 vert\u0117: Vert\u0117s 100 g produkto Energin\u0117 vert\u0117 265 kj (63 kcal) Riebalai 0,1 g (i\u0161 kuri\u0173 so\u010di\u0173j\u0173 riebal\u0173 r\u016bg\u0161\u010di\u0173 0,0 g.), Angliavandeniai 14,5 g., i\u0161 kuri\u0173 Cukr\u016bs 13,2 g, Baltymai 0,5 g, Druska 0,005 g. Laikyti v\u0117sioje vietoje. Atidarius pakuot\u0119 laikyti \u0161aldytuve ir suvaroti per 48h. Partijos Nr.\/Geriausia suvartoti iki: \u017er. pakuot\u0119. Grynasis svoris 500g. Gamintojas CONSERVAS HERSAL S.L.<\/p>\n","protected":false},"excerpt":{"rendered":"<p>Sud\u0117tis: Persik\u0173 pusel\u0117s, vanduo, cukrus, gliukoz\u0117s-fruktoz\u0117s sirupas, r\u016bg\u0161tingumo reguliatorius: citrinos r\u016bg\u0161tis ir antioksidantas: askorbo r\u016bg\u0161tis. \u0160velnus sirupas (14-17 laipsni\u0173). Maistin\u0117 vert\u0117: Vert\u0117s 100 g produkto Energin\u0117 vert\u0117 265 kj (63 kcal) Riebalai 0,1 g (i\u0161 kuri\u0173 so\u010di\u0173j\u0173 riebal\u0173 r\u016bg\u0161\u010di\u0173 0,0 g.), Angliavandeniai 14,5 g., i\u0161 kuri\u0173 Cukr\u016bs 13,2 g, Baltymai 0,5 g, Druska 0,005 g. Laikyti v\u0117sioje vietoje. Atidarius pakuot\u0119 laikyti \u0161aldytuve ir suvaroti per 48h. Partijos Nr.\/Geriausia suvartoti iki: \u017er. pakuot\u0119. Grynasis svoris 250g. Gamintojas CONSERVAS HERSAL S.L.<\/p>\n","protected":false},"featured_media":21850,"template":"","meta":[],"product_brand":[],"product_cat":[86,92,93],"product_tag":[],"class_list":{"0":"post-21778","1":"product","2":"type-product","3":"status-publish","4":"has-post-thumbnail","6":"product_cat-mazmenine","7":"product_cat-vaisiai","8":"product_cat-vaisiai-mazmenine","10":"first","11":"instock","12":"shipping-taxable","13":"purchasable","14":"product-type-simple"},"yoast_head":"<!-- This site is optimized with the Yoast SEO plugin v23.7 - https:\/\/yoast.com\/wordpress\/plugins\/seo\/ -->\n<title>Konservuotos persik\u0173 pusel\u0117s sirupe 850g. | Espanola.lt<\/title>\n<meta name=\"description\" content=\"Atraskite auk\u0161tos kokyb\u0117s ispani\u0161kus delikatesus \u2013 s\u016brius, kumpius, alyvuoges ir \u017euv\u012f. Tikras Ispanijos skonis tiesiai \u012f j\u016bs\u0173 namus.\" \/>\n<meta name=\"robots\" content=\"index, follow, max-snippet:-1, max-image-preview:large, max-video-preview:-1\" \/>\n<link rel=\"canonical\" href=\"https:\/\/espanola.lt\/en\/product\/konservuotos-persiku-puseles-sirupe-850g\/\" \/>\n<meta property=\"og:locale\" content=\"en_US\" \/>\n<meta property=\"og:type\" content=\"article\" \/>\n<meta property=\"og:title\" content=\"Konservuotos persik\u0173 pusel\u0117s sirupe 850g. | Espanola.lt\" \/>\n<meta property=\"og:description\" content=\"Atraskite auk\u0161tos kokyb\u0117s ispani\u0161kus delikatesus \u2013 s\u016brius, kumpius, alyvuoges ir \u017euv\u012f. Tikras Ispanijos skonis tiesiai \u012f j\u016bs\u0173 namus.\" \/>\n<meta property=\"og:url\" content=\"https:\/\/espanola.lt\/en\/product\/konservuotos-persiku-puseles-sirupe-850g\/\" \/>\n<meta property=\"og:site_name\" content=\"Espanola\" \/>\n<meta property=\"article:publisher\" content=\"https:\/\/www.facebook.com\/espanola.lt\" \/>\n<meta property=\"article:modified_time\" content=\"2026-03-02T08:12:54+00:00\" \/>\n<meta property=\"og:image\" content=\"https:\/\/espanola.lt\/wp-content\/uploads\/2023\/03\/CATEGORIA_MITADES-MELOCOTON-ALMI\u00a6uBAR-DUNIA-FOOD-1_1505140891.jpg\" \/>\n\t<meta property=\"og:image:width\" content=\"1000\" \/>\n\t<meta property=\"og:image:height\" content=\"1000\" \/>\n\t<meta property=\"og:image:type\" content=\"image\/jpeg\" \/>\n<meta name=\"twitter:card\" content=\"summary_large_image\" \/>\n<meta name=\"twitter:label1\" content=\"Est. reading time\" \/>\n\t<meta name=\"twitter:data1\" content=\"1 minute\" \/>\n<script type=\"application\/ld+json\" class=\"yoast-schema-graph\">{\"@context\":\"https:\/\/schema.org\",\"@graph\":[{\"@type\":\"WebPage\",\"@id\":\"https:\/\/espanola.lt\/en\/product\/konservuotos-persiku-puseles-sirupe-850g\/\",\"url\":\"https:\/\/espanola.lt\/en\/product\/konservuotos-persiku-puseles-sirupe-850g\/\",\"name\":\"Konservuotos persik\u0173 pusel\u0117s sirupe 850g. | Espanola.lt\",\"isPartOf\":{\"@id\":\"https:\/\/espanola.lt\/#website\"},\"primaryImageOfPage\":{\"@id\":\"https:\/\/espanola.lt\/en\/product\/konservuotos-persiku-puseles-sirupe-850g\/#primaryimage\"},\"image\":{\"@id\":\"https:\/\/espanola.lt\/en\/product\/konservuotos-persiku-puseles-sirupe-850g\/#primaryimage\"},\"thumbnailUrl\":\"https:\/\/espanola.lt\/wp-content\/uploads\/2023\/03\/CATEGORIA_MITADES-MELOCOTON-ALMI\u00a6uBAR-DUNIA-FOOD-1_1505140891.jpg\",\"datePublished\":\"2023-03-19T14:21:40+00:00\",\"dateModified\":\"2026-03-02T08:12:54+00:00\",\"description\":\"Atraskite auk\u0161tos kokyb\u0117s ispani\u0161kus delikatesus \u2013 s\u016brius, kumpius, alyvuoges ir \u017euv\u012f. Tikras Ispanijos skonis tiesiai \u012f j\u016bs\u0173 namus.\",\"breadcrumb\":{\"@id\":\"https:\/\/espanola.lt\/en\/product\/konservuotos-persiku-puseles-sirupe-850g\/#breadcrumb\"},\"inLanguage\":\"en-US\",\"potentialAction\":[{\"@type\":\"ReadAction\",\"target\":[\"https:\/\/espanola.lt\/en\/product\/konservuotos-persiku-puseles-sirupe-850g\/\"]}]},{\"@type\":\"ImageObject\",\"inLanguage\":\"en-US\",\"@id\":\"https:\/\/espanola.lt\/en\/product\/konservuotos-persiku-puseles-sirupe-850g\/#primaryimage\",\"url\":\"https:\/\/espanola.lt\/wp-content\/uploads\/2023\/03\/CATEGORIA_MITADES-MELOCOTON-ALMI\u00a6uBAR-DUNIA-FOOD-1_1505140891.jpg\",\"contentUrl\":\"https:\/\/espanola.lt\/wp-content\/uploads\/2023\/03\/CATEGORIA_MITADES-MELOCOTON-ALMI\u00a6uBAR-DUNIA-FOOD-1_1505140891.jpg\",\"width\":1000,\"height\":1000},{\"@type\":\"BreadcrumbList\",\"@id\":\"https:\/\/espanola.lt\/en\/product\/konservuotos-persiku-puseles-sirupe-850g\/#breadcrumb\",\"itemListElement\":[{\"@type\":\"ListItem\",\"position\":1,\"name\":\"Home\",\"item\":\"https:\/\/espanola.lt\/en\/homepage\/\"},{\"@type\":\"ListItem\",\"position\":2,\"name\":\"Shop\",\"item\":\"https:\/\/espanola.lt\/en\/shop\/\"},{\"@type\":\"ListItem\",\"position\":3,\"name\":\"Konservuotos persik\u0173 pusel\u0117s sirupe 850g.\"}]},{\"@type\":\"WebSite\",\"@id\":\"https:\/\/espanola.lt\/#website\",\"url\":\"https:\/\/espanola.lt\/\",\"name\":\"Espanola.lt | Tikras Ispanijos skonis \u2013 J\u016bs\u0173 namuose!\",\"description\":\"\",\"publisher\":{\"@id\":\"https:\/\/espanola.lt\/#organization\"},\"potentialAction\":[{\"@type\":\"SearchAction\",\"target\":{\"@type\":\"EntryPoint\",\"urlTemplate\":\"https:\/\/espanola.lt\/?s={search_term_string}\"},\"query-input\":{\"@type\":\"PropertyValueSpecification\",\"valueRequired\":true,\"valueName\":\"search_term_string\"}}],\"inLanguage\":\"en-US\"},{\"@type\":\"Organization\",\"@id\":\"https:\/\/espanola.lt\/#organization\",\"name\":\"Espanola.lt\",\"url\":\"https:\/\/espanola.lt\/\",\"logo\":{\"@type\":\"ImageObject\",\"inLanguage\":\"en-US\",\"@id\":\"https:\/\/espanola.lt\/#\/schema\/logo\/image\/\",\"url\":\"https:\/\/espanola.lt\/wp-content\/uploads\/2023\/03\/notext_color.png\",\"contentUrl\":\"https:\/\/espanola.lt\/wp-content\/uploads\/2023\/03\/notext_color.png\",\"width\":916,\"height\":204,\"caption\":\"Espanola.lt\"},\"image\":{\"@id\":\"https:\/\/espanola.lt\/#\/schema\/logo\/image\/\"},\"sameAs\":[\"https:\/\/www.facebook.com\/espanola.lt\",\"https:\/\/www.instagram.com\/espanola.lt\/\"]}]}<\/script>\n<!-- \/ Yoast SEO plugin. -->","yoast_head_json":{"title":"Konservuotos persik\u0173 pusel\u0117s sirupe 850g. | Espanola.lt","description":"Atraskite auk\u0161tos kokyb\u0117s ispani\u0161kus delikatesus \u2013 s\u016brius, kumpius, alyvuoges ir \u017euv\u012f. Tikras Ispanijos skonis tiesiai \u012f j\u016bs\u0173 namus.","robots":{"index":"index","follow":"follow","max-snippet":"max-snippet:-1","max-image-preview":"max-image-preview:large","max-video-preview":"max-video-preview:-1"},"canonical":"https:\/\/espanola.lt\/en\/product\/konservuotos-persiku-puseles-sirupe-850g\/","og_locale":"en_US","og_type":"article","og_title":"Konservuotos persik\u0173 pusel\u0117s sirupe 850g. | Espanola.lt","og_description":"Atraskite auk\u0161tos kokyb\u0117s ispani\u0161kus delikatesus \u2013 s\u016brius, kumpius, alyvuoges ir \u017euv\u012f. Tikras Ispanijos skonis tiesiai \u012f j\u016bs\u0173 namus.","og_url":"https:\/\/espanola.lt\/en\/product\/konservuotos-persiku-puseles-sirupe-850g\/","og_site_name":"Espanola","article_publisher":"https:\/\/www.facebook.com\/espanola.lt","article_modified_time":"2026-03-02T08:12:54+00:00","og_image":[{"width":1000,"height":1000,"url":"https:\/\/espanola.lt\/wp-content\/uploads\/2023\/03\/CATEGORIA_MITADES-MELOCOTON-ALMI\u00a6uBAR-DUNIA-FOOD-1_1505140891.jpg","type":"image\/jpeg"}],"twitter_card":"summary_large_image","twitter_misc":{"Est. reading time":"1 minute"},"schema":{"@context":"https:\/\/schema.org","@graph":[{"@type":"WebPage","@id":"https:\/\/espanola.lt\/en\/product\/konservuotos-persiku-puseles-sirupe-850g\/","url":"https:\/\/espanola.lt\/en\/product\/konservuotos-persiku-puseles-sirupe-850g\/","name":"Konservuotos persik\u0173 pusel\u0117s sirupe 850g. | Espanola.lt","isPartOf":{"@id":"https:\/\/espanola.lt\/#website"},"primaryImageOfPage":{"@id":"https:\/\/espanola.lt\/en\/product\/konservuotos-persiku-puseles-sirupe-850g\/#primaryimage"},"image":{"@id":"https:\/\/espanola.lt\/en\/product\/konservuotos-persiku-puseles-sirupe-850g\/#primaryimage"},"thumbnailUrl":"https:\/\/espanola.lt\/wp-content\/uploads\/2023\/03\/CATEGORIA_MITADES-MELOCOTON-ALMI\u00a6uBAR-DUNIA-FOOD-1_1505140891.jpg","datePublished":"2023-03-19T14:21:40+00:00","dateModified":"2026-03-02T08:12:54+00:00","description":"Atraskite auk\u0161tos kokyb\u0117s ispani\u0161kus delikatesus \u2013 s\u016brius, kumpius, alyvuoges ir \u017euv\u012f. Tikras Ispanijos skonis tiesiai \u012f j\u016bs\u0173 namus.","breadcrumb":{"@id":"https:\/\/espanola.lt\/en\/product\/konservuotos-persiku-puseles-sirupe-850g\/#breadcrumb"},"inLanguage":"en-US","potentialAction":[{"@type":"ReadAction","target":["https:\/\/espanola.lt\/en\/product\/konservuotos-persiku-puseles-sirupe-850g\/"]}]},{"@type":"ImageObject","inLanguage":"en-US","@id":"https:\/\/espanola.lt\/en\/product\/konservuotos-persiku-puseles-sirupe-850g\/#primaryimage","url":"https:\/\/espanola.lt\/wp-content\/uploads\/2023\/03\/CATEGORIA_MITADES-MELOCOTON-ALMI\u00a6uBAR-DUNIA-FOOD-1_1505140891.jpg","contentUrl":"https:\/\/espanola.lt\/wp-content\/uploads\/2023\/03\/CATEGORIA_MITADES-MELOCOTON-ALMI\u00a6uBAR-DUNIA-FOOD-1_1505140891.jpg","width":1000,"height":1000},{"@type":"BreadcrumbList","@id":"https:\/\/espanola.lt\/en\/product\/konservuotos-persiku-puseles-sirupe-850g\/#breadcrumb","itemListElement":[{"@type":"ListItem","position":1,"name":"Home","item":"https:\/\/espanola.lt\/en\/homepage\/"},{"@type":"ListItem","position":2,"name":"Shop","item":"https:\/\/espanola.lt\/en\/shop\/"},{"@type":"ListItem","position":3,"name":"Konservuotos persik\u0173 pusel\u0117s sirupe 850g."}]},{"@type":"WebSite","@id":"https:\/\/espanola.lt\/#website","url":"https:\/\/espanola.lt\/","name":"Espanola.lt | Tikras Ispanijos skonis \u2013 J\u016bs\u0173 namuose!","description":"","publisher":{"@id":"https:\/\/espanola.lt\/#organization"},"potentialAction":[{"@type":"SearchAction","target":{"@type":"EntryPoint","urlTemplate":"https:\/\/espanola.lt\/?s={search_term_string}"},"query-input":{"@type":"PropertyValueSpecification","valueRequired":true,"valueName":"search_term_string"}}],"inLanguage":"en-US"},{"@type":"Organization","@id":"https:\/\/espanola.lt\/#organization","name":"Espanola.lt","url":"https:\/\/espanola.lt\/","logo":{"@type":"ImageObject","inLanguage":"en-US","@id":"https:\/\/espanola.lt\/#\/schema\/logo\/image\/","url":"https:\/\/espanola.lt\/wp-content\/uploads\/2023\/03\/notext_color.png","contentUrl":"https:\/\/espanola.lt\/wp-content\/uploads\/2023\/03\/notext_color.png","width":916,"height":204,"caption":"Espanola.lt"},"image":{"@id":"https:\/\/espanola.lt\/#\/schema\/logo\/image\/"},"sameAs":["https:\/\/www.facebook.com\/espanola.lt","https:\/\/www.instagram.com\/espanola.lt\/"]}]}},"_links":{"self":[{"href":"https:\/\/espanola.lt\/en\/wp-json\/wp\/v2\/product\/21778"}],"collection":[{"href":"https:\/\/espanola.lt\/en\/wp-json\/wp\/v2\/product"}],"about":[{"href":"https:\/\/espanola.lt\/en\/wp-json\/wp\/v2\/types\/product"}],"version-history":[{"count":3,"href":"https:\/\/espanola.lt\/en\/wp-json\/wp\/v2\/product\/21778\/revisions"}],"predecessor-version":[{"id":27109,"href":"https:\/\/espanola.lt\/en\/wp-json\/wp\/v2\/product\/21778\/revisions\/27109"}],"wp:featuredmedia":[{"embeddable":true,"href":"https:\/\/espanola.lt\/en\/wp-json\/wp\/v2\/media\/21850"}],"wp:attachment":[{"href":"https:\/\/espanola.lt\/en\/wp-json\/wp\/v2\/media?parent=21778"}],"wp:term":[{"taxonomy":"product_brand","embeddable":true,"href":"https:\/\/espanola.lt\/en\/wp-json\/wp\/v2\/product_brand?post=21778"},{"taxonomy":"product_cat","embeddable":true,"href":"https:\/\/espanola.lt\/en\/wp-json\/wp\/v2\/product_cat?post=21778"},{"taxonomy":"product_tag","embeddable":true,"href":"https:\/\/espanola.lt\/en\/wp-json\/wp\/v2\/product_tag?post=21778"}],"curies":[{"name":"wp","href":"https:\/\/api.w.org\/{rel}","templated":true}]}}