{"id":21742,"date":"2023-03-19T14:21:16","date_gmt":"2023-03-19T14:21:16","guid":{"rendered":"https:\/\/espanola.signus.agency\/?post_type=product&#038;p=21742"},"modified":"2025-08-11T13:21:26","modified_gmt":"2025-08-11T13:21:26","slug":"surat-ypac-tyras-alyvuogiu-aliejus-250-ml","status":"publish","type":"product","link":"https:\/\/espanola.lt\/en\/product\/surat-ypac-tyras-alyvuogiu-aliejus-250-ml\/","title":{"rendered":"&#8220;SURAT&#8221; YPA\u010c TYRAS ALYVUOGI\u0172 ALIEJUS &#8211; 250 ML"},"content":{"rendered":"<ul>\n<li>\u201eSurat\u201c ypa\u010d tyras alyvuogi\u0173 aliejus, pagamintas integruotos gamybos b\u016bdu.<\/li>\n<li>Stiklinis butelis su apvalkalu.<\/li>\n<li>Labai kruop\u0161tus paruo\u0161imas tiesiai i\u0161 alyvmed\u017ei\u0173 lauk\u0173 \u012f m\u016bs\u0173 pa\u010di\u0173 mal\u016bn\u0105, kontroliuojant visus jo paruo\u0161imo procesus.<\/li>\n<li>Labai intensyv\u016bs ir malon\u016bs vaisi\u0173 aromatai, skirti pasigaminti geriausias salotas, \u017euv\u012f ir tapas.<\/li>\n<li>Vaisi\u0173 skonio, \u0161vie\u017eumo dvelksmo, \u0161iek tiek \u017ealsvas, \u0161velnaus kartumo ir \u0161velniai a\u0161trus<\/li>\n<\/ul>\n","protected":false},"excerpt":{"rendered":"<ul>\n<li>\u201eSurat\u201c ypa\u010d tyras alyvuogi\u0173 aliejus, pagamintas integruotos gamybos b\u016bdu<\/li>\n<li>Stiklinis butelis su apvalkalu.<\/li>\n<li>Labai kruop\u0161tus paruo\u0161imas tiesiai i\u0161 alyvmed\u017ei\u0173 lauk\u0173 \u012f m\u016bs\u0173 pa\u010di\u0173 mal\u016bn\u0105, kontroliuojant visus jo paruo\u0161imo procesus.<\/li>\n<li>Labai intensyv\u016bs ir malon\u016bs vaisi\u0173 aromatai, skirti pasigaminti geriausias salotas, \u017euv\u012f ir tapas.<\/li>\n<li>Vaisi\u0173 skonio, \u0161vie\u017eumo dvelksmo, \u0161iek tiek \u017ealsvas, \u0161velnaus kartumo ir \u0161velniai a\u0161trus<\/li>\n<\/ul>\n","protected":false},"featured_media":21811,"template":"","meta":[],"product_brand":[],"product_cat":[100,86],"product_tag":[],"class_list":{"0":"post-21742","1":"product","2":"type-product","3":"status-publish","4":"has-post-thumbnail","6":"product_cat-alyvuogiu-aliejus","7":"product_cat-mazmenine","9":"first","10":"outofstock","11":"shipping-taxable","12":"purchasable","13":"product-type-simple"},"yoast_head":"<!-- This site is optimized with the Yoast SEO plugin v23.7 - https:\/\/yoast.com\/wordpress\/plugins\/seo\/ -->\n<title>&quot;SURAT&quot; YPA\u010c TYRAS ALYVUOGI\u0172 ALIEJUS - 250 ML | Espanola.lt<\/title>\n<meta name=\"description\" content=\"Atraskite auk\u0161tos kokyb\u0117s ispani\u0161kus delikatesus \u2013 s\u016brius, kumpius, alyvuoges ir \u017euv\u012f. Tikras Ispanijos skonis tiesiai \u012f j\u016bs\u0173 namus.\" \/>\n<meta name=\"robots\" content=\"index, follow, max-snippet:-1, max-image-preview:large, max-video-preview:-1\" \/>\n<link rel=\"canonical\" href=\"https:\/\/espanola.lt\/en\/product\/surat-ypac-tyras-alyvuogiu-aliejus-250-ml\/\" \/>\n<meta property=\"og:locale\" content=\"en_US\" \/>\n<meta property=\"og:type\" content=\"article\" \/>\n<meta property=\"og:title\" content=\"&quot;SURAT&quot; YPA\u010c TYRAS ALYVUOGI\u0172 ALIEJUS - 250 ML | Espanola.lt\" \/>\n<meta property=\"og:description\" content=\"Atraskite auk\u0161tos kokyb\u0117s ispani\u0161kus delikatesus \u2013 s\u016brius, kumpius, alyvuoges ir \u017euv\u012f. Tikras Ispanijos skonis tiesiai \u012f j\u016bs\u0173 namus.\" \/>\n<meta property=\"og:url\" content=\"https:\/\/espanola.lt\/en\/product\/surat-ypac-tyras-alyvuogiu-aliejus-250-ml\/\" \/>\n<meta property=\"og:site_name\" content=\"Espanola\" \/>\n<meta property=\"article:publisher\" content=\"https:\/\/www.facebook.com\/espanola.lt\" \/>\n<meta property=\"article:modified_time\" content=\"2025-08-11T13:21:26+00:00\" \/>\n<meta property=\"og:image\" content=\"https:\/\/espanola.lt\/wp-content\/uploads\/2023\/03\/surat_arbequina.jpg\" \/>\n\t<meta property=\"og:image:width\" content=\"510\" \/>\n\t<meta property=\"og:image:height\" content=\"651\" \/>\n\t<meta property=\"og:image:type\" content=\"image\/jpeg\" \/>\n<meta name=\"twitter:card\" content=\"summary_large_image\" \/>\n<meta name=\"twitter:label1\" content=\"Est. reading time\" \/>\n\t<meta name=\"twitter:data1\" content=\"1 minute\" \/>\n<script type=\"application\/ld+json\" class=\"yoast-schema-graph\">{\"@context\":\"https:\/\/schema.org\",\"@graph\":[{\"@type\":\"WebPage\",\"@id\":\"https:\/\/espanola.lt\/en\/product\/surat-ypac-tyras-alyvuogiu-aliejus-250-ml\/\",\"url\":\"https:\/\/espanola.lt\/en\/product\/surat-ypac-tyras-alyvuogiu-aliejus-250-ml\/\",\"name\":\"\\\"SURAT\\\" YPA\u010c TYRAS ALYVUOGI\u0172 ALIEJUS - 250 ML | Espanola.lt\",\"isPartOf\":{\"@id\":\"https:\/\/espanola.lt\/#website\"},\"primaryImageOfPage\":{\"@id\":\"https:\/\/espanola.lt\/en\/product\/surat-ypac-tyras-alyvuogiu-aliejus-250-ml\/#primaryimage\"},\"image\":{\"@id\":\"https:\/\/espanola.lt\/en\/product\/surat-ypac-tyras-alyvuogiu-aliejus-250-ml\/#primaryimage\"},\"thumbnailUrl\":\"https:\/\/espanola.lt\/wp-content\/uploads\/2023\/03\/surat_arbequina.jpg\",\"datePublished\":\"2023-03-19T14:21:16+00:00\",\"dateModified\":\"2025-08-11T13:21:26+00:00\",\"description\":\"Atraskite auk\u0161tos kokyb\u0117s ispani\u0161kus delikatesus \u2013 s\u016brius, kumpius, alyvuoges ir \u017euv\u012f. Tikras Ispanijos skonis tiesiai \u012f j\u016bs\u0173 namus.\",\"breadcrumb\":{\"@id\":\"https:\/\/espanola.lt\/en\/product\/surat-ypac-tyras-alyvuogiu-aliejus-250-ml\/#breadcrumb\"},\"inLanguage\":\"en-US\",\"potentialAction\":[{\"@type\":\"ReadAction\",\"target\":[\"https:\/\/espanola.lt\/en\/product\/surat-ypac-tyras-alyvuogiu-aliejus-250-ml\/\"]}]},{\"@type\":\"ImageObject\",\"inLanguage\":\"en-US\",\"@id\":\"https:\/\/espanola.lt\/en\/product\/surat-ypac-tyras-alyvuogiu-aliejus-250-ml\/#primaryimage\",\"url\":\"https:\/\/espanola.lt\/wp-content\/uploads\/2023\/03\/surat_arbequina.jpg\",\"contentUrl\":\"https:\/\/espanola.lt\/wp-content\/uploads\/2023\/03\/surat_arbequina.jpg\",\"width\":510,\"height\":651},{\"@type\":\"BreadcrumbList\",\"@id\":\"https:\/\/espanola.lt\/en\/product\/surat-ypac-tyras-alyvuogiu-aliejus-250-ml\/#breadcrumb\",\"itemListElement\":[{\"@type\":\"ListItem\",\"position\":1,\"name\":\"Home\",\"item\":\"https:\/\/espanola.lt\/en\/homepage\/\"},{\"@type\":\"ListItem\",\"position\":2,\"name\":\"Shop\",\"item\":\"https:\/\/espanola.lt\/en\/shop\/\"},{\"@type\":\"ListItem\",\"position\":3,\"name\":\"&#8220;SURAT&#8221; YPA\u010c TYRAS ALYVUOGI\u0172 ALIEJUS &#8211; 250 ML\"}]},{\"@type\":\"WebSite\",\"@id\":\"https:\/\/espanola.lt\/#website\",\"url\":\"https:\/\/espanola.lt\/\",\"name\":\"Espanola.lt | Tikras Ispanijos skonis \u2013 J\u016bs\u0173 namuose!\",\"description\":\"\",\"publisher\":{\"@id\":\"https:\/\/espanola.lt\/#organization\"},\"potentialAction\":[{\"@type\":\"SearchAction\",\"target\":{\"@type\":\"EntryPoint\",\"urlTemplate\":\"https:\/\/espanola.lt\/?s={search_term_string}\"},\"query-input\":{\"@type\":\"PropertyValueSpecification\",\"valueRequired\":true,\"valueName\":\"search_term_string\"}}],\"inLanguage\":\"en-US\"},{\"@type\":\"Organization\",\"@id\":\"https:\/\/espanola.lt\/#organization\",\"name\":\"Espanola.lt\",\"url\":\"https:\/\/espanola.lt\/\",\"logo\":{\"@type\":\"ImageObject\",\"inLanguage\":\"en-US\",\"@id\":\"https:\/\/espanola.lt\/#\/schema\/logo\/image\/\",\"url\":\"https:\/\/espanola.lt\/wp-content\/uploads\/2023\/03\/notext_color.png\",\"contentUrl\":\"https:\/\/espanola.lt\/wp-content\/uploads\/2023\/03\/notext_color.png\",\"width\":916,\"height\":204,\"caption\":\"Espanola.lt\"},\"image\":{\"@id\":\"https:\/\/espanola.lt\/#\/schema\/logo\/image\/\"},\"sameAs\":[\"https:\/\/www.facebook.com\/espanola.lt\",\"https:\/\/www.instagram.com\/espanola.lt\/\"]}]}<\/script>\n<!-- \/ Yoast SEO plugin. -->","yoast_head_json":{"title":"\"SURAT\" YPA\u010c TYRAS ALYVUOGI\u0172 ALIEJUS - 250 ML | Espanola.lt","description":"Atraskite auk\u0161tos kokyb\u0117s ispani\u0161kus delikatesus \u2013 s\u016brius, kumpius, alyvuoges ir \u017euv\u012f. Tikras Ispanijos skonis tiesiai \u012f j\u016bs\u0173 namus.","robots":{"index":"index","follow":"follow","max-snippet":"max-snippet:-1","max-image-preview":"max-image-preview:large","max-video-preview":"max-video-preview:-1"},"canonical":"https:\/\/espanola.lt\/en\/product\/surat-ypac-tyras-alyvuogiu-aliejus-250-ml\/","og_locale":"en_US","og_type":"article","og_title":"\"SURAT\" YPA\u010c TYRAS ALYVUOGI\u0172 ALIEJUS - 250 ML | Espanola.lt","og_description":"Atraskite auk\u0161tos kokyb\u0117s ispani\u0161kus delikatesus \u2013 s\u016brius, kumpius, alyvuoges ir \u017euv\u012f. Tikras Ispanijos skonis tiesiai \u012f j\u016bs\u0173 namus.","og_url":"https:\/\/espanola.lt\/en\/product\/surat-ypac-tyras-alyvuogiu-aliejus-250-ml\/","og_site_name":"Espanola","article_publisher":"https:\/\/www.facebook.com\/espanola.lt","article_modified_time":"2025-08-11T13:21:26+00:00","og_image":[{"width":510,"height":651,"url":"https:\/\/espanola.lt\/wp-content\/uploads\/2023\/03\/surat_arbequina.jpg","type":"image\/jpeg"}],"twitter_card":"summary_large_image","twitter_misc":{"Est. reading time":"1 minute"},"schema":{"@context":"https:\/\/schema.org","@graph":[{"@type":"WebPage","@id":"https:\/\/espanola.lt\/en\/product\/surat-ypac-tyras-alyvuogiu-aliejus-250-ml\/","url":"https:\/\/espanola.lt\/en\/product\/surat-ypac-tyras-alyvuogiu-aliejus-250-ml\/","name":"\"SURAT\" YPA\u010c TYRAS ALYVUOGI\u0172 ALIEJUS - 250 ML | Espanola.lt","isPartOf":{"@id":"https:\/\/espanola.lt\/#website"},"primaryImageOfPage":{"@id":"https:\/\/espanola.lt\/en\/product\/surat-ypac-tyras-alyvuogiu-aliejus-250-ml\/#primaryimage"},"image":{"@id":"https:\/\/espanola.lt\/en\/product\/surat-ypac-tyras-alyvuogiu-aliejus-250-ml\/#primaryimage"},"thumbnailUrl":"https:\/\/espanola.lt\/wp-content\/uploads\/2023\/03\/surat_arbequina.jpg","datePublished":"2023-03-19T14:21:16+00:00","dateModified":"2025-08-11T13:21:26+00:00","description":"Atraskite auk\u0161tos kokyb\u0117s ispani\u0161kus delikatesus \u2013 s\u016brius, kumpius, alyvuoges ir \u017euv\u012f. Tikras Ispanijos skonis tiesiai \u012f j\u016bs\u0173 namus.","breadcrumb":{"@id":"https:\/\/espanola.lt\/en\/product\/surat-ypac-tyras-alyvuogiu-aliejus-250-ml\/#breadcrumb"},"inLanguage":"en-US","potentialAction":[{"@type":"ReadAction","target":["https:\/\/espanola.lt\/en\/product\/surat-ypac-tyras-alyvuogiu-aliejus-250-ml\/"]}]},{"@type":"ImageObject","inLanguage":"en-US","@id":"https:\/\/espanola.lt\/en\/product\/surat-ypac-tyras-alyvuogiu-aliejus-250-ml\/#primaryimage","url":"https:\/\/espanola.lt\/wp-content\/uploads\/2023\/03\/surat_arbequina.jpg","contentUrl":"https:\/\/espanola.lt\/wp-content\/uploads\/2023\/03\/surat_arbequina.jpg","width":510,"height":651},{"@type":"BreadcrumbList","@id":"https:\/\/espanola.lt\/en\/product\/surat-ypac-tyras-alyvuogiu-aliejus-250-ml\/#breadcrumb","itemListElement":[{"@type":"ListItem","position":1,"name":"Home","item":"https:\/\/espanola.lt\/en\/homepage\/"},{"@type":"ListItem","position":2,"name":"Shop","item":"https:\/\/espanola.lt\/en\/shop\/"},{"@type":"ListItem","position":3,"name":"&#8220;SURAT&#8221; YPA\u010c TYRAS ALYVUOGI\u0172 ALIEJUS &#8211; 250 ML"}]},{"@type":"WebSite","@id":"https:\/\/espanola.lt\/#website","url":"https:\/\/espanola.lt\/","name":"Espanola.lt | Tikras Ispanijos skonis \u2013 J\u016bs\u0173 namuose!","description":"","publisher":{"@id":"https:\/\/espanola.lt\/#organization"},"potentialAction":[{"@type":"SearchAction","target":{"@type":"EntryPoint","urlTemplate":"https:\/\/espanola.lt\/?s={search_term_string}"},"query-input":{"@type":"PropertyValueSpecification","valueRequired":true,"valueName":"search_term_string"}}],"inLanguage":"en-US"},{"@type":"Organization","@id":"https:\/\/espanola.lt\/#organization","name":"Espanola.lt","url":"https:\/\/espanola.lt\/","logo":{"@type":"ImageObject","inLanguage":"en-US","@id":"https:\/\/espanola.lt\/#\/schema\/logo\/image\/","url":"https:\/\/espanola.lt\/wp-content\/uploads\/2023\/03\/notext_color.png","contentUrl":"https:\/\/espanola.lt\/wp-content\/uploads\/2023\/03\/notext_color.png","width":916,"height":204,"caption":"Espanola.lt"},"image":{"@id":"https:\/\/espanola.lt\/#\/schema\/logo\/image\/"},"sameAs":["https:\/\/www.facebook.com\/espanola.lt","https:\/\/www.instagram.com\/espanola.lt\/"]}]}},"_links":{"self":[{"href":"https:\/\/espanola.lt\/en\/wp-json\/wp\/v2\/product\/21742"}],"collection":[{"href":"https:\/\/espanola.lt\/en\/wp-json\/wp\/v2\/product"}],"about":[{"href":"https:\/\/espanola.lt\/en\/wp-json\/wp\/v2\/types\/product"}],"version-history":[{"count":1,"href":"https:\/\/espanola.lt\/en\/wp-json\/wp\/v2\/product\/21742\/revisions"}],"predecessor-version":[{"id":21812,"href":"https:\/\/espanola.lt\/en\/wp-json\/wp\/v2\/product\/21742\/revisions\/21812"}],"wp:featuredmedia":[{"embeddable":true,"href":"https:\/\/espanola.lt\/en\/wp-json\/wp\/v2\/media\/21811"}],"wp:attachment":[{"href":"https:\/\/espanola.lt\/en\/wp-json\/wp\/v2\/media?parent=21742"}],"wp:term":[{"taxonomy":"product_brand","embeddable":true,"href":"https:\/\/espanola.lt\/en\/wp-json\/wp\/v2\/product_brand?post=21742"},{"taxonomy":"product_cat","embeddable":true,"href":"https:\/\/espanola.lt\/en\/wp-json\/wp\/v2\/product_cat?post=21742"},{"taxonomy":"product_tag","embeddable":true,"href":"https:\/\/espanola.lt\/en\/wp-json\/wp\/v2\/product_tag?post=21742"}],"curies":[{"name":"wp","href":"https:\/\/api.w.org\/{rel}","templated":true}]}}