{"id":21688,"date":"2023-03-19T14:20:53","date_gmt":"2023-03-19T14:20:53","guid":{"rendered":"https:\/\/espanola.signus.agency\/?post_type=product&#038;p=21688"},"modified":"2026-05-14T11:30:44","modified_gmt":"2026-05-14T11:30:44","slug":"sardines-saulegrazu-aliejuje-125g","status":"publish","type":"product","link":"https:\/\/espanola.lt\/en\/product\/sardines-saulegrazu-aliejuje-125g\/","title":{"rendered":"Sardin\u0117s saul\u0117gr\u0105\u017e\u0173 aliejuje 125g."},"content":{"rendered":"<p data-start=\"0\" data-end=\"130\"><strong data-start=\"0\" data-end=\"38\">Dunia sardin\u0117s saul\u0117gr\u0105\u017e\u0173 aliejuje<\/strong> \u2013 tai puiki konservuota \u017euvis, kuri patiks kiekvienam paragavusiam d\u0117l savo puikaus skonio.<\/p>\n<p data-start=\"132\" data-end=\"330\">Padengtos saul\u0117gr\u0105\u017e\u0173 aliejumi, kruop\u0161\u010diai i\u0161valytos ir paruo\u0161tos viena po kitos patyrusi\u0173 meistr\u0173 rankomis, \u0161ios sardin\u0117s yra vienos i\u0161 maistingiausi\u0173, skaniausi\u0173 ir lengviausiai vartojam\u0173 konserv\u0173.<\/p>\n<p data-start=\"332\" data-end=\"424\" data-is-last-node=\"\" data-is-only-node=\"\">Jos gausios <strong data-start=\"344\" data-end=\"355\">omega-3<\/strong> ir <strong data-start=\"359\" data-end=\"370\">omega-6<\/strong> riebal\u0173 r\u016bg\u0161\u010di\u0173, tod\u0117l yra itin naudingos organizmui.<\/p>\n<article class=\"text-token-text-primary w-full\" dir=\"auto\" data-testid=\"conversation-turn-12\" data-scroll-anchor=\"true\">\n<div class=\"text-base my-auto mx-auto py-5 [--thread-content-margin:--spacing(4)] @[37rem]:[--thread-content-margin:--spacing(6)] @[72rem]:[--thread-content-margin:--spacing(16)] px-(--thread-content-margin)\">\n<div class=\"[--thread-content-max-width:32rem] @[34rem]:[--thread-content-max-width:40rem] @[64rem]:[--thread-content-max-width:48rem] mx-auto flex max-w-(--thread-content-max-width) flex-1 text-base gap-4 md:gap-5 lg:gap-6 group\/turn-messages focus-visible:outline-hidden\" tabindex=\"-1\">\n<div class=\"group\/conversation-turn relative flex w-full min-w-0 flex-col agent-turn\">\n<div class=\"relative flex-col gap-1 md:gap-3\">\n<div class=\"flex max-w-full flex-col grow\">\n<div class=\"min-h-8 text-message relative flex w-full flex-col items-end gap-2 text-start break-words whitespace-normal [.text-message+&amp;]:mt-5\" dir=\"auto\" data-message-author-role=\"assistant\" data-message-id=\"15d459fc-9a58-4a28-8eda-28af92283415\" data-message-model-slug=\"gpt-4o\">\n<div class=\"flex w-full flex-col gap-1 empty:hidden first:pt-[3px]\">\n<div class=\"markdown prose dark:prose-invert w-full break-words light\">\n<p data-start=\"0\" data-end=\"172\"><strong data-start=\"0\" data-end=\"38\">Dunia sardin\u0117s saul\u0117gr\u0105\u017e\u0173 aliejuje<\/strong> \u2013 tai puikus pasirinkimas tiems, kurie vertina autenti\u0161k\u0105 j\u016bros skon\u012f kiekviename k\u0105snyje. Pagamintos i\u0161 auk\u0161tos kokyb\u0117s ingredient\u0173.<\/p>\n<h3 data-start=\"174\" data-end=\"207\">\ud83c\udf0a Lengvas ir gardus skonis<\/h3>\n<p data-start=\"208\" data-end=\"294\">Konservuotos saul\u0117gr\u0105\u017e\u0173 aliejuje, kad b\u016bt\u0173 i\u0161laikytas subalansuotas ir \u0161velnus skonis.<\/p>\n<h3 data-start=\"296\" data-end=\"318\">\ud83d\udcaa Gausu omega-3<\/h3>\n<p data-start=\"319\" data-end=\"374\">Sveikas ir maistingas pasirinkimas kasdieniam racionui.<\/p>\n<h3 data-start=\"376\" data-end=\"410\">\ud83c\udf74 Kulinarinis universalumas<\/h3>\n<p data-start=\"411\" data-end=\"465\">Puikiai tinka salotoms, sumu\u0161tiniams ar kaip u\u017ekandis.<\/p>\n<p data-start=\"467\" data-end=\"547\">\u2714 M\u0117gaukis konservu, kuris kiekvienoje skardin\u0117je apjungia tradicijas ir kokyb\u0119.<\/p>\n<ul data-start=\"549\" data-end=\"610\" data-is-last-node=\"\" data-is-only-node=\"\">\n<li data-start=\"549\" data-end=\"579\">\n<p data-start=\"551\" data-end=\"579\"><strong data-start=\"551\" data-end=\"571\">Bendrasis svoris:<\/strong> 125 g<\/p>\n<\/li>\n<li data-start=\"580\" data-end=\"610\" data-is-last-node=\"\">\n<p data-start=\"582\" data-end=\"610\" data-is-last-node=\"\"><strong data-start=\"582\" data-end=\"605\">Grynasis svoris:<\/strong> 90 g<\/p>\n<\/li>\n<\/ul>\n<p>Sudedamosios dalys: Sardin\u0117s 72%, saul\u0117gr\u0105\u017e\u0173 aliejus 27% ir druska 1%. Maistin\u0117 vert\u0117: Vert\u0117s 100 g produkto Energin\u0117 vert\u0117 758 kj (181 kcal) Riebalai 13,2 g (i\u0161 vis\u0173 toki\u0173 tvirtinam\u0173j\u0173 r\u016bg\u0161\u010di\u0173 2,7 g), Angliavandeniai 0 g, i\u0161 kuri\u0173 Cukr\u016bs 0 g, Baltymai 21,4 g, Druska 1 g. Laikyti v\u0117sioje vietoje. Atidarius pakuot\u0119 laikyti \u0161aldytuve ir suvartoti per 48h. Partijos Nr.\/Geriausia suvartoti iki: \u017er. pakuot\u0119. Grynasis svoris 90 g. Gamintojas CONSERVAS HERSAL S.L.<\/p>\n<\/div>\n<\/div>\n<\/div>\n<\/div>\n<div class=\"flex min-h-[46px] justify-start\">\n<div class=\"touch:-me-2 touch:-ms-3.5 -ms-2.5 -me-1 flex w-full items-center p-1 select-none -mt-1 duration-[1.5s] focus-within:transition-none hover:transition-none pointer-events-none [mask-image:linear-gradient(to_right,black_33%,transparent_66%)] [mask-size:300%_100%] [mask-position:100%_0%] motion-safe:transition-[mask-position] group-hover\/turn-messages:pointer-events-auto group-hover\/turn-messages:[mask-position:0_0] group-focus-within\/turn-messages:pointer-events-auto group-focus-within\/turn-messages:[mask-position:0_0] has-data-[state=open]:pointer-events-auto has-data-[state=open]:[mask-position:0_0]\"><\/div>\n<\/div>\n<\/div>\n<\/div>\n<\/div>\n<\/div>\n<\/article>\n","protected":false},"excerpt":{"rendered":"<p>Sardinella (Sardinella aurita) yra Clupeidae \u0161eimos cupleiforme \u017euv\u0173 r\u016b\u0161is.<br \/>\nTai pla\u010diai paplitusi pelagin\u0117 \u017euvis, randama Atlanto vandenyno rytuose, \u012fskaitant Vidur\u017eemio j\u016br\u0105, nuo Afrikos pakrant\u0117s nuo Gibraltaro s\u0105siaurio iki Piet\u0173 Afrikos ir Vakar\u0173 Atlante nuo JAV iki Argentinos.<\/p>\n","protected":false},"featured_media":21762,"template":"","meta":[],"product_brand":[],"product_cat":[88,86,90,91,99],"product_tag":[],"class_list":{"0":"post-21688","1":"product","2":"type-product","3":"status-publish","4":"has-post-thumbnail","6":"product_cat-horeca","7":"product_cat-mazmenine","8":"product_cat-zuvis","9":"product_cat-zuvis-mazmenine","10":"product_cat-zuvis-horeca","12":"first","13":"outofstock","14":"shipping-taxable","15":"purchasable","16":"product-type-simple"},"yoast_head":"<!-- This site is optimized with the Yoast SEO plugin v23.7 - https:\/\/yoast.com\/wordpress\/plugins\/seo\/ -->\n<title>Sardin\u0117s saul\u0117gr\u0105\u017e\u0173 aliejuje 125g. | Espanola.lt<\/title>\n<meta name=\"description\" content=\"Atraskite auk\u0161tos kokyb\u0117s ispani\u0161kus delikatesus \u2013 s\u016brius, kumpius, alyvuoges ir \u017euv\u012f. Tikras Ispanijos skonis tiesiai \u012f j\u016bs\u0173 namus.\" \/>\n<meta name=\"robots\" content=\"index, follow, max-snippet:-1, max-image-preview:large, max-video-preview:-1\" \/>\n<link rel=\"canonical\" href=\"https:\/\/espanola.lt\/en\/product\/sardines-saulegrazu-aliejuje-125g\/\" \/>\n<meta property=\"og:locale\" content=\"en_US\" \/>\n<meta property=\"og:type\" content=\"article\" \/>\n<meta property=\"og:title\" content=\"Sardin\u0117s saul\u0117gr\u0105\u017e\u0173 aliejuje 125g. | Espanola.lt\" \/>\n<meta property=\"og:description\" content=\"Atraskite auk\u0161tos kokyb\u0117s ispani\u0161kus delikatesus \u2013 s\u016brius, kumpius, alyvuoges ir \u017euv\u012f. Tikras Ispanijos skonis tiesiai \u012f j\u016bs\u0173 namus.\" \/>\n<meta property=\"og:url\" content=\"https:\/\/espanola.lt\/en\/product\/sardines-saulegrazu-aliejuje-125g\/\" \/>\n<meta property=\"og:site_name\" content=\"Espanola\" \/>\n<meta property=\"article:publisher\" content=\"https:\/\/www.facebook.com\/espanola.lt\" \/>\n<meta property=\"article:modified_time\" content=\"2026-05-14T11:30:44+00:00\" \/>\n<meta property=\"og:image\" content=\"https:\/\/espanola.lt\/wp-content\/uploads\/2023\/03\/CATEGORIA_WEB-SARDINAS-GIRASOL-DUNIA-FOOD_1519566080.jpg\" \/>\n\t<meta property=\"og:image:width\" content=\"1000\" \/>\n\t<meta property=\"og:image:height\" content=\"1000\" \/>\n\t<meta property=\"og:image:type\" content=\"image\/jpeg\" \/>\n<meta name=\"twitter:card\" content=\"summary_large_image\" \/>\n<meta name=\"twitter:label1\" content=\"Est. reading time\" \/>\n\t<meta name=\"twitter:data1\" content=\"2 minutes\" \/>\n<script type=\"application\/ld+json\" class=\"yoast-schema-graph\">{\"@context\":\"https:\/\/schema.org\",\"@graph\":[{\"@type\":\"WebPage\",\"@id\":\"https:\/\/espanola.lt\/en\/product\/sardines-saulegrazu-aliejuje-125g\/\",\"url\":\"https:\/\/espanola.lt\/en\/product\/sardines-saulegrazu-aliejuje-125g\/\",\"name\":\"Sardin\u0117s saul\u0117gr\u0105\u017e\u0173 aliejuje 125g. | Espanola.lt\",\"isPartOf\":{\"@id\":\"https:\/\/espanola.lt\/#website\"},\"primaryImageOfPage\":{\"@id\":\"https:\/\/espanola.lt\/en\/product\/sardines-saulegrazu-aliejuje-125g\/#primaryimage\"},\"image\":{\"@id\":\"https:\/\/espanola.lt\/en\/product\/sardines-saulegrazu-aliejuje-125g\/#primaryimage\"},\"thumbnailUrl\":\"https:\/\/espanola.lt\/wp-content\/uploads\/2023\/03\/CATEGORIA_WEB-SARDINAS-GIRASOL-DUNIA-FOOD_1519566080.jpg\",\"datePublished\":\"2023-03-19T14:20:53+00:00\",\"dateModified\":\"2026-05-14T11:30:44+00:00\",\"description\":\"Atraskite auk\u0161tos kokyb\u0117s ispani\u0161kus delikatesus \u2013 s\u016brius, kumpius, alyvuoges ir \u017euv\u012f. Tikras Ispanijos skonis tiesiai \u012f j\u016bs\u0173 namus.\",\"breadcrumb\":{\"@id\":\"https:\/\/espanola.lt\/en\/product\/sardines-saulegrazu-aliejuje-125g\/#breadcrumb\"},\"inLanguage\":\"en-US\",\"potentialAction\":[{\"@type\":\"ReadAction\",\"target\":[\"https:\/\/espanola.lt\/en\/product\/sardines-saulegrazu-aliejuje-125g\/\"]}]},{\"@type\":\"ImageObject\",\"inLanguage\":\"en-US\",\"@id\":\"https:\/\/espanola.lt\/en\/product\/sardines-saulegrazu-aliejuje-125g\/#primaryimage\",\"url\":\"https:\/\/espanola.lt\/wp-content\/uploads\/2023\/03\/CATEGORIA_WEB-SARDINAS-GIRASOL-DUNIA-FOOD_1519566080.jpg\",\"contentUrl\":\"https:\/\/espanola.lt\/wp-content\/uploads\/2023\/03\/CATEGORIA_WEB-SARDINAS-GIRASOL-DUNIA-FOOD_1519566080.jpg\",\"width\":1000,\"height\":1000},{\"@type\":\"BreadcrumbList\",\"@id\":\"https:\/\/espanola.lt\/en\/product\/sardines-saulegrazu-aliejuje-125g\/#breadcrumb\",\"itemListElement\":[{\"@type\":\"ListItem\",\"position\":1,\"name\":\"Home\",\"item\":\"https:\/\/espanola.lt\/en\/homepage\/\"},{\"@type\":\"ListItem\",\"position\":2,\"name\":\"Shop\",\"item\":\"https:\/\/espanola.lt\/en\/shop\/\"},{\"@type\":\"ListItem\",\"position\":3,\"name\":\"Sardin\u0117s saul\u0117gr\u0105\u017e\u0173 aliejuje 125g.\"}]},{\"@type\":\"WebSite\",\"@id\":\"https:\/\/espanola.lt\/#website\",\"url\":\"https:\/\/espanola.lt\/\",\"name\":\"Espanola.lt | Tikras Ispanijos skonis \u2013 J\u016bs\u0173 namuose!\",\"description\":\"\",\"publisher\":{\"@id\":\"https:\/\/espanola.lt\/#organization\"},\"potentialAction\":[{\"@type\":\"SearchAction\",\"target\":{\"@type\":\"EntryPoint\",\"urlTemplate\":\"https:\/\/espanola.lt\/?s={search_term_string}\"},\"query-input\":{\"@type\":\"PropertyValueSpecification\",\"valueRequired\":true,\"valueName\":\"search_term_string\"}}],\"inLanguage\":\"en-US\"},{\"@type\":\"Organization\",\"@id\":\"https:\/\/espanola.lt\/#organization\",\"name\":\"Espanola.lt\",\"url\":\"https:\/\/espanola.lt\/\",\"logo\":{\"@type\":\"ImageObject\",\"inLanguage\":\"en-US\",\"@id\":\"https:\/\/espanola.lt\/#\/schema\/logo\/image\/\",\"url\":\"https:\/\/espanola.lt\/wp-content\/uploads\/2023\/03\/notext_color.png\",\"contentUrl\":\"https:\/\/espanola.lt\/wp-content\/uploads\/2023\/03\/notext_color.png\",\"width\":916,\"height\":204,\"caption\":\"Espanola.lt\"},\"image\":{\"@id\":\"https:\/\/espanola.lt\/#\/schema\/logo\/image\/\"},\"sameAs\":[\"https:\/\/www.facebook.com\/espanola.lt\",\"https:\/\/www.instagram.com\/espanola.lt\/\"]}]}<\/script>\n<!-- \/ Yoast SEO plugin. -->","yoast_head_json":{"title":"Sardin\u0117s saul\u0117gr\u0105\u017e\u0173 aliejuje 125g. | Espanola.lt","description":"Atraskite auk\u0161tos kokyb\u0117s ispani\u0161kus delikatesus \u2013 s\u016brius, kumpius, alyvuoges ir \u017euv\u012f. Tikras Ispanijos skonis tiesiai \u012f j\u016bs\u0173 namus.","robots":{"index":"index","follow":"follow","max-snippet":"max-snippet:-1","max-image-preview":"max-image-preview:large","max-video-preview":"max-video-preview:-1"},"canonical":"https:\/\/espanola.lt\/en\/product\/sardines-saulegrazu-aliejuje-125g\/","og_locale":"en_US","og_type":"article","og_title":"Sardin\u0117s saul\u0117gr\u0105\u017e\u0173 aliejuje 125g. | Espanola.lt","og_description":"Atraskite auk\u0161tos kokyb\u0117s ispani\u0161kus delikatesus \u2013 s\u016brius, kumpius, alyvuoges ir \u017euv\u012f. Tikras Ispanijos skonis tiesiai \u012f j\u016bs\u0173 namus.","og_url":"https:\/\/espanola.lt\/en\/product\/sardines-saulegrazu-aliejuje-125g\/","og_site_name":"Espanola","article_publisher":"https:\/\/www.facebook.com\/espanola.lt","article_modified_time":"2026-05-14T11:30:44+00:00","og_image":[{"width":1000,"height":1000,"url":"https:\/\/espanola.lt\/wp-content\/uploads\/2023\/03\/CATEGORIA_WEB-SARDINAS-GIRASOL-DUNIA-FOOD_1519566080.jpg","type":"image\/jpeg"}],"twitter_card":"summary_large_image","twitter_misc":{"Est. reading time":"2 minutes"},"schema":{"@context":"https:\/\/schema.org","@graph":[{"@type":"WebPage","@id":"https:\/\/espanola.lt\/en\/product\/sardines-saulegrazu-aliejuje-125g\/","url":"https:\/\/espanola.lt\/en\/product\/sardines-saulegrazu-aliejuje-125g\/","name":"Sardin\u0117s saul\u0117gr\u0105\u017e\u0173 aliejuje 125g. | Espanola.lt","isPartOf":{"@id":"https:\/\/espanola.lt\/#website"},"primaryImageOfPage":{"@id":"https:\/\/espanola.lt\/en\/product\/sardines-saulegrazu-aliejuje-125g\/#primaryimage"},"image":{"@id":"https:\/\/espanola.lt\/en\/product\/sardines-saulegrazu-aliejuje-125g\/#primaryimage"},"thumbnailUrl":"https:\/\/espanola.lt\/wp-content\/uploads\/2023\/03\/CATEGORIA_WEB-SARDINAS-GIRASOL-DUNIA-FOOD_1519566080.jpg","datePublished":"2023-03-19T14:20:53+00:00","dateModified":"2026-05-14T11:30:44+00:00","description":"Atraskite auk\u0161tos kokyb\u0117s ispani\u0161kus delikatesus \u2013 s\u016brius, kumpius, alyvuoges ir \u017euv\u012f. Tikras Ispanijos skonis tiesiai \u012f j\u016bs\u0173 namus.","breadcrumb":{"@id":"https:\/\/espanola.lt\/en\/product\/sardines-saulegrazu-aliejuje-125g\/#breadcrumb"},"inLanguage":"en-US","potentialAction":[{"@type":"ReadAction","target":["https:\/\/espanola.lt\/en\/product\/sardines-saulegrazu-aliejuje-125g\/"]}]},{"@type":"ImageObject","inLanguage":"en-US","@id":"https:\/\/espanola.lt\/en\/product\/sardines-saulegrazu-aliejuje-125g\/#primaryimage","url":"https:\/\/espanola.lt\/wp-content\/uploads\/2023\/03\/CATEGORIA_WEB-SARDINAS-GIRASOL-DUNIA-FOOD_1519566080.jpg","contentUrl":"https:\/\/espanola.lt\/wp-content\/uploads\/2023\/03\/CATEGORIA_WEB-SARDINAS-GIRASOL-DUNIA-FOOD_1519566080.jpg","width":1000,"height":1000},{"@type":"BreadcrumbList","@id":"https:\/\/espanola.lt\/en\/product\/sardines-saulegrazu-aliejuje-125g\/#breadcrumb","itemListElement":[{"@type":"ListItem","position":1,"name":"Home","item":"https:\/\/espanola.lt\/en\/homepage\/"},{"@type":"ListItem","position":2,"name":"Shop","item":"https:\/\/espanola.lt\/en\/shop\/"},{"@type":"ListItem","position":3,"name":"Sardin\u0117s saul\u0117gr\u0105\u017e\u0173 aliejuje 125g."}]},{"@type":"WebSite","@id":"https:\/\/espanola.lt\/#website","url":"https:\/\/espanola.lt\/","name":"Espanola.lt | Tikras Ispanijos skonis \u2013 J\u016bs\u0173 namuose!","description":"","publisher":{"@id":"https:\/\/espanola.lt\/#organization"},"potentialAction":[{"@type":"SearchAction","target":{"@type":"EntryPoint","urlTemplate":"https:\/\/espanola.lt\/?s={search_term_string}"},"query-input":{"@type":"PropertyValueSpecification","valueRequired":true,"valueName":"search_term_string"}}],"inLanguage":"en-US"},{"@type":"Organization","@id":"https:\/\/espanola.lt\/#organization","name":"Espanola.lt","url":"https:\/\/espanola.lt\/","logo":{"@type":"ImageObject","inLanguage":"en-US","@id":"https:\/\/espanola.lt\/#\/schema\/logo\/image\/","url":"https:\/\/espanola.lt\/wp-content\/uploads\/2023\/03\/notext_color.png","contentUrl":"https:\/\/espanola.lt\/wp-content\/uploads\/2023\/03\/notext_color.png","width":916,"height":204,"caption":"Espanola.lt"},"image":{"@id":"https:\/\/espanola.lt\/#\/schema\/logo\/image\/"},"sameAs":["https:\/\/www.facebook.com\/espanola.lt","https:\/\/www.instagram.com\/espanola.lt\/"]}]}},"_links":{"self":[{"href":"https:\/\/espanola.lt\/en\/wp-json\/wp\/v2\/product\/21688"}],"collection":[{"href":"https:\/\/espanola.lt\/en\/wp-json\/wp\/v2\/product"}],"about":[{"href":"https:\/\/espanola.lt\/en\/wp-json\/wp\/v2\/types\/product"}],"version-history":[{"count":4,"href":"https:\/\/espanola.lt\/en\/wp-json\/wp\/v2\/product\/21688\/revisions"}],"predecessor-version":[{"id":26263,"href":"https:\/\/espanola.lt\/en\/wp-json\/wp\/v2\/product\/21688\/revisions\/26263"}],"wp:featuredmedia":[{"embeddable":true,"href":"https:\/\/espanola.lt\/en\/wp-json\/wp\/v2\/media\/21762"}],"wp:attachment":[{"href":"https:\/\/espanola.lt\/en\/wp-json\/wp\/v2\/media?parent=21688"}],"wp:term":[{"taxonomy":"product_brand","embeddable":true,"href":"https:\/\/espanola.lt\/en\/wp-json\/wp\/v2\/product_brand?post=21688"},{"taxonomy":"product_cat","embeddable":true,"href":"https:\/\/espanola.lt\/en\/wp-json\/wp\/v2\/product_cat?post=21688"},{"taxonomy":"product_tag","embeddable":true,"href":"https:\/\/espanola.lt\/en\/wp-json\/wp\/v2\/product_tag?post=21688"}],"curies":[{"name":"wp","href":"https:\/\/api.w.org\/{rel}","templated":true}]}}