{"id":21591,"date":"2023-03-19T14:20:06","date_gmt":"2023-03-19T14:20:06","guid":{"rendered":"https:\/\/espanola.signus.agency\/?post_type=product&#038;p=21591"},"modified":"2026-02-09T09:16:25","modified_gmt":"2026-02-09T09:16:25","slug":"tunas-alyvuogiu-aliejuje-vakumuota-65-g","status":"publish","type":"product","link":"https:\/\/espanola.lt\/en\/product\/tunas-alyvuogiu-aliejuje-vakumuota-65-g\/","title":{"rendered":"Tunas alyvuogi\u0173 aliejuje (vakumuota) &#8211; 65 g"},"content":{"rendered":"<p data-start=\"173\" data-end=\"456\">Atraskite \u201eEl At\u00fan Dunia\u201c tun\u0105 \u2013 auk\u0161tos kokyb\u0117s tun\u0105 su alyvuogi\u0173 aliejumi, pristatom\u0105 inovatyvioje mai\u0161elio (pouch) pakuot\u0117je. \u0160i pakuot\u0117 turi net <strong data-start=\"343\" data-end=\"360\">95 % produkto<\/strong>, palyginti su \u012fprastin\u0117mis skardin\u0117mis, tod\u0117l j\u016bs gaunate daugiau tuno u\u017e patrauklesn\u0119 kain\u0105.<\/p>\n<p data-start=\"458\" data-end=\"488\"><strong data-start=\"458\" data-end=\"486\">Pagrindiniai privalumai:<\/strong><\/p>\n<ul data-start=\"489\" data-end=\"901\">\n<li data-start=\"489\" data-end=\"585\">\n<p data-start=\"491\" data-end=\"585\"><strong data-start=\"491\" data-end=\"526\">Daugiau produkto, ma\u017eesn\u0117 kaina<\/strong> \u2013 mai\u0161elyje yra daugiau tuno nei tradicin\u0117je skardin\u0117je.<\/p>\n<\/li>\n<li data-start=\"586\" data-end=\"684\">\n<p data-start=\"588\" data-end=\"684\"><strong data-start=\"588\" data-end=\"616\">Be pried\u0173 ir konservant\u0173<\/strong> \u2013 tik nat\u016bralus tunas su alyvuogi\u0173 aliejumi arba pomidor\u0173 pada\u017eu.<\/p>\n<\/li>\n<li data-start=\"685\" data-end=\"797\">\n<p data-start=\"687\" data-end=\"797\"><strong data-start=\"687\" data-end=\"706\">Patogu ir saugu<\/strong> \u2013 mai\u0161elis lengvai atidaromas, nesukelia \u012fpjovim\u0173, patogus naudoti namuose ar kelion\u0117je.<\/p>\n<\/li>\n<li data-start=\"798\" data-end=\"901\">\n<p data-start=\"800\" data-end=\"901\"><strong data-start=\"800\" data-end=\"817\">Puikus skonis<\/strong> \u2013 gardus tunas, paruo\u0161tas valgyti tiesiogiai arba papildyti m\u0117gstamus patiekalus.<\/p>\n<\/li>\n<\/ul>\n<p data-start=\"903\" data-end=\"1019\">\u201eEl At\u00fan Dunia\u201c \u2013 tai sveika, skanu ir prakti\u0161ka alternatyva tradiciniam tunui, kuri\u0105 verta tur\u0117ti savo virtuv\u0117je.<\/p>\n<p data-start=\"903\" data-end=\"1019\">Sud\u0117tis: Tunas (\u017euvis), alyvuogi\u0173 aliejus. Maistin\u0117 vert\u0117: Vert\u0117s 100 g produkto Energin\u0117 vert\u0117\u00a0 689kj (164kcal) Riebalai 8,4 g (i\u0161 kuri\u0173 so\u010di\u0173j\u0173 riebal\u0173 r\u016bg\u0161\u010di\u0173 1,1 g), Angliavandeniai 0 g, Cukr\u016bs 0 g, Baltymai 22,3 g, Druska**\u00a0 2 g. (**Druska tik d\u0117l nat\u016braliai maiste esan\u010dio natrio.) Laikyti v\u0117sioje vietoje. Atidarius pakuot\u0119 laikyti \u0161aldytuve ir suvartoti per 48h. Partijos Nr.\/Geriausia suvartoti iki: \u017er. pakuot\u0119. Grynasis svoris 62 g. Gamintojas CONSERVAS HERSAL S.L.<\/p>\n","protected":false},"excerpt":{"rendered":"<p>Atraskite \u201eEl At\u00fan Dunia\u201c tun\u0105 \u2013 auk\u0161tos kokyb\u0117s tun\u0105 su alyvuogi\u0173 aliejumi, pristatom\u0105 inovatyvioje mai\u0161elio (pouch) pakuot\u0117je. \u0160i pakuot\u0117 turi net 95 % produkto, palyginti su \u012fprastin\u0117mis skardin\u0117mis, tod\u0117l j\u016bs gaunate daugiau tuno u\u017e patrauklesn\u0119 kain\u0105. Pagrindiniai privalumai: Daugiau produkto, ma\u017eesn\u0117 kaina \u2013 mai\u0161elyje yra daugiau tuno nei tradicin\u0117je skardin\u0117je. Be pried\u0173 ir konservant\u0173 \u2013 tik nat\u016bralus tunas su alyvuogi\u0173 aliejumi arba pomidor\u0173 pada\u017eu. Patogu ir saugu \u2013 mai\u0161elis lengvai atidaromas, nesukelia \u012fpjovim\u0173, patogus naudoti namuose ar kelion\u0117je. Puikus skonis \u2013 gardus tunas, paruo\u0161tas valgyti tiesiogiai arba papildyti m\u0117gstamus patiekalus. \u201eEl At\u00fan Dunia\u201c \u2013 tai sveika, skanu ir prakti\u0161ka alternatyva tradiciniam tunui, kuri\u0105 verta tur\u0117ti savo virtuv\u0117je. Sud\u0117tis: Tunas (\u017euvis), alyvuogi\u0173 aliejus. Maistin\u0117 vert\u0117: Vert\u0117s 100 g produkto Energin\u0117 vert\u0117\u00a0 689kj (164kcal) Riebalai 8,4 g (i\u0161 kuri\u0173 so\u010di\u0173j\u0173 riebal\u0173 r\u016bg\u0161\u010di\u0173 1,1 g), Angliavandeniai 0 g, Cukr\u016bs 0 g, Baltymai 22,3 g, Druska**\u00a0 2 g. (**Druska tik d\u0117l nat\u016braliai maiste esan\u010dio natrio.) Laikyti v\u0117sioje vietoje. Atidarius pakuot\u0119 laikyti \u0161aldytuve ir suvartoti per 48h. Partijos Nr.\/Geriausia suvartoti iki: \u017er. pakuot\u0119. Grynasis svoris 62 g. Gamintojas CONSERVAS HERSAL S.L.<\/p>\n","protected":false},"featured_media":27002,"template":"","meta":[],"product_brand":[],"product_cat":[86,90,91,99],"product_tag":[],"class_list":{"0":"post-21591","1":"product","2":"type-product","3":"status-publish","4":"has-post-thumbnail","6":"product_cat-mazmenine","7":"product_cat-zuvis","8":"product_cat-zuvis-mazmenine","9":"product_cat-zuvis-horeca","11":"first","12":"instock","13":"shipping-taxable","14":"purchasable","15":"product-type-simple"},"yoast_head":"<!-- This site is optimized with the Yoast SEO plugin v23.7 - https:\/\/yoast.com\/wordpress\/plugins\/seo\/ -->\n<title>Tunas alyvuogi\u0173 aliejuje (vakumuota) - 65 g | Espanola.lt<\/title>\n<meta name=\"description\" content=\"Atraskite auk\u0161tos kokyb\u0117s ispani\u0161kus delikatesus \u2013 s\u016brius, kumpius, alyvuoges ir \u017euv\u012f. Tikras Ispanijos skonis tiesiai \u012f j\u016bs\u0173 namus.\" \/>\n<meta name=\"robots\" content=\"index, follow, max-snippet:-1, max-image-preview:large, max-video-preview:-1\" \/>\n<link rel=\"canonical\" href=\"https:\/\/espanola.lt\/en\/product\/tunas-alyvuogiu-aliejuje-vakumuota-65-g\/\" \/>\n<meta property=\"og:locale\" content=\"en_US\" \/>\n<meta property=\"og:type\" content=\"article\" \/>\n<meta property=\"og:title\" content=\"Tunas alyvuogi\u0173 aliejuje (vakumuota) - 65 g | Espanola.lt\" \/>\n<meta property=\"og:description\" content=\"Atraskite auk\u0161tos kokyb\u0117s ispani\u0161kus delikatesus \u2013 s\u016brius, kumpius, alyvuoges ir \u017euv\u012f. Tikras Ispanijos skonis tiesiai \u012f j\u016bs\u0173 namus.\" \/>\n<meta property=\"og:url\" content=\"https:\/\/espanola.lt\/en\/product\/tunas-alyvuogiu-aliejuje-vakumuota-65-g\/\" \/>\n<meta property=\"og:site_name\" content=\"Espanola\" \/>\n<meta property=\"article:publisher\" content=\"https:\/\/www.facebook.com\/espanola.lt\" \/>\n<meta property=\"article:modified_time\" content=\"2026-02-09T09:16:25+00:00\" \/>\n<meta property=\"og:image\" content=\"https:\/\/espanola.lt\/wp-content\/uploads\/2023\/03\/DUNIA-BOLSA-ATUN-AC-OL-65GR-copia-1-283x300.jpg-1.webp\" \/>\n\t<meta property=\"og:image:width\" content=\"283\" \/>\n\t<meta property=\"og:image:height\" content=\"300\" \/>\n\t<meta property=\"og:image:type\" content=\"image\/webp\" \/>\n<meta name=\"twitter:card\" content=\"summary_large_image\" \/>\n<meta name=\"twitter:label1\" content=\"Est. reading time\" \/>\n\t<meta name=\"twitter:data1\" content=\"2 minutes\" \/>\n<script type=\"application\/ld+json\" class=\"yoast-schema-graph\">{\"@context\":\"https:\/\/schema.org\",\"@graph\":[{\"@type\":\"WebPage\",\"@id\":\"https:\/\/espanola.lt\/en\/product\/tunas-alyvuogiu-aliejuje-vakumuota-65-g\/\",\"url\":\"https:\/\/espanola.lt\/en\/product\/tunas-alyvuogiu-aliejuje-vakumuota-65-g\/\",\"name\":\"Tunas alyvuogi\u0173 aliejuje (vakumuota) - 65 g | Espanola.lt\",\"isPartOf\":{\"@id\":\"https:\/\/espanola.lt\/#website\"},\"primaryImageOfPage\":{\"@id\":\"https:\/\/espanola.lt\/en\/product\/tunas-alyvuogiu-aliejuje-vakumuota-65-g\/#primaryimage\"},\"image\":{\"@id\":\"https:\/\/espanola.lt\/en\/product\/tunas-alyvuogiu-aliejuje-vakumuota-65-g\/#primaryimage\"},\"thumbnailUrl\":\"https:\/\/espanola.lt\/wp-content\/uploads\/2023\/03\/DUNIA-BOLSA-ATUN-AC-OL-65GR-copia-1-283x300.jpg-1.webp\",\"datePublished\":\"2023-03-19T14:20:06+00:00\",\"dateModified\":\"2026-02-09T09:16:25+00:00\",\"description\":\"Atraskite auk\u0161tos kokyb\u0117s ispani\u0161kus delikatesus \u2013 s\u016brius, kumpius, alyvuoges ir \u017euv\u012f. Tikras Ispanijos skonis tiesiai \u012f j\u016bs\u0173 namus.\",\"breadcrumb\":{\"@id\":\"https:\/\/espanola.lt\/en\/product\/tunas-alyvuogiu-aliejuje-vakumuota-65-g\/#breadcrumb\"},\"inLanguage\":\"en-US\",\"potentialAction\":[{\"@type\":\"ReadAction\",\"target\":[\"https:\/\/espanola.lt\/en\/product\/tunas-alyvuogiu-aliejuje-vakumuota-65-g\/\"]}]},{\"@type\":\"ImageObject\",\"inLanguage\":\"en-US\",\"@id\":\"https:\/\/espanola.lt\/en\/product\/tunas-alyvuogiu-aliejuje-vakumuota-65-g\/#primaryimage\",\"url\":\"https:\/\/espanola.lt\/wp-content\/uploads\/2023\/03\/DUNIA-BOLSA-ATUN-AC-OL-65GR-copia-1-283x300.jpg-1.webp\",\"contentUrl\":\"https:\/\/espanola.lt\/wp-content\/uploads\/2023\/03\/DUNIA-BOLSA-ATUN-AC-OL-65GR-copia-1-283x300.jpg-1.webp\",\"width\":283,\"height\":300},{\"@type\":\"BreadcrumbList\",\"@id\":\"https:\/\/espanola.lt\/en\/product\/tunas-alyvuogiu-aliejuje-vakumuota-65-g\/#breadcrumb\",\"itemListElement\":[{\"@type\":\"ListItem\",\"position\":1,\"name\":\"Home\",\"item\":\"https:\/\/espanola.lt\/en\/homepage\/\"},{\"@type\":\"ListItem\",\"position\":2,\"name\":\"Shop\",\"item\":\"https:\/\/espanola.lt\/en\/shop\/\"},{\"@type\":\"ListItem\",\"position\":3,\"name\":\"Tunas alyvuogi\u0173 aliejuje (vakumuota) &#8211; 65 g\"}]},{\"@type\":\"WebSite\",\"@id\":\"https:\/\/espanola.lt\/#website\",\"url\":\"https:\/\/espanola.lt\/\",\"name\":\"Espanola.lt | Tikras Ispanijos skonis \u2013 J\u016bs\u0173 namuose!\",\"description\":\"\",\"publisher\":{\"@id\":\"https:\/\/espanola.lt\/#organization\"},\"potentialAction\":[{\"@type\":\"SearchAction\",\"target\":{\"@type\":\"EntryPoint\",\"urlTemplate\":\"https:\/\/espanola.lt\/?s={search_term_string}\"},\"query-input\":{\"@type\":\"PropertyValueSpecification\",\"valueRequired\":true,\"valueName\":\"search_term_string\"}}],\"inLanguage\":\"en-US\"},{\"@type\":\"Organization\",\"@id\":\"https:\/\/espanola.lt\/#organization\",\"name\":\"Espanola.lt\",\"url\":\"https:\/\/espanola.lt\/\",\"logo\":{\"@type\":\"ImageObject\",\"inLanguage\":\"en-US\",\"@id\":\"https:\/\/espanola.lt\/#\/schema\/logo\/image\/\",\"url\":\"https:\/\/espanola.lt\/wp-content\/uploads\/2023\/03\/notext_color.png\",\"contentUrl\":\"https:\/\/espanola.lt\/wp-content\/uploads\/2023\/03\/notext_color.png\",\"width\":916,\"height\":204,\"caption\":\"Espanola.lt\"},\"image\":{\"@id\":\"https:\/\/espanola.lt\/#\/schema\/logo\/image\/\"},\"sameAs\":[\"https:\/\/www.facebook.com\/espanola.lt\",\"https:\/\/www.instagram.com\/espanola.lt\/\"]}]}<\/script>\n<!-- \/ Yoast SEO plugin. -->","yoast_head_json":{"title":"Tunas alyvuogi\u0173 aliejuje (vakumuota) - 65 g | Espanola.lt","description":"Atraskite auk\u0161tos kokyb\u0117s ispani\u0161kus delikatesus \u2013 s\u016brius, kumpius, alyvuoges ir \u017euv\u012f. Tikras Ispanijos skonis tiesiai \u012f j\u016bs\u0173 namus.","robots":{"index":"index","follow":"follow","max-snippet":"max-snippet:-1","max-image-preview":"max-image-preview:large","max-video-preview":"max-video-preview:-1"},"canonical":"https:\/\/espanola.lt\/en\/product\/tunas-alyvuogiu-aliejuje-vakumuota-65-g\/","og_locale":"en_US","og_type":"article","og_title":"Tunas alyvuogi\u0173 aliejuje (vakumuota) - 65 g | Espanola.lt","og_description":"Atraskite auk\u0161tos kokyb\u0117s ispani\u0161kus delikatesus \u2013 s\u016brius, kumpius, alyvuoges ir \u017euv\u012f. Tikras Ispanijos skonis tiesiai \u012f j\u016bs\u0173 namus.","og_url":"https:\/\/espanola.lt\/en\/product\/tunas-alyvuogiu-aliejuje-vakumuota-65-g\/","og_site_name":"Espanola","article_publisher":"https:\/\/www.facebook.com\/espanola.lt","article_modified_time":"2026-02-09T09:16:25+00:00","og_image":[{"width":283,"height":300,"url":"https:\/\/espanola.lt\/wp-content\/uploads\/2023\/03\/DUNIA-BOLSA-ATUN-AC-OL-65GR-copia-1-283x300.jpg-1.webp","type":"image\/webp"}],"twitter_card":"summary_large_image","twitter_misc":{"Est. reading time":"2 minutes"},"schema":{"@context":"https:\/\/schema.org","@graph":[{"@type":"WebPage","@id":"https:\/\/espanola.lt\/en\/product\/tunas-alyvuogiu-aliejuje-vakumuota-65-g\/","url":"https:\/\/espanola.lt\/en\/product\/tunas-alyvuogiu-aliejuje-vakumuota-65-g\/","name":"Tunas alyvuogi\u0173 aliejuje (vakumuota) - 65 g | Espanola.lt","isPartOf":{"@id":"https:\/\/espanola.lt\/#website"},"primaryImageOfPage":{"@id":"https:\/\/espanola.lt\/en\/product\/tunas-alyvuogiu-aliejuje-vakumuota-65-g\/#primaryimage"},"image":{"@id":"https:\/\/espanola.lt\/en\/product\/tunas-alyvuogiu-aliejuje-vakumuota-65-g\/#primaryimage"},"thumbnailUrl":"https:\/\/espanola.lt\/wp-content\/uploads\/2023\/03\/DUNIA-BOLSA-ATUN-AC-OL-65GR-copia-1-283x300.jpg-1.webp","datePublished":"2023-03-19T14:20:06+00:00","dateModified":"2026-02-09T09:16:25+00:00","description":"Atraskite auk\u0161tos kokyb\u0117s ispani\u0161kus delikatesus \u2013 s\u016brius, kumpius, alyvuoges ir \u017euv\u012f. Tikras Ispanijos skonis tiesiai \u012f j\u016bs\u0173 namus.","breadcrumb":{"@id":"https:\/\/espanola.lt\/en\/product\/tunas-alyvuogiu-aliejuje-vakumuota-65-g\/#breadcrumb"},"inLanguage":"en-US","potentialAction":[{"@type":"ReadAction","target":["https:\/\/espanola.lt\/en\/product\/tunas-alyvuogiu-aliejuje-vakumuota-65-g\/"]}]},{"@type":"ImageObject","inLanguage":"en-US","@id":"https:\/\/espanola.lt\/en\/product\/tunas-alyvuogiu-aliejuje-vakumuota-65-g\/#primaryimage","url":"https:\/\/espanola.lt\/wp-content\/uploads\/2023\/03\/DUNIA-BOLSA-ATUN-AC-OL-65GR-copia-1-283x300.jpg-1.webp","contentUrl":"https:\/\/espanola.lt\/wp-content\/uploads\/2023\/03\/DUNIA-BOLSA-ATUN-AC-OL-65GR-copia-1-283x300.jpg-1.webp","width":283,"height":300},{"@type":"BreadcrumbList","@id":"https:\/\/espanola.lt\/en\/product\/tunas-alyvuogiu-aliejuje-vakumuota-65-g\/#breadcrumb","itemListElement":[{"@type":"ListItem","position":1,"name":"Home","item":"https:\/\/espanola.lt\/en\/homepage\/"},{"@type":"ListItem","position":2,"name":"Shop","item":"https:\/\/espanola.lt\/en\/shop\/"},{"@type":"ListItem","position":3,"name":"Tunas alyvuogi\u0173 aliejuje (vakumuota) &#8211; 65 g"}]},{"@type":"WebSite","@id":"https:\/\/espanola.lt\/#website","url":"https:\/\/espanola.lt\/","name":"Espanola.lt | Tikras Ispanijos skonis \u2013 J\u016bs\u0173 namuose!","description":"","publisher":{"@id":"https:\/\/espanola.lt\/#organization"},"potentialAction":[{"@type":"SearchAction","target":{"@type":"EntryPoint","urlTemplate":"https:\/\/espanola.lt\/?s={search_term_string}"},"query-input":{"@type":"PropertyValueSpecification","valueRequired":true,"valueName":"search_term_string"}}],"inLanguage":"en-US"},{"@type":"Organization","@id":"https:\/\/espanola.lt\/#organization","name":"Espanola.lt","url":"https:\/\/espanola.lt\/","logo":{"@type":"ImageObject","inLanguage":"en-US","@id":"https:\/\/espanola.lt\/#\/schema\/logo\/image\/","url":"https:\/\/espanola.lt\/wp-content\/uploads\/2023\/03\/notext_color.png","contentUrl":"https:\/\/espanola.lt\/wp-content\/uploads\/2023\/03\/notext_color.png","width":916,"height":204,"caption":"Espanola.lt"},"image":{"@id":"https:\/\/espanola.lt\/#\/schema\/logo\/image\/"},"sameAs":["https:\/\/www.facebook.com\/espanola.lt","https:\/\/www.instagram.com\/espanola.lt\/"]}]}},"_links":{"self":[{"href":"https:\/\/espanola.lt\/en\/wp-json\/wp\/v2\/product\/21591"}],"collection":[{"href":"https:\/\/espanola.lt\/en\/wp-json\/wp\/v2\/product"}],"about":[{"href":"https:\/\/espanola.lt\/en\/wp-json\/wp\/v2\/types\/product"}],"version-history":[{"count":5,"href":"https:\/\/espanola.lt\/en\/wp-json\/wp\/v2\/product\/21591\/revisions"}],"predecessor-version":[{"id":27006,"href":"https:\/\/espanola.lt\/en\/wp-json\/wp\/v2\/product\/21591\/revisions\/27006"}],"wp:featuredmedia":[{"embeddable":true,"href":"https:\/\/espanola.lt\/en\/wp-json\/wp\/v2\/media\/27002"}],"wp:attachment":[{"href":"https:\/\/espanola.lt\/en\/wp-json\/wp\/v2\/media?parent=21591"}],"wp:term":[{"taxonomy":"product_brand","embeddable":true,"href":"https:\/\/espanola.lt\/en\/wp-json\/wp\/v2\/product_brand?post=21591"},{"taxonomy":"product_cat","embeddable":true,"href":"https:\/\/espanola.lt\/en\/wp-json\/wp\/v2\/product_cat?post=21591"},{"taxonomy":"product_tag","embeddable":true,"href":"https:\/\/espanola.lt\/en\/wp-json\/wp\/v2\/product_tag?post=21591"}],"curies":[{"name":"wp","href":"https:\/\/api.w.org\/{rel}","templated":true}]}}