{"id":21583,"date":"2023-03-19T14:20:06","date_gmt":"2023-03-19T14:20:06","guid":{"rendered":"https:\/\/espanola.signus.agency\/?post_type=product&#038;p=21583"},"modified":"2023-11-13T14:35:25","modified_gmt":"2023-11-13T14:35:25","slug":"pjaustyti-pievagrybiai-2500g","status":"publish","type":"product","link":"https:\/\/espanola.lt\/en\/product\/pjaustyti-pievagrybiai-2500g\/","title":{"rendered":"Pjaustyti pievagrybiai 2500g."},"content":{"rendered":"","protected":false},"excerpt":{"rendered":"<p>Sud\u0117tis: Pievagrybiai, vanduo, druska, citrin\u0173 r\u016bg\u0161tis, askorbo r\u016bg\u0161tis. Maistin\u0117 vert\u0117: Vert\u0117s 100 g produkto Energin\u0117 vert\u0117 52 kj ( 12 kcal) Riebalai 0,0 g (i\u0161 kuri\u0173 so\u010di\u0173j\u0173 riebal\u0173 r\u016bg\u0161\u010di\u0173 0 g.), Angliavandeniai 1,0 g., i\u0161 kuri\u0173 Cukr\u016bs 0,0 g., Skaidulin\u0117s med\u017eiagos 1,5 g., Baltymai 1,2 g, Druska 0,6 g. Laikyti tamsioje v\u0117sioje vietoje, atidarius pakuot\u0119 laikyti \u0161aldytuve ir suvartoti per 48 valandas. Partijos Nr.\/Geriausia suvartoti iki: \u017er. pakuot\u0119. Grynasis kiekis 1330 g. Gamintojas CONSERVAS HERSAL S.L.<\/p>\n","protected":false},"featured_media":21638,"template":"","meta":[],"product_brand":[],"product_cat":[133,85,89,88],"product_tag":[],"class_list":{"0":"post-21583","1":"product","2":"type-product","3":"status-publish","4":"has-post-thumbnail","6":"product_cat-akcijoos-en","7":"product_cat-darzoves","8":"product_cat-darzoves-horeca","9":"product_cat-horeca","11":"first","12":"instock","13":"sale","14":"shipping-taxable","15":"purchasable","16":"product-type-simple"},"yoast_head":"<!-- This site is optimized with the Yoast SEO plugin v23.7 - https:\/\/yoast.com\/wordpress\/plugins\/seo\/ -->\n<title>Pjaustyti pievagrybiai 2500g. | Espanola.lt<\/title>\n<meta name=\"description\" content=\"Atraskite auk\u0161tos kokyb\u0117s ispani\u0161kus delikatesus \u2013 s\u016brius, kumpius, alyvuoges ir \u017euv\u012f. Tikras Ispanijos skonis tiesiai \u012f j\u016bs\u0173 namus.\" \/>\n<meta name=\"robots\" content=\"index, follow, max-snippet:-1, max-image-preview:large, max-video-preview:-1\" \/>\n<link rel=\"canonical\" href=\"https:\/\/espanola.lt\/en\/product\/pjaustyti-pievagrybiai-2500g\/\" \/>\n<meta property=\"og:locale\" content=\"en_US\" \/>\n<meta property=\"og:type\" content=\"article\" \/>\n<meta property=\"og:title\" content=\"Pjaustyti pievagrybiai 2500g. | Espanola.lt\" \/>\n<meta property=\"og:description\" content=\"Atraskite auk\u0161tos kokyb\u0117s ispani\u0161kus delikatesus \u2013 s\u016brius, kumpius, alyvuoges ir \u017euv\u012f. Tikras Ispanijos skonis tiesiai \u012f j\u016bs\u0173 namus.\" \/>\n<meta property=\"og:url\" content=\"https:\/\/espanola.lt\/en\/product\/pjaustyti-pievagrybiai-2500g\/\" \/>\n<meta property=\"og:site_name\" content=\"Espanola\" \/>\n<meta property=\"article:publisher\" content=\"https:\/\/www.facebook.com\/espanola.lt\" \/>\n<meta property=\"article:modified_time\" content=\"2023-11-13T14:35:25+00:00\" \/>\n<meta property=\"og:image\" content=\"https:\/\/espanola.lt\/wp-content\/uploads\/2023\/03\/CATEGORIA_CHAMPIN\u00a6aON-LAMINADO-HERSAN-2_1504803094.jpg\" \/>\n\t<meta property=\"og:image:width\" content=\"1000\" \/>\n\t<meta property=\"og:image:height\" content=\"1000\" \/>\n\t<meta property=\"og:image:type\" content=\"image\/jpeg\" \/>\n<meta name=\"twitter:card\" content=\"summary_large_image\" \/>\n<script type=\"application\/ld+json\" class=\"yoast-schema-graph\">{\"@context\":\"https:\/\/schema.org\",\"@graph\":[{\"@type\":\"WebPage\",\"@id\":\"https:\/\/espanola.lt\/en\/product\/pjaustyti-pievagrybiai-2500g\/\",\"url\":\"https:\/\/espanola.lt\/en\/product\/pjaustyti-pievagrybiai-2500g\/\",\"name\":\"Pjaustyti pievagrybiai 2500g. | Espanola.lt\",\"isPartOf\":{\"@id\":\"https:\/\/espanola.lt\/#website\"},\"primaryImageOfPage\":{\"@id\":\"https:\/\/espanola.lt\/en\/product\/pjaustyti-pievagrybiai-2500g\/#primaryimage\"},\"image\":{\"@id\":\"https:\/\/espanola.lt\/en\/product\/pjaustyti-pievagrybiai-2500g\/#primaryimage\"},\"thumbnailUrl\":\"https:\/\/espanola.lt\/wp-content\/uploads\/2023\/03\/CATEGORIA_CHAMPIN\u00a6aON-LAMINADO-HERSAN-2_1504803094.jpg\",\"datePublished\":\"2023-03-19T14:20:06+00:00\",\"dateModified\":\"2023-11-13T14:35:25+00:00\",\"description\":\"Atraskite auk\u0161tos kokyb\u0117s ispani\u0161kus delikatesus \u2013 s\u016brius, kumpius, alyvuoges ir \u017euv\u012f. Tikras Ispanijos skonis tiesiai \u012f j\u016bs\u0173 namus.\",\"breadcrumb\":{\"@id\":\"https:\/\/espanola.lt\/en\/product\/pjaustyti-pievagrybiai-2500g\/#breadcrumb\"},\"inLanguage\":\"en-US\",\"potentialAction\":[{\"@type\":\"ReadAction\",\"target\":[\"https:\/\/espanola.lt\/en\/product\/pjaustyti-pievagrybiai-2500g\/\"]}]},{\"@type\":\"ImageObject\",\"inLanguage\":\"en-US\",\"@id\":\"https:\/\/espanola.lt\/en\/product\/pjaustyti-pievagrybiai-2500g\/#primaryimage\",\"url\":\"https:\/\/espanola.lt\/wp-content\/uploads\/2023\/03\/CATEGORIA_CHAMPIN\u00a6aON-LAMINADO-HERSAN-2_1504803094.jpg\",\"contentUrl\":\"https:\/\/espanola.lt\/wp-content\/uploads\/2023\/03\/CATEGORIA_CHAMPIN\u00a6aON-LAMINADO-HERSAN-2_1504803094.jpg\",\"width\":1000,\"height\":1000},{\"@type\":\"BreadcrumbList\",\"@id\":\"https:\/\/espanola.lt\/en\/product\/pjaustyti-pievagrybiai-2500g\/#breadcrumb\",\"itemListElement\":[{\"@type\":\"ListItem\",\"position\":1,\"name\":\"Home\",\"item\":\"https:\/\/espanola.lt\/en\/homepage\/\"},{\"@type\":\"ListItem\",\"position\":2,\"name\":\"Shop\",\"item\":\"https:\/\/espanola.lt\/en\/shop\/\"},{\"@type\":\"ListItem\",\"position\":3,\"name\":\"Pjaustyti pievagrybiai 2500g.\"}]},{\"@type\":\"WebSite\",\"@id\":\"https:\/\/espanola.lt\/#website\",\"url\":\"https:\/\/espanola.lt\/\",\"name\":\"Espanola.lt | Tikras Ispanijos skonis \u2013 J\u016bs\u0173 namuose!\",\"description\":\"\",\"publisher\":{\"@id\":\"https:\/\/espanola.lt\/#organization\"},\"potentialAction\":[{\"@type\":\"SearchAction\",\"target\":{\"@type\":\"EntryPoint\",\"urlTemplate\":\"https:\/\/espanola.lt\/?s={search_term_string}\"},\"query-input\":{\"@type\":\"PropertyValueSpecification\",\"valueRequired\":true,\"valueName\":\"search_term_string\"}}],\"inLanguage\":\"en-US\"},{\"@type\":\"Organization\",\"@id\":\"https:\/\/espanola.lt\/#organization\",\"name\":\"Espanola.lt\",\"url\":\"https:\/\/espanola.lt\/\",\"logo\":{\"@type\":\"ImageObject\",\"inLanguage\":\"en-US\",\"@id\":\"https:\/\/espanola.lt\/#\/schema\/logo\/image\/\",\"url\":\"https:\/\/espanola.lt\/wp-content\/uploads\/2023\/03\/notext_color.png\",\"contentUrl\":\"https:\/\/espanola.lt\/wp-content\/uploads\/2023\/03\/notext_color.png\",\"width\":916,\"height\":204,\"caption\":\"Espanola.lt\"},\"image\":{\"@id\":\"https:\/\/espanola.lt\/#\/schema\/logo\/image\/\"},\"sameAs\":[\"https:\/\/www.facebook.com\/espanola.lt\",\"https:\/\/www.instagram.com\/espanola.lt\/\"]}]}<\/script>\n<!-- \/ Yoast SEO plugin. -->","yoast_head_json":{"title":"Pjaustyti pievagrybiai 2500g. | Espanola.lt","description":"Atraskite auk\u0161tos kokyb\u0117s ispani\u0161kus delikatesus \u2013 s\u016brius, kumpius, alyvuoges ir \u017euv\u012f. Tikras Ispanijos skonis tiesiai \u012f j\u016bs\u0173 namus.","robots":{"index":"index","follow":"follow","max-snippet":"max-snippet:-1","max-image-preview":"max-image-preview:large","max-video-preview":"max-video-preview:-1"},"canonical":"https:\/\/espanola.lt\/en\/product\/pjaustyti-pievagrybiai-2500g\/","og_locale":"en_US","og_type":"article","og_title":"Pjaustyti pievagrybiai 2500g. | Espanola.lt","og_description":"Atraskite auk\u0161tos kokyb\u0117s ispani\u0161kus delikatesus \u2013 s\u016brius, kumpius, alyvuoges ir \u017euv\u012f. Tikras Ispanijos skonis tiesiai \u012f j\u016bs\u0173 namus.","og_url":"https:\/\/espanola.lt\/en\/product\/pjaustyti-pievagrybiai-2500g\/","og_site_name":"Espanola","article_publisher":"https:\/\/www.facebook.com\/espanola.lt","article_modified_time":"2023-11-13T14:35:25+00:00","og_image":[{"width":1000,"height":1000,"url":"https:\/\/espanola.lt\/wp-content\/uploads\/2023\/03\/CATEGORIA_CHAMPIN\u00a6aON-LAMINADO-HERSAN-2_1504803094.jpg","type":"image\/jpeg"}],"twitter_card":"summary_large_image","schema":{"@context":"https:\/\/schema.org","@graph":[{"@type":"WebPage","@id":"https:\/\/espanola.lt\/en\/product\/pjaustyti-pievagrybiai-2500g\/","url":"https:\/\/espanola.lt\/en\/product\/pjaustyti-pievagrybiai-2500g\/","name":"Pjaustyti pievagrybiai 2500g. | Espanola.lt","isPartOf":{"@id":"https:\/\/espanola.lt\/#website"},"primaryImageOfPage":{"@id":"https:\/\/espanola.lt\/en\/product\/pjaustyti-pievagrybiai-2500g\/#primaryimage"},"image":{"@id":"https:\/\/espanola.lt\/en\/product\/pjaustyti-pievagrybiai-2500g\/#primaryimage"},"thumbnailUrl":"https:\/\/espanola.lt\/wp-content\/uploads\/2023\/03\/CATEGORIA_CHAMPIN\u00a6aON-LAMINADO-HERSAN-2_1504803094.jpg","datePublished":"2023-03-19T14:20:06+00:00","dateModified":"2023-11-13T14:35:25+00:00","description":"Atraskite auk\u0161tos kokyb\u0117s ispani\u0161kus delikatesus \u2013 s\u016brius, kumpius, alyvuoges ir \u017euv\u012f. Tikras Ispanijos skonis tiesiai \u012f j\u016bs\u0173 namus.","breadcrumb":{"@id":"https:\/\/espanola.lt\/en\/product\/pjaustyti-pievagrybiai-2500g\/#breadcrumb"},"inLanguage":"en-US","potentialAction":[{"@type":"ReadAction","target":["https:\/\/espanola.lt\/en\/product\/pjaustyti-pievagrybiai-2500g\/"]}]},{"@type":"ImageObject","inLanguage":"en-US","@id":"https:\/\/espanola.lt\/en\/product\/pjaustyti-pievagrybiai-2500g\/#primaryimage","url":"https:\/\/espanola.lt\/wp-content\/uploads\/2023\/03\/CATEGORIA_CHAMPIN\u00a6aON-LAMINADO-HERSAN-2_1504803094.jpg","contentUrl":"https:\/\/espanola.lt\/wp-content\/uploads\/2023\/03\/CATEGORIA_CHAMPIN\u00a6aON-LAMINADO-HERSAN-2_1504803094.jpg","width":1000,"height":1000},{"@type":"BreadcrumbList","@id":"https:\/\/espanola.lt\/en\/product\/pjaustyti-pievagrybiai-2500g\/#breadcrumb","itemListElement":[{"@type":"ListItem","position":1,"name":"Home","item":"https:\/\/espanola.lt\/en\/homepage\/"},{"@type":"ListItem","position":2,"name":"Shop","item":"https:\/\/espanola.lt\/en\/shop\/"},{"@type":"ListItem","position":3,"name":"Pjaustyti pievagrybiai 2500g."}]},{"@type":"WebSite","@id":"https:\/\/espanola.lt\/#website","url":"https:\/\/espanola.lt\/","name":"Espanola.lt | Tikras Ispanijos skonis \u2013 J\u016bs\u0173 namuose!","description":"","publisher":{"@id":"https:\/\/espanola.lt\/#organization"},"potentialAction":[{"@type":"SearchAction","target":{"@type":"EntryPoint","urlTemplate":"https:\/\/espanola.lt\/?s={search_term_string}"},"query-input":{"@type":"PropertyValueSpecification","valueRequired":true,"valueName":"search_term_string"}}],"inLanguage":"en-US"},{"@type":"Organization","@id":"https:\/\/espanola.lt\/#organization","name":"Espanola.lt","url":"https:\/\/espanola.lt\/","logo":{"@type":"ImageObject","inLanguage":"en-US","@id":"https:\/\/espanola.lt\/#\/schema\/logo\/image\/","url":"https:\/\/espanola.lt\/wp-content\/uploads\/2023\/03\/notext_color.png","contentUrl":"https:\/\/espanola.lt\/wp-content\/uploads\/2023\/03\/notext_color.png","width":916,"height":204,"caption":"Espanola.lt"},"image":{"@id":"https:\/\/espanola.lt\/#\/schema\/logo\/image\/"},"sameAs":["https:\/\/www.facebook.com\/espanola.lt","https:\/\/www.instagram.com\/espanola.lt\/"]}]}},"_links":{"self":[{"href":"https:\/\/espanola.lt\/en\/wp-json\/wp\/v2\/product\/21583"}],"collection":[{"href":"https:\/\/espanola.lt\/en\/wp-json\/wp\/v2\/product"}],"about":[{"href":"https:\/\/espanola.lt\/en\/wp-json\/wp\/v2\/types\/product"}],"version-history":[{"count":1,"href":"https:\/\/espanola.lt\/en\/wp-json\/wp\/v2\/product\/21583\/revisions"}],"predecessor-version":[{"id":21639,"href":"https:\/\/espanola.lt\/en\/wp-json\/wp\/v2\/product\/21583\/revisions\/21639"}],"wp:featuredmedia":[{"embeddable":true,"href":"https:\/\/espanola.lt\/en\/wp-json\/wp\/v2\/media\/21638"}],"wp:attachment":[{"href":"https:\/\/espanola.lt\/en\/wp-json\/wp\/v2\/media?parent=21583"}],"wp:term":[{"taxonomy":"product_brand","embeddable":true,"href":"https:\/\/espanola.lt\/en\/wp-json\/wp\/v2\/product_brand?post=21583"},{"taxonomy":"product_cat","embeddable":true,"href":"https:\/\/espanola.lt\/en\/wp-json\/wp\/v2\/product_cat?post=21583"},{"taxonomy":"product_tag","embeddable":true,"href":"https:\/\/espanola.lt\/en\/wp-json\/wp\/v2\/product_tag?post=21583"}],"curies":[{"name":"wp","href":"https:\/\/api.w.org\/{rel}","templated":true}]}}